{"id":16277,"date":"2020-09-09T13:27:08","date_gmt":"2020-09-09T05:27:08","guid":{"rendered":"https:\/\/www.fjpremium.com\/?post_type=product&#038;p=16277"},"modified":"2023-10-10T09:49:50","modified_gmt":"2023-10-10T01:49:50","slug":"high-quality-lfh59-dms-59-to-dual-dvi-vga-female-y-splitter-graphics-card-monitor-cable","status":"publish","type":"product","link":"https:\/\/www.fjpremium.com\/es\/product\/high-quality-lfh59-dms-59-to-dual-dvi-vga-female-y-splitter-graphics-card-monitor-cable\/","title":{"rendered":"Cable divisor DMS 59 a doble VGA de alta calidad para monitor"},"content":{"rendered":"<p>Dise\u00f1ado por expertos para dar vida a cada p\u00edxel, el cable divide sin esfuerzo el v\u00eddeo de su tarjeta gr\u00e1fica LFH, permitiendo una conexi\u00f3n perfecta a dos monitores DisplayPort.<\/p>\n<p>Supongamos que utilizas una tarjeta gr\u00e1fica DMS \/ LFH 59 o DMS \/ LFH 60 de marcas de renombre como Matrox, NVIDIA, PNY, ATI o HP. En ese caso, garantiza la compatibilidad al tiempo que ofrece altas resoluciones que alcanzan las deslumbrantes cotas de 4k x 2k (3840 x 2160).<\/p>\n<p>Y con su robusta construcci\u00f3n moldeada y sus contactos chapados en oro, est\u00e1 hecho para durar, garantizando un uso a largo plazo sin degradaci\u00f3n de la se\u00f1al.<\/p>\n<p>Sus especificaciones:<\/p>\n<ul>\n<li>Conductor del cable: Cobre desnudo<\/li>\n<li>Aislamiento: PE SKIN\/HDPE espumado<\/li>\n<li>Calibre del cable: 28AWG<\/li>\n<li>Triple apantallado: par trenzado de papel de aluminio, papel de aluminio general, trenzado<\/li>\n<li>Carcasa: Moldeo por inyecci\u00f3n de pl\u00e1stico<\/li>\n<li>Cubierta: PVC<\/li>\n<li>Di\u00e1metro exterior: 7,3\u00b10,2 mm<\/li>\n<li>Conformidad: RoHS, REACH<\/li>\n<\/ul>\n<p>Adem\u00e1s, no se limita s\u00f3lo a DisplayPort. Ofrecemos un espectro de posibilidades de conexi\u00f3n, incluidos cables divisores DMS59 a HDMI dual, DVI dual, VGA dual y DVI+VGA.<\/p>\n<p>En resumen, p\u00f3ngase en contacto con nosotros hoy mismo y a\u00f1ada nuestro cable divisor DMS 59 a VGA doble a su inventario.<\/p>","protected":false},"excerpt":{"rendered":"<p>Sum\u00e9rgete en un mundo de sorprendente claridad visual y versatilidad con el cable divisor DMS 59 a VGA dual de alta calidad de FARSINCE, el puente perfecto para tarjetas gr\u00e1ficas y monitores.<\/p>","protected":false},"featured_media":16278,"template":"","meta":{"_acf_changed":false,"_seopress_robots_primary_cat":"","_seopress_titles_title":"DMS 59 to Dual VGA Splitter Cable for Monitor %%sep%% %%sitetitle%%","_seopress_titles_desc":"Dive into a world of stunning visual clarity and versatility with our DMS 59 to dual VGA splitter cable, the perfect bridge for graphics cards and monitors.","_seopress_robots_index":"","site-sidebar-layout":"default","site-content-layout":"default","ast-site-content-layout":"default","site-content-style":"default","site-sidebar-style":"default","ast-global-header-display":"","ast-banner-title-visibility":"","ast-main-header-display":"","ast-hfb-above-header-display":"","ast-hfb-below-header-display":"","ast-hfb-mobile-header-display":"","site-post-title":"","ast-breadcrumbs-content":"","ast-featured-img":"","footer-sml-layout":"","ast-disable-related-posts":"","theme-transparent-header-meta":"default","adv-header-id-meta":"","stick-header-meta":"","header-above-stick-meta":"","header-main-stick-meta":"","header-below-stick-meta":"","astra-migrate-meta-layouts":"set","ast-page-background-enabled":"default","ast-page-background-meta":{"desktop":{"background-color":"","background-image":"","background-repeat":"repeat","background-position":"center center","background-size":"auto","background-attachment":"scroll","background-type":"","background-media":"","overlay-type":"","overlay-color":"","overlay-opacity":"","overlay-gradient":""},"tablet":{"background-color":"","background-image":"","background-repeat":"repeat","background-position":"center center","background-size":"auto","background-attachment":"scroll","background-type":"","background-media":"","overlay-type":"","overlay-color":"","overlay-opacity":"","overlay-gradient":""},"mobile":{"background-color":"","background-image":"","background-repeat":"repeat","background-position":"center center","background-size":"auto","background-attachment":"scroll","background-type":"","background-media":"","overlay-type":"","overlay-color":"","overlay-opacity":"","overlay-gradient":""}},"ast-content-background-meta":{"desktop":{"background-color":"var(--ast-global-color-5)","background-image":"","background-repeat":"repeat","background-position":"center center","background-size":"auto","background-attachment":"scroll","background-type":"","background-media":"","overlay-type":"","overlay-color":"","overlay-opacity":"","overlay-gradient":""},"tablet":{"background-color":"var(--ast-global-color-5)","background-image":"","background-repeat":"repeat","background-position":"center center","background-size":"auto","background-attachment":"scroll","background-type":"","background-media":"","overlay-type":"","overlay-color":"","overlay-opacity":"","overlay-gradient":""},"mobile":{"background-color":"var(--ast-global-color-5)","background-image":"","background-repeat":"repeat","background-position":"center center","background-size":"auto","background-attachment":"scroll","background-type":"","background-media":"","overlay-type":"","overlay-color":"","overlay-opacity":"","overlay-gradient":""}},"iawp_total_views":19},"product_brand":[],"product_cat":[212],"product_tag":[],"class_list":{"0":"post-16277","1":"product","2":"type-product","3":"status-publish","4":"has-post-thumbnail","6":"product_cat-displayport","7":"desktop-align-left","8":"tablet-align-left","9":"mobile-align-left","11":"first","12":"instock","13":"shipping-taxable","14":"purchasable","15":"product-type-simple"},"acf":[],"_links":{"self":[{"href":"https:\/\/www.fjpremium.com\/es\/wp-json\/wp\/v2\/product\/16277","targetHints":{"allow":["GET"]}}],"collection":[{"href":"https:\/\/www.fjpremium.com\/es\/wp-json\/wp\/v2\/product"}],"about":[{"href":"https:\/\/www.fjpremium.com\/es\/wp-json\/wp\/v2\/types\/product"}],"wp:featuredmedia":[{"embeddable":true,"href":"https:\/\/www.fjpremium.com\/es\/wp-json\/wp\/v2\/media\/16278"}],"wp:attachment":[{"href":"https:\/\/www.fjpremium.com\/es\/wp-json\/wp\/v2\/media?parent=16277"}],"wp:term":[{"taxonomy":"product_brand","embeddable":true,"href":"https:\/\/www.fjpremium.com\/es\/wp-json\/wp\/v2\/product_brand?post=16277"},{"taxonomy":"product_cat","embeddable":true,"href":"https:\/\/www.fjpremium.com\/es\/wp-json\/wp\/v2\/product_cat?post=16277"},{"taxonomy":"product_tag","embeddable":true,"href":"https:\/\/www.fjpremium.com\/es\/wp-json\/wp\/v2\/product_tag?post=16277"}],"curies":[{"name":"wp","href":"https:\/\/api.w.org\/{rel}","templated":true}]}}