{"id":16227,"date":"2020-09-09T11:03:26","date_gmt":"2020-09-09T03:03:26","guid":{"rendered":"https:\/\/www.fjpremium.com\/?post_type=product&#038;p=16227"},"modified":"2023-12-22T16:24:54","modified_gmt":"2023-12-22T08:24:54","slug":"hdmi-to-av-converter","status":"publish","type":"product","link":"https:\/\/www.fjpremium.com\/es\/product\/hdmi-to-av-converter\/","title":{"rendered":"HDMI a 3 RCA AV Cable Video Audio AV Mini Convertidor con Gran Precio"},"content":{"rendered":"<p>Dise\u00f1ado meticulosamente para tender un puente entre lo moderno y lo cl\u00e1sico, nuestro conversor transforma sin esfuerzo se\u00f1ales de v\u00eddeo o audio HDMI de alta calidad en se\u00f1ales de v\u00eddeo compuesto AV (CVBS) y se\u00f1ales de audio est\u00e9reo FL\/FR de eficacia probada.<\/p>\n<p>Con \u00e9l, disfrutar\u00e1 de la claridad cristalina de los v\u00eddeos HDMI en las plataformas tradicionales, ya sea su televisor, su v\u00eddeo VHS o su grabadora de DVD. Adem\u00e1s, tanto si est\u00e1s en el espectro NTSC como PAL, te garantiza una compatibilidad impecable.<\/p>\n<p>Sus especificaciones:<\/p>\n<ul>\n<li>Dimensiones (mm): 66(P) x55(An) x20(Al);<\/li>\n<li>Wight (g): 40;<\/li>\n<li>Resoluci\u00f3n de entrada HDMI:<\/li>\n<\/ul>\n<p>640\u00d7480@60Hz,800\u00d7600@60Hz,<\/p>\n<p>1024\u00d7768@60Hz,1280\u00d7720@60Hz,<\/p>\n<p>1280\u00d71024@60Hz,1360\u00d7768@60Hz,<\/p>\n<p>1600\u00d71200@60Hz,1920\u00d71080@60Hz,<\/p>\n<p>480i\/60Hz, 480p\/60Hz, 576i\/60Hz, 576p\/60Hz,<\/p>\n<p>720p50\/60Hz,1080I50\/60Hz, 1080p50\/60Hz.<\/p>\n<p>Este cable HDMI a 3 RCA AV es compacto, pr\u00e1ctico y no requiere alimentaci\u00f3n externa, por lo que podr\u00e1 disfrutar al m\u00e1ximo de la conversi\u00f3n sin arruinarse. En resumen, p\u00f3ngase en contacto con nosotros hoy mismo e invierta en \u00e9l.<\/p>","protected":false},"excerpt":{"rendered":"<p>D\u00e9 rienda suelta a la potencia de una conectividad perfecta con el cable AV HDMI a 3 RCA de FARSINCE, que lleva las im\u00e1genes modernas a las plataformas tradicionales.<\/p>","protected":false},"featured_media":16247,"template":"","meta":{"_acf_changed":false,"_seopress_robots_primary_cat":"","_seopress_titles_title":"Best HDMI to 3 RCA AV Cable %%sep%% %%sitetitle%%","_seopress_titles_desc":"","_seopress_robots_index":"","site-sidebar-layout":"default","site-content-layout":"default","ast-site-content-layout":"default","site-content-style":"default","site-sidebar-style":"default","ast-global-header-display":"","ast-banner-title-visibility":"","ast-main-header-display":"","ast-hfb-above-header-display":"","ast-hfb-below-header-display":"","ast-hfb-mobile-header-display":"","site-post-title":"","ast-breadcrumbs-content":"","ast-featured-img":"","footer-sml-layout":"","ast-disable-related-posts":"","theme-transparent-header-meta":"default","adv-header-id-meta":"","stick-header-meta":"","header-above-stick-meta":"","header-main-stick-meta":"","header-below-stick-meta":"","astra-migrate-meta-layouts":"set","ast-page-background-enabled":"default","ast-page-background-meta":{"desktop":{"background-color":"","background-image":"","background-repeat":"repeat","background-position":"center center","background-size":"auto","background-attachment":"scroll","background-type":"","background-media":"","overlay-type":"","overlay-color":"","overlay-opacity":"","overlay-gradient":""},"tablet":{"background-color":"","background-image":"","background-repeat":"repeat","background-position":"center center","background-size":"auto","background-attachment":"scroll","background-type":"","background-media":"","overlay-type":"","overlay-color":"","overlay-opacity":"","overlay-gradient":""},"mobile":{"background-color":"","background-image":"","background-repeat":"repeat","background-position":"center center","background-size":"auto","background-attachment":"scroll","background-type":"","background-media":"","overlay-type":"","overlay-color":"","overlay-opacity":"","overlay-gradient":""}},"ast-content-background-meta":{"desktop":{"background-color":"var(--ast-global-color-5)","background-image":"","background-repeat":"repeat","background-position":"center center","background-size":"auto","background-attachment":"scroll","background-type":"","background-media":"","overlay-type":"","overlay-color":"","overlay-opacity":"","overlay-gradient":""},"tablet":{"background-color":"var(--ast-global-color-5)","background-image":"","background-repeat":"repeat","background-position":"center center","background-size":"auto","background-attachment":"scroll","background-type":"","background-media":"","overlay-type":"","overlay-color":"","overlay-opacity":"","overlay-gradient":""},"mobile":{"background-color":"var(--ast-global-color-5)","background-image":"","background-repeat":"repeat","background-position":"center center","background-size":"auto","background-attachment":"scroll","background-type":"","background-media":"","overlay-type":"","overlay-color":"","overlay-opacity":"","overlay-gradient":""}},"iawp_total_views":4},"product_brand":[],"product_cat":[211,673],"product_tag":[],"class_list":{"0":"post-16227","1":"product","2":"type-product","3":"status-publish","4":"has-post-thumbnail","6":"product_cat-hdmi","7":"product_cat-hdmi-devices","8":"desktop-align-left","9":"tablet-align-left","10":"mobile-align-left","12":"first","13":"instock","14":"shipping-taxable","15":"purchasable","16":"product-type-simple"},"acf":[],"_links":{"self":[{"href":"https:\/\/www.fjpremium.com\/es\/wp-json\/wp\/v2\/product\/16227","targetHints":{"allow":["GET"]}}],"collection":[{"href":"https:\/\/www.fjpremium.com\/es\/wp-json\/wp\/v2\/product"}],"about":[{"href":"https:\/\/www.fjpremium.com\/es\/wp-json\/wp\/v2\/types\/product"}],"wp:featuredmedia":[{"embeddable":true,"href":"https:\/\/www.fjpremium.com\/es\/wp-json\/wp\/v2\/media\/16247"}],"wp:attachment":[{"href":"https:\/\/www.fjpremium.com\/es\/wp-json\/wp\/v2\/media?parent=16227"}],"wp:term":[{"taxonomy":"product_brand","embeddable":true,"href":"https:\/\/www.fjpremium.com\/es\/wp-json\/wp\/v2\/product_brand?post=16227"},{"taxonomy":"product_cat","embeddable":true,"href":"https:\/\/www.fjpremium.com\/es\/wp-json\/wp\/v2\/product_cat?post=16227"},{"taxonomy":"product_tag","embeddable":true,"href":"https:\/\/www.fjpremium.com\/es\/wp-json\/wp\/v2\/product_tag?post=16227"}],"curies":[{"name":"wp","href":"https:\/\/api.w.org\/{rel}","templated":true}]}}