{"id":16226,"date":"2020-09-09T11:03:23","date_gmt":"2020-09-09T03:03:23","guid":{"rendered":"https:\/\/www.fjpremium.com\/?post_type=product&#038;p=16226"},"modified":"2023-12-22T16:25:26","modified_gmt":"2023-12-22T08:25:26","slug":"hdmi-extender-60m","status":"publish","type":"product","link":"https:\/\/www.fjpremium.com\/es\/product\/hdmi-extender-60m\/","title":{"rendered":"Mejor HDMI Wireless Extender 60 con el precio m\u00e1s barato para la promoci\u00f3n"},"content":{"rendered":"<p>Nuestro innovador dispositivo utiliza un \u00fanico cable cat-5e o cat-6 para transmitir se\u00f1ales de alta definici\u00f3n a m\u00e1s de 60 metros, ofreciendo una alternativa rentable a los caros y limitados cables HDMI.<\/p>\n<p>Ser\u00e1s testigo de una calidad Full HD 1080p ininterrumpida a largas distancias sin p\u00e9rdida de calidad.<\/p>\n<p>Es compatible con el protocolo HDCP 1.2 y CEC, y ofrece diversas opciones de entrada y salida de v\u00eddeo para una mayor flexibilidad.<\/p>\n<p>Adem\u00e1s, la compatibilidad con m\u00faltiples formatos de audio, como DTS-HD, Dolby-TrueHD y LPCM7.1, garantiza una experiencia auditiva estelar a la altura de la visual.<\/p>\n<p>Este mejor extensor inal\u00e1mbrico HDMI, que s\u00f3lo requiere una fuente de alimentaci\u00f3n DC5V\/1A, se instala en cuesti\u00f3n de minutos, prometiendo una mezcla de comodidad, calidad y rentabilidad.<\/p>\n<p>En resumen, p\u00f3ngase en contacto con nosotros hoy mismo y a\u00f1\u00e1dalo a su inventario.<\/p>","protected":false},"excerpt":{"rendered":"<p>Maximice el alcance de transmisi\u00f3n HD con el rentable extensor inal\u00e1mbrico HDMI FARSINCE, que transmite impecablemente 1080p Full HD a m\u00e1s de 60 m.<\/p>","protected":false},"featured_media":16239,"template":"","meta":{"_acf_changed":false,"_seopress_robots_primary_cat":"","_seopress_titles_title":"Best HDMI Wireless Extender - Farsince","_seopress_titles_desc":"","_seopress_robots_index":"","site-sidebar-layout":"default","site-content-layout":"default","ast-site-content-layout":"default","site-content-style":"default","site-sidebar-style":"default","ast-global-header-display":"","ast-banner-title-visibility":"","ast-main-header-display":"","ast-hfb-above-header-display":"","ast-hfb-below-header-display":"","ast-hfb-mobile-header-display":"","site-post-title":"","ast-breadcrumbs-content":"","ast-featured-img":"","footer-sml-layout":"","ast-disable-related-posts":"","theme-transparent-header-meta":"default","adv-header-id-meta":"","stick-header-meta":"","header-above-stick-meta":"","header-main-stick-meta":"","header-below-stick-meta":"","astra-migrate-meta-layouts":"set","ast-page-background-enabled":"default","ast-page-background-meta":{"desktop":{"background-color":"","background-image":"","background-repeat":"repeat","background-position":"center center","background-size":"auto","background-attachment":"scroll","background-type":"","background-media":"","overlay-type":"","overlay-color":"","overlay-opacity":"","overlay-gradient":""},"tablet":{"background-color":"","background-image":"","background-repeat":"repeat","background-position":"center center","background-size":"auto","background-attachment":"scroll","background-type":"","background-media":"","overlay-type":"","overlay-color":"","overlay-opacity":"","overlay-gradient":""},"mobile":{"background-color":"","background-image":"","background-repeat":"repeat","background-position":"center center","background-size":"auto","background-attachment":"scroll","background-type":"","background-media":"","overlay-type":"","overlay-color":"","overlay-opacity":"","overlay-gradient":""}},"ast-content-background-meta":{"desktop":{"background-color":"var(--ast-global-color-5)","background-image":"","background-repeat":"repeat","background-position":"center center","background-size":"auto","background-attachment":"scroll","background-type":"","background-media":"","overlay-type":"","overlay-color":"","overlay-opacity":"","overlay-gradient":""},"tablet":{"background-color":"var(--ast-global-color-5)","background-image":"","background-repeat":"repeat","background-position":"center center","background-size":"auto","background-attachment":"scroll","background-type":"","background-media":"","overlay-type":"","overlay-color":"","overlay-opacity":"","overlay-gradient":""},"mobile":{"background-color":"var(--ast-global-color-5)","background-image":"","background-repeat":"repeat","background-position":"center center","background-size":"auto","background-attachment":"scroll","background-type":"","background-media":"","overlay-type":"","overlay-color":"","overlay-opacity":"","overlay-gradient":""}},"iawp_total_views":9},"product_brand":[],"product_cat":[211,673],"product_tag":[],"class_list":{"0":"post-16226","1":"product","2":"type-product","3":"status-publish","4":"has-post-thumbnail","6":"product_cat-hdmi","7":"product_cat-hdmi-devices","8":"desktop-align-left","9":"tablet-align-left","10":"mobile-align-left","12":"first","13":"instock","14":"shipping-taxable","15":"purchasable","16":"product-type-simple"},"acf":[],"_links":{"self":[{"href":"https:\/\/www.fjpremium.com\/es\/wp-json\/wp\/v2\/product\/16226","targetHints":{"allow":["GET"]}}],"collection":[{"href":"https:\/\/www.fjpremium.com\/es\/wp-json\/wp\/v2\/product"}],"about":[{"href":"https:\/\/www.fjpremium.com\/es\/wp-json\/wp\/v2\/types\/product"}],"wp:featuredmedia":[{"embeddable":true,"href":"https:\/\/www.fjpremium.com\/es\/wp-json\/wp\/v2\/media\/16239"}],"wp:attachment":[{"href":"https:\/\/www.fjpremium.com\/es\/wp-json\/wp\/v2\/media?parent=16226"}],"wp:term":[{"taxonomy":"product_brand","embeddable":true,"href":"https:\/\/www.fjpremium.com\/es\/wp-json\/wp\/v2\/product_brand?post=16226"},{"taxonomy":"product_cat","embeddable":true,"href":"https:\/\/www.fjpremium.com\/es\/wp-json\/wp\/v2\/product_cat?post=16226"},{"taxonomy":"product_tag","embeddable":true,"href":"https:\/\/www.fjpremium.com\/es\/wp-json\/wp\/v2\/product_tag?post=16226"}],"curies":[{"name":"wp","href":"https:\/\/api.w.org\/{rel}","templated":true}]}}