{"id":16184,"date":"2020-09-09T10:51:56","date_gmt":"2020-09-09T02:51:56","guid":{"rendered":"https:\/\/www.fjpremium.com\/?post_type=product&#038;p=16184"},"modified":"2023-10-10T10:00:01","modified_gmt":"2023-10-10T02:00:01","slug":"hdmi-raw-cable-for-diy-application","status":"publish","type":"product","link":"https:\/\/www.fjpremium.com\/es\/product\/hdmi-raw-cable-for-diy-application\/","title":{"rendered":"VW-1 PVC libre de hal\u00f3genos primas HDMI 1.4v 2.0v rollo de cable para la instalaci\u00f3n de bricolaje y el sistema de prensado 28AWG 26AWG 24AWG"},"content":{"rendered":"<p>Este rollo de cable HDMI en bruto est\u00e1 dise\u00f1ado especialmente para aficionados al bricolaje y profesionales que buscan instalaciones de precisi\u00f3n.<\/p>\n<p>Dise\u00f1ado a la perfecci\u00f3n, no s\u00f3lo cumple las normas de certificaci\u00f3n UL VW-1, sino que tambi\u00e9n adopta las revolucionarias funciones HDMI 2.0, prometiendo una experiencia sin igual en 4K@60Hz, visuales 3D y mucho m\u00e1s.<\/p>\n<p>Sus especificaciones:<\/p>\n<ul>\n<li>Conector 1: N\/M<\/li>\n<li>Conector 2: N\/M<\/li>\n<li>Conductor del cable: Cobre desnudo<\/li>\n<li>Calibre del cable: 28AWG\/26AWG\/24AWG<\/li>\n<li>Blindaje: Papel de aluminio, trenzado<\/li>\n<li>Cubierta: PVC, VW-1<\/li>\n<li>Conforme: RoHS, REACH<\/li>\n<\/ul>\n<p>Ya se trate de montar un cine en casa, renovar un sistema de audio y v\u00eddeo profesional o simplemente sumergirse en un proyecto de bricolaje, garantiza la combinaci\u00f3n de durabilidad, calidad y alto rendimiento, todo en uno.<\/p>\n<p>P\u00f3ngase en contacto con nosotros hoy mismo y solicite el producto.<\/p>","protected":false},"excerpt":{"rendered":"<p>Mejore los proyectos de instalaci\u00f3n y bricolaje con el rollo de cable HDMI sin procesar de FARSINCE, que cuenta con certificaci\u00f3n UL VW-1 y funciones HDMI 2.0 enriquecidas.<\/p>","protected":false},"featured_media":16198,"template":"","meta":{"_acf_changed":false,"_seopress_robots_primary_cat":"","_seopress_titles_title":"HDMI 1.4v 2.0v Cable Wire Roll for DIY Installation and Crimping System %%sep%% %%sitetitle%%","_seopress_titles_desc":"","_seopress_robots_index":"","site-sidebar-layout":"default","site-content-layout":"default","ast-site-content-layout":"default","site-content-style":"default","site-sidebar-style":"default","ast-global-header-display":"","ast-banner-title-visibility":"","ast-main-header-display":"","ast-hfb-above-header-display":"","ast-hfb-below-header-display":"","ast-hfb-mobile-header-display":"","site-post-title":"","ast-breadcrumbs-content":"","ast-featured-img":"","footer-sml-layout":"","ast-disable-related-posts":"","theme-transparent-header-meta":"default","adv-header-id-meta":"","stick-header-meta":"","header-above-stick-meta":"","header-main-stick-meta":"","header-below-stick-meta":"","astra-migrate-meta-layouts":"set","ast-page-background-enabled":"default","ast-page-background-meta":{"desktop":{"background-color":"","background-image":"","background-repeat":"repeat","background-position":"center center","background-size":"auto","background-attachment":"scroll","background-type":"","background-media":"","overlay-type":"","overlay-color":"","overlay-opacity":"","overlay-gradient":""},"tablet":{"background-color":"","background-image":"","background-repeat":"repeat","background-position":"center center","background-size":"auto","background-attachment":"scroll","background-type":"","background-media":"","overlay-type":"","overlay-color":"","overlay-opacity":"","overlay-gradient":""},"mobile":{"background-color":"","background-image":"","background-repeat":"repeat","background-position":"center center","background-size":"auto","background-attachment":"scroll","background-type":"","background-media":"","overlay-type":"","overlay-color":"","overlay-opacity":"","overlay-gradient":""}},"ast-content-background-meta":{"desktop":{"background-color":"var(--ast-global-color-5)","background-image":"","background-repeat":"repeat","background-position":"center center","background-size":"auto","background-attachment":"scroll","background-type":"","background-media":"","overlay-type":"","overlay-color":"","overlay-opacity":"","overlay-gradient":""},"tablet":{"background-color":"var(--ast-global-color-5)","background-image":"","background-repeat":"repeat","background-position":"center center","background-size":"auto","background-attachment":"scroll","background-type":"","background-media":"","overlay-type":"","overlay-color":"","overlay-opacity":"","overlay-gradient":""},"mobile":{"background-color":"var(--ast-global-color-5)","background-image":"","background-repeat":"repeat","background-position":"center center","background-size":"auto","background-attachment":"scroll","background-type":"","background-media":"","overlay-type":"","overlay-color":"","overlay-opacity":"","overlay-gradient":""}},"iawp_total_views":45},"product_brand":[],"product_cat":[211],"product_tag":[],"class_list":{"0":"post-16184","1":"product","2":"type-product","3":"status-publish","4":"has-post-thumbnail","6":"product_cat-hdmi","7":"desktop-align-left","8":"tablet-align-left","9":"mobile-align-left","11":"first","12":"instock","13":"shipping-taxable","14":"purchasable","15":"product-type-simple"},"acf":[],"_links":{"self":[{"href":"https:\/\/www.fjpremium.com\/es\/wp-json\/wp\/v2\/product\/16184","targetHints":{"allow":["GET"]}}],"collection":[{"href":"https:\/\/www.fjpremium.com\/es\/wp-json\/wp\/v2\/product"}],"about":[{"href":"https:\/\/www.fjpremium.com\/es\/wp-json\/wp\/v2\/types\/product"}],"wp:featuredmedia":[{"embeddable":true,"href":"https:\/\/www.fjpremium.com\/es\/wp-json\/wp\/v2\/media\/16198"}],"wp:attachment":[{"href":"https:\/\/www.fjpremium.com\/es\/wp-json\/wp\/v2\/media?parent=16184"}],"wp:term":[{"taxonomy":"product_brand","embeddable":true,"href":"https:\/\/www.fjpremium.com\/es\/wp-json\/wp\/v2\/product_brand?post=16184"},{"taxonomy":"product_cat","embeddable":true,"href":"https:\/\/www.fjpremium.com\/es\/wp-json\/wp\/v2\/product_cat?post=16184"},{"taxonomy":"product_tag","embeddable":true,"href":"https:\/\/www.fjpremium.com\/es\/wp-json\/wp\/v2\/product_tag?post=16184"}],"curies":[{"name":"wp","href":"https:\/\/api.w.org\/{rel}","templated":true}]}}