{"id":16130,"date":"2020-09-09T10:41:10","date_gmt":"2020-09-09T02:41:10","guid":{"rendered":"https:\/\/www.fjpremium.com\/?post_type=product&#038;p=16130"},"modified":"2023-12-14T13:45:50","modified_gmt":"2023-12-14T05:45:50","slug":"mini-micro-hdmi-male-to-hdmi-female-coupler","status":"publish","type":"product","link":"https:\/\/www.fjpremium.com\/es\/product\/mini-micro-hdmi-male-to-hdmi-female-coupler\/","title":{"rendered":"HDMI Hembra a HDMI Mini Conector a HDMI Micro Conector 3 en 1 HDMI Adaptador Acoplador"},"content":{"rendered":"<p>Nuestro acoplador adaptador HDMI 3 en 1 es m\u00e1s que un simple conector; es un emblema de adaptabilidad. Al permitir que los cables HDMI encajen perfectamente en puertos mini o micro HDMI, es el compa\u00f1ero por excelencia de dispositivos modernos como port\u00e1tiles, tabletas, videoc\u00e1maras e incluso pantallas de drones.<\/p>\n<p>Y con resoluciones que llegan hasta 4Kx2K (UHD), su gama de compatibilidad es muy amplia y satisface a los entusiastas de la tecnolog\u00eda m\u00e1s exigentes.<\/p>\n<p>Funciones como el canal de retorno de audio, el audio True HD 7.1 y la compatibilidad con v\u00eddeo 3D subrayan el car\u00e1cter vanguardista de este acoplador adaptador.<\/p>\n<p>Sus especificaciones:<\/p>\n<ul>\n<li>Conector 1: Mini HDMI macho\/ Micro HDMI macho<\/li>\n<li>Conector 2: HDMI Hembra<\/li>\n<li>Carcasa: Pl\u00e1stico moldeado<\/li>\n<\/ul>\n<p>Adem\u00e1s, sus bandas de agarre garantizan un uso sin esfuerzo, mientras que los conectores chapados en oro dan fe de su durabilidad y conductividad mejorada. En consecuencia, p\u00f3ngase en contacto con nosotros hoy mismo e invierta en \u00e9l.<\/p>","protected":false},"excerpt":{"rendered":"<p>Sum\u00e9rgete en el mundo de la conectividad impecable con el acoplador adaptador HDMI 3 en 1 de FARSINCE, que conecta perfectamente HDMI a puertos Mini\/Micro.<\/p>","protected":false},"featured_media":16155,"template":"","meta":{"_acf_changed":false,"_seopress_robots_primary_cat":"","_seopress_titles_title":"Best 3 in 1 HDMI Adapter Coupler %%sep%% %%sitetitle%%","_seopress_titles_desc":"","_seopress_robots_index":"","site-sidebar-layout":"default","site-content-layout":"default","ast-site-content-layout":"default","site-content-style":"default","site-sidebar-style":"default","ast-global-header-display":"","ast-banner-title-visibility":"","ast-main-header-display":"","ast-hfb-above-header-display":"","ast-hfb-below-header-display":"","ast-hfb-mobile-header-display":"","site-post-title":"","ast-breadcrumbs-content":"","ast-featured-img":"","footer-sml-layout":"","ast-disable-related-posts":"","theme-transparent-header-meta":"default","adv-header-id-meta":"","stick-header-meta":"","header-above-stick-meta":"","header-main-stick-meta":"","header-below-stick-meta":"","astra-migrate-meta-layouts":"set","ast-page-background-enabled":"default","ast-page-background-meta":{"desktop":{"background-color":"","background-image":"","background-repeat":"repeat","background-position":"center center","background-size":"auto","background-attachment":"scroll","background-type":"","background-media":"","overlay-type":"","overlay-color":"","overlay-opacity":"","overlay-gradient":""},"tablet":{"background-color":"","background-image":"","background-repeat":"repeat","background-position":"center center","background-size":"auto","background-attachment":"scroll","background-type":"","background-media":"","overlay-type":"","overlay-color":"","overlay-opacity":"","overlay-gradient":""},"mobile":{"background-color":"","background-image":"","background-repeat":"repeat","background-position":"center center","background-size":"auto","background-attachment":"scroll","background-type":"","background-media":"","overlay-type":"","overlay-color":"","overlay-opacity":"","overlay-gradient":""}},"ast-content-background-meta":{"desktop":{"background-color":"var(--ast-global-color-5)","background-image":"","background-repeat":"repeat","background-position":"center center","background-size":"auto","background-attachment":"scroll","background-type":"","background-media":"","overlay-type":"","overlay-color":"","overlay-opacity":"","overlay-gradient":""},"tablet":{"background-color":"var(--ast-global-color-5)","background-image":"","background-repeat":"repeat","background-position":"center center","background-size":"auto","background-attachment":"scroll","background-type":"","background-media":"","overlay-type":"","overlay-color":"","overlay-opacity":"","overlay-gradient":""},"mobile":{"background-color":"var(--ast-global-color-5)","background-image":"","background-repeat":"repeat","background-position":"center center","background-size":"auto","background-attachment":"scroll","background-type":"","background-media":"","overlay-type":"","overlay-color":"","overlay-opacity":"","overlay-gradient":""}},"iawp_total_views":8},"product_brand":[],"product_cat":[211,642],"product_tag":[],"class_list":{"0":"post-16130","1":"product","2":"type-product","3":"status-publish","4":"has-post-thumbnail","6":"product_cat-hdmi","7":"product_cat-hdmi-adapters","8":"desktop-align-left","9":"tablet-align-left","10":"mobile-align-left","12":"first","13":"instock","14":"shipping-taxable","15":"purchasable","16":"product-type-simple"},"acf":[],"_links":{"self":[{"href":"https:\/\/www.fjpremium.com\/es\/wp-json\/wp\/v2\/product\/16130","targetHints":{"allow":["GET"]}}],"collection":[{"href":"https:\/\/www.fjpremium.com\/es\/wp-json\/wp\/v2\/product"}],"about":[{"href":"https:\/\/www.fjpremium.com\/es\/wp-json\/wp\/v2\/types\/product"}],"wp:featuredmedia":[{"embeddable":true,"href":"https:\/\/www.fjpremium.com\/es\/wp-json\/wp\/v2\/media\/16155"}],"wp:attachment":[{"href":"https:\/\/www.fjpremium.com\/es\/wp-json\/wp\/v2\/media?parent=16130"}],"wp:term":[{"taxonomy":"product_brand","embeddable":true,"href":"https:\/\/www.fjpremium.com\/es\/wp-json\/wp\/v2\/product_brand?post=16130"},{"taxonomy":"product_cat","embeddable":true,"href":"https:\/\/www.fjpremium.com\/es\/wp-json\/wp\/v2\/product_cat?post=16130"},{"taxonomy":"product_tag","embeddable":true,"href":"https:\/\/www.fjpremium.com\/es\/wp-json\/wp\/v2\/product_tag?post=16130"}],"curies":[{"name":"wp","href":"https:\/\/api.w.org\/{rel}","templated":true}]}}