{"id":16129,"date":"2020-09-09T10:41:09","date_gmt":"2020-09-09T02:41:09","guid":{"rendered":"https:\/\/www.fjpremium.com\/?post_type=product&#038;p=16129"},"modified":"2023-12-14T13:45:51","modified_gmt":"2023-12-14T05:45:51","slug":"micro-hdmi-male-to-hdmi-female-coupler","status":"publish","type":"product","link":"https:\/\/www.fjpremium.com\/es\/product\/micro-hdmi-male-to-hdmi-female-coupler\/","title":{"rendered":"Conector HDMI hembra a Micro HDMI macho Conector HDMI de entrada de salida Adaptador Acoplador"},"content":{"rendered":"<p>Este adaptador HDMI de entrada y salida, que fusiona a la perfecci\u00f3n un cable HDMI en los confines de un puerto Micro HDMI, es la piedra de toque de la adaptabilidad para dispositivos como port\u00e1tiles, drones o c\u00e1maras DSLR.<\/p>\n<p>Trasciende las limitaciones del tama\u00f1o de la pantalla canalizando los efectos visuales de un dispositivo compacto a pantallas expansivas.<\/p>\n<p>Con soporte para resoluciones que alcanzan un extraordinario 4Kx2K (UHD) y funciones como audio True HD 7.1 y v\u00eddeo 3D, cada p\u00edxel canta una canci\u00f3n de claridad.<\/p>\n<p>Sus especificaciones:<\/p>\n<ul>\n<li>Conector 1: Micro HDMI macho<\/li>\n<li>Conector 2: HDMI Hembra<\/li>\n<li>Carcasa: Pl\u00e1stico moldeado<\/li>\n<\/ul>\n<p>Adem\u00e1s, la arquitectura chapada en oro garantiza la longevidad, mientras que los pelda\u00f1os de agarre priorizan la facilidad de uso. Por lo tanto, p\u00f3ngase en contacto con nosotros hoy mismo y solicite el acoplador adaptador.<\/p>","protected":false},"excerpt":{"rendered":"<p>Aumente la conectividad con el acoplador adaptador de entrada y salida HDMI de FARSINCE, que tiene detalles dorados, es f\u00e1cil de usar y est\u00e1 dise\u00f1ado para una resoluci\u00f3n superior.<\/p>","protected":false},"featured_media":16149,"template":"","meta":{"_acf_changed":false,"_seopress_robots_primary_cat":"","_seopress_titles_title":"HDMI in out Adapter Coupler %%sep%% %%sitetitle%%","_seopress_titles_desc":"","_seopress_robots_index":"","site-sidebar-layout":"default","site-content-layout":"default","ast-site-content-layout":"default","site-content-style":"default","site-sidebar-style":"default","ast-global-header-display":"","ast-banner-title-visibility":"","ast-main-header-display":"","ast-hfb-above-header-display":"","ast-hfb-below-header-display":"","ast-hfb-mobile-header-display":"","site-post-title":"","ast-breadcrumbs-content":"","ast-featured-img":"","footer-sml-layout":"","ast-disable-related-posts":"","theme-transparent-header-meta":"default","adv-header-id-meta":"","stick-header-meta":"","header-above-stick-meta":"","header-main-stick-meta":"","header-below-stick-meta":"","astra-migrate-meta-layouts":"set","ast-page-background-enabled":"default","ast-page-background-meta":{"desktop":{"background-color":"","background-image":"","background-repeat":"repeat","background-position":"center center","background-size":"auto","background-attachment":"scroll","background-type":"","background-media":"","overlay-type":"","overlay-color":"","overlay-opacity":"","overlay-gradient":""},"tablet":{"background-color":"","background-image":"","background-repeat":"repeat","background-position":"center center","background-size":"auto","background-attachment":"scroll","background-type":"","background-media":"","overlay-type":"","overlay-color":"","overlay-opacity":"","overlay-gradient":""},"mobile":{"background-color":"","background-image":"","background-repeat":"repeat","background-position":"center center","background-size":"auto","background-attachment":"scroll","background-type":"","background-media":"","overlay-type":"","overlay-color":"","overlay-opacity":"","overlay-gradient":""}},"ast-content-background-meta":{"desktop":{"background-color":"var(--ast-global-color-5)","background-image":"","background-repeat":"repeat","background-position":"center center","background-size":"auto","background-attachment":"scroll","background-type":"","background-media":"","overlay-type":"","overlay-color":"","overlay-opacity":"","overlay-gradient":""},"tablet":{"background-color":"var(--ast-global-color-5)","background-image":"","background-repeat":"repeat","background-position":"center center","background-size":"auto","background-attachment":"scroll","background-type":"","background-media":"","overlay-type":"","overlay-color":"","overlay-opacity":"","overlay-gradient":""},"mobile":{"background-color":"var(--ast-global-color-5)","background-image":"","background-repeat":"repeat","background-position":"center center","background-size":"auto","background-attachment":"scroll","background-type":"","background-media":"","overlay-type":"","overlay-color":"","overlay-opacity":"","overlay-gradient":""}},"iawp_total_views":3},"product_brand":[],"product_cat":[211,642],"product_tag":[],"class_list":{"0":"post-16129","1":"product","2":"type-product","3":"status-publish","4":"has-post-thumbnail","6":"product_cat-hdmi","7":"product_cat-hdmi-adapters","8":"desktop-align-left","9":"tablet-align-left","10":"mobile-align-left","12":"first","13":"instock","14":"shipping-taxable","15":"purchasable","16":"product-type-simple"},"acf":[],"_links":{"self":[{"href":"https:\/\/www.fjpremium.com\/es\/wp-json\/wp\/v2\/product\/16129","targetHints":{"allow":["GET"]}}],"collection":[{"href":"https:\/\/www.fjpremium.com\/es\/wp-json\/wp\/v2\/product"}],"about":[{"href":"https:\/\/www.fjpremium.com\/es\/wp-json\/wp\/v2\/types\/product"}],"wp:featuredmedia":[{"embeddable":true,"href":"https:\/\/www.fjpremium.com\/es\/wp-json\/wp\/v2\/media\/16149"}],"wp:attachment":[{"href":"https:\/\/www.fjpremium.com\/es\/wp-json\/wp\/v2\/media?parent=16129"}],"wp:term":[{"taxonomy":"product_brand","embeddable":true,"href":"https:\/\/www.fjpremium.com\/es\/wp-json\/wp\/v2\/product_brand?post=16129"},{"taxonomy":"product_cat","embeddable":true,"href":"https:\/\/www.fjpremium.com\/es\/wp-json\/wp\/v2\/product_cat?post=16129"},{"taxonomy":"product_tag","embeddable":true,"href":"https:\/\/www.fjpremium.com\/es\/wp-json\/wp\/v2\/product_tag?post=16129"}],"curies":[{"name":"wp","href":"https:\/\/api.w.org\/{rel}","templated":true}]}}