{"id":16128,"date":"2020-09-09T10:41:07","date_gmt":"2020-09-09T02:41:07","guid":{"rendered":"https:\/\/www.fjpremium.com\/?post_type=product&#038;p=16128"},"modified":"2023-12-14T13:45:52","modified_gmt":"2023-12-14T05:45:52","slug":"mini-hdmi-male-to-hdmi-female-coupler","status":"publish","type":"product","link":"https:\/\/www.fjpremium.com\/es\/product\/mini-hdmi-male-to-hdmi-female-coupler\/","title":{"rendered":"Acoplador adaptador HDMI hembra-macho a mini HDMI"},"content":{"rendered":"<p>El adaptador une sin esfuerzo el mundo de los cables HDMI est\u00e1ndar con dispositivos compactos con puerto mini HDMI como c\u00e1maras, tabletas, drones y mucho m\u00e1s.<\/p>\n<p>No es s\u00f3lo un conector, es un billete a los reinos de la UHD, con resoluciones de hasta 4Kx2K. Experimentar\u00e1s una inmersi\u00f3n sin precedentes gracias a su compatibilidad con audio True HD 7.1 y v\u00eddeo 3D.<\/p>\n<p>El canal de retorno de audio (ARC) y el canal Ethernet HDMI (HEC) de este adaptador integran a la perfecci\u00f3n sus configuraciones.<\/p>\n<p>Sus especificaciones:<\/p>\n<ul>\n<li>Conector 1: Mini HDMI macho<\/li>\n<li>Conector 2: HDMI Hembra<\/li>\n<li>Carcasa: Pl\u00e1stico moldeado<\/li>\n<\/ul>\n<p>Adem\u00e1s, los conectores chapados en oro garantizan una conductividad y una resistencia a la corrosi\u00f3n inigualables. Y las bandas de agarre a\u00f1adidas hacen que enchufar y desenchufar sea coser y cantar.<\/p>\n<p>En resumen, p\u00f3ngase en contacto con nosotros hoy mismo y a\u00f1ada nuestro adaptador HDMI a mini HDMI a su inventario.<\/p>","protected":false},"excerpt":{"rendered":"<p>Libere experiencias 4K y True HD con el adaptador HDMI a mini HDMI de FARSINCE, conexi\u00f3n perfecta para c\u00e1maras, tabletas y m\u00e1s.<\/p>","protected":false},"featured_media":16141,"template":"","meta":{"_acf_changed":false,"_seopress_robots_primary_cat":"","_seopress_titles_title":"Female to Male HDMI to Mini HDMI Adapter Coupler %%sep%% %%sitetitle%%","_seopress_titles_desc":"","_seopress_robots_index":"","site-sidebar-layout":"default","site-content-layout":"default","ast-site-content-layout":"default","site-content-style":"default","site-sidebar-style":"default","ast-global-header-display":"","ast-banner-title-visibility":"","ast-main-header-display":"","ast-hfb-above-header-display":"","ast-hfb-below-header-display":"","ast-hfb-mobile-header-display":"","site-post-title":"","ast-breadcrumbs-content":"","ast-featured-img":"","footer-sml-layout":"","ast-disable-related-posts":"","theme-transparent-header-meta":"default","adv-header-id-meta":"","stick-header-meta":"","header-above-stick-meta":"","header-main-stick-meta":"","header-below-stick-meta":"","astra-migrate-meta-layouts":"set","ast-page-background-enabled":"default","ast-page-background-meta":{"desktop":{"background-color":"","background-image":"","background-repeat":"repeat","background-position":"center center","background-size":"auto","background-attachment":"scroll","background-type":"","background-media":"","overlay-type":"","overlay-color":"","overlay-opacity":"","overlay-gradient":""},"tablet":{"background-color":"","background-image":"","background-repeat":"repeat","background-position":"center center","background-size":"auto","background-attachment":"scroll","background-type":"","background-media":"","overlay-type":"","overlay-color":"","overlay-opacity":"","overlay-gradient":""},"mobile":{"background-color":"","background-image":"","background-repeat":"repeat","background-position":"center center","background-size":"auto","background-attachment":"scroll","background-type":"","background-media":"","overlay-type":"","overlay-color":"","overlay-opacity":"","overlay-gradient":""}},"ast-content-background-meta":{"desktop":{"background-color":"var(--ast-global-color-5)","background-image":"","background-repeat":"repeat","background-position":"center center","background-size":"auto","background-attachment":"scroll","background-type":"","background-media":"","overlay-type":"","overlay-color":"","overlay-opacity":"","overlay-gradient":""},"tablet":{"background-color":"var(--ast-global-color-5)","background-image":"","background-repeat":"repeat","background-position":"center center","background-size":"auto","background-attachment":"scroll","background-type":"","background-media":"","overlay-type":"","overlay-color":"","overlay-opacity":"","overlay-gradient":""},"mobile":{"background-color":"var(--ast-global-color-5)","background-image":"","background-repeat":"repeat","background-position":"center center","background-size":"auto","background-attachment":"scroll","background-type":"","background-media":"","overlay-type":"","overlay-color":"","overlay-opacity":"","overlay-gradient":""}},"iawp_total_views":4},"product_brand":[],"product_cat":[211,642],"product_tag":[],"class_list":{"0":"post-16128","1":"product","2":"type-product","3":"status-publish","4":"has-post-thumbnail","6":"product_cat-hdmi","7":"product_cat-hdmi-adapters","8":"desktop-align-left","9":"tablet-align-left","10":"mobile-align-left","12":"first","13":"instock","14":"shipping-taxable","15":"purchasable","16":"product-type-simple"},"acf":[],"_links":{"self":[{"href":"https:\/\/www.fjpremium.com\/es\/wp-json\/wp\/v2\/product\/16128","targetHints":{"allow":["GET"]}}],"collection":[{"href":"https:\/\/www.fjpremium.com\/es\/wp-json\/wp\/v2\/product"}],"about":[{"href":"https:\/\/www.fjpremium.com\/es\/wp-json\/wp\/v2\/types\/product"}],"wp:featuredmedia":[{"embeddable":true,"href":"https:\/\/www.fjpremium.com\/es\/wp-json\/wp\/v2\/media\/16141"}],"wp:attachment":[{"href":"https:\/\/www.fjpremium.com\/es\/wp-json\/wp\/v2\/media?parent=16128"}],"wp:term":[{"taxonomy":"product_brand","embeddable":true,"href":"https:\/\/www.fjpremium.com\/es\/wp-json\/wp\/v2\/product_brand?post=16128"},{"taxonomy":"product_cat","embeddable":true,"href":"https:\/\/www.fjpremium.com\/es\/wp-json\/wp\/v2\/product_cat?post=16128"},{"taxonomy":"product_tag","embeddable":true,"href":"https:\/\/www.fjpremium.com\/es\/wp-json\/wp\/v2\/product_tag?post=16128"}],"curies":[{"name":"wp","href":"https:\/\/api.w.org\/{rel}","templated":true}]}}