{"id":16127,"date":"2020-09-09T10:41:05","date_gmt":"2020-09-09T02:41:05","guid":{"rendered":"https:\/\/www.fjpremium.com\/?post_type=product&#038;p=16127"},"modified":"2023-12-14T13:45:52","modified_gmt":"2023-12-14T05:45:52","slug":"hdmi-male-to-female-extension-coupler","status":"publish","type":"product","link":"https:\/\/www.fjpremium.com\/es\/product\/hdmi-male-to-female-extension-coupler\/","title":{"rendered":"\u00c1ngulo recto HDMI Adaptador 19pin Conector macho a hembra Conector Extensor Adaptador Acoplador"},"content":{"rendered":"<p>Especialmente dise\u00f1ado para espacios con esquinas estrechas o espacio limitado en la pared, nuestro adaptador HDMI en \u00e1ngulo recto le garantiza que nunca tendr\u00e1 que renunciar a la integridad de sus cables HDMI.<\/p>\n<p>Es una garant\u00eda de que sus cables HDMI no se doblar\u00e1n excesivamente, salvaguardando el cable y los puertos de su valioso equipo.<\/p>\n<p>Adem\u00e1s, equipado con un conector HDMI macho-hembra chapado en oro de 90 grados, promete un rendimiento \u00f3ptimo y admite resoluciones de hasta 4Kx2K.<\/p>\n<p>Sus especificaciones:<\/p>\n<ul>\n<li>Conector 1: HDMI Macho<\/li>\n<li>Conector 2: HDMI Hembra<\/li>\n<li>Carcasa: Pl\u00e1stico moldeado<\/li>\n<\/ul>\n<p>Este adaptador ampl\u00eda sin problemas el alcance de tu TV Stick, Xbox, PS4 o Nintendo Switch.<\/p>\n<p>Puede sumergirse en la versatilidad con varias opciones, recta, angulada en m\u00faltiples direcciones, giratoria y con o sin tornillos. En conclusi\u00f3n, p\u00f3ngase en contacto con nosotros hoy mismo e invierta en \u00e9l.<\/p>","protected":false},"excerpt":{"rendered":"<p>Desbloquee un mundo de conectividad sin limitaciones con el adaptador HDMI en \u00e1ngulo recto Farsince, compatible con hasta 4Kx2K, perfecto para espacios reducidos.<\/p>","protected":false},"featured_media":24062,"template":"","meta":{"_acf_changed":false,"_seopress_robots_primary_cat":"","_seopress_titles_title":"Best Right Angle HDMI Adapter %%sep%% %%sitetitle%%","_seopress_titles_desc":"","_seopress_robots_index":"","site-sidebar-layout":"default","site-content-layout":"default","ast-site-content-layout":"default","site-content-style":"default","site-sidebar-style":"default","ast-global-header-display":"","ast-banner-title-visibility":"","ast-main-header-display":"","ast-hfb-above-header-display":"","ast-hfb-below-header-display":"","ast-hfb-mobile-header-display":"","site-post-title":"","ast-breadcrumbs-content":"","ast-featured-img":"","footer-sml-layout":"","ast-disable-related-posts":"","theme-transparent-header-meta":"default","adv-header-id-meta":"","stick-header-meta":"","header-above-stick-meta":"","header-main-stick-meta":"","header-below-stick-meta":"","astra-migrate-meta-layouts":"set","ast-page-background-enabled":"default","ast-page-background-meta":{"desktop":{"background-color":"","background-image":"","background-repeat":"repeat","background-position":"center center","background-size":"auto","background-attachment":"scroll","background-type":"","background-media":"","overlay-type":"","overlay-color":"","overlay-opacity":"","overlay-gradient":""},"tablet":{"background-color":"","background-image":"","background-repeat":"repeat","background-position":"center center","background-size":"auto","background-attachment":"scroll","background-type":"","background-media":"","overlay-type":"","overlay-color":"","overlay-opacity":"","overlay-gradient":""},"mobile":{"background-color":"","background-image":"","background-repeat":"repeat","background-position":"center center","background-size":"auto","background-attachment":"scroll","background-type":"","background-media":"","overlay-type":"","overlay-color":"","overlay-opacity":"","overlay-gradient":""}},"ast-content-background-meta":{"desktop":{"background-color":"var(--ast-global-color-5)","background-image":"","background-repeat":"repeat","background-position":"center center","background-size":"auto","background-attachment":"scroll","background-type":"","background-media":"","overlay-type":"","overlay-color":"","overlay-opacity":"","overlay-gradient":""},"tablet":{"background-color":"var(--ast-global-color-5)","background-image":"","background-repeat":"repeat","background-position":"center center","background-size":"auto","background-attachment":"scroll","background-type":"","background-media":"","overlay-type":"","overlay-color":"","overlay-opacity":"","overlay-gradient":""},"mobile":{"background-color":"var(--ast-global-color-5)","background-image":"","background-repeat":"repeat","background-position":"center center","background-size":"auto","background-attachment":"scroll","background-type":"","background-media":"","overlay-type":"","overlay-color":"","overlay-opacity":"","overlay-gradient":""}},"iawp_total_views":5},"product_brand":[],"product_cat":[211,642],"product_tag":[],"class_list":{"0":"post-16127","1":"product","2":"type-product","3":"status-publish","4":"has-post-thumbnail","6":"product_cat-hdmi","7":"product_cat-hdmi-adapters","8":"desktop-align-left","9":"tablet-align-left","10":"mobile-align-left","12":"first","13":"instock","14":"shipping-taxable","15":"purchasable","16":"product-type-simple"},"acf":[],"_links":{"self":[{"href":"https:\/\/www.fjpremium.com\/es\/wp-json\/wp\/v2\/product\/16127","targetHints":{"allow":["GET"]}}],"collection":[{"href":"https:\/\/www.fjpremium.com\/es\/wp-json\/wp\/v2\/product"}],"about":[{"href":"https:\/\/www.fjpremium.com\/es\/wp-json\/wp\/v2\/types\/product"}],"wp:featuredmedia":[{"embeddable":true,"href":"https:\/\/www.fjpremium.com\/es\/wp-json\/wp\/v2\/media\/24062"}],"wp:attachment":[{"href":"https:\/\/www.fjpremium.com\/es\/wp-json\/wp\/v2\/media?parent=16127"}],"wp:term":[{"taxonomy":"product_brand","embeddable":true,"href":"https:\/\/www.fjpremium.com\/es\/wp-json\/wp\/v2\/product_brand?post=16127"},{"taxonomy":"product_cat","embeddable":true,"href":"https:\/\/www.fjpremium.com\/es\/wp-json\/wp\/v2\/product_cat?post=16127"},{"taxonomy":"product_tag","embeddable":true,"href":"https:\/\/www.fjpremium.com\/es\/wp-json\/wp\/v2\/product_tag?post=16127"}],"curies":[{"name":"wp","href":"https:\/\/api.w.org\/{rel}","templated":true}]}}