{"id":16106,"date":"2020-09-09T10:35:09","date_gmt":"2020-09-09T02:35:09","guid":{"rendered":"https:\/\/www.fjpremium.com\/?post_type=product&#038;p=16106"},"modified":"2023-10-10T10:25:06","modified_gmt":"2023-10-10T02:25:06","slug":"premium-hdmi-to-dvi-cable-with-metal-housing","status":"publish","type":"product","link":"https:\/\/www.fjpremium.com\/es\/product\/premium-hdmi-to-dvi-cable-with-metal-housing\/","title":{"rendered":"Metal de alta calidad DVI macho a HDMI macho bidireccional cable adaptador convertidor"},"content":{"rendered":"<p>Este cable bidireccional, especialmente dise\u00f1ado para permitir conexiones perfectas, conecta Chromebooks o port\u00e1tiles equipados con HDMI a pantallas DVI y viceversa.<\/p>\n<p>Ya sea para la transmisi\u00f3n de v\u00eddeo o para sumergirse en los reinos de los juegos, garantiza una experiencia v\u00edvida y sin retrasos hasta una asombrosa resoluci\u00f3n de 1920\u00d71080@60Hz.<\/p>\n<p>Y los resistentes tornillos que se aprietan con los dedos garantizan que tus dispositivos permanezcan entrelazados, mientras que los conectores chapados en oro salvaguardan tu transmisi\u00f3n.<\/p>\n<p>Blindado contra posibles interferencias cruzadas y perturbadoras, nuestro convertidor bidireccional promete un rendimiento ininterrumpido para toda la vida.<\/p>\n<p>Sus especificaciones:<\/p>\n<ul>\n<li>Conductor del cable: Cobre desnudo<\/li>\n<li>Calibre del cable: 30AWG(1-5M), 28AWG(5-10M)<\/li>\n<li>Triple apantallado: par trenzado de papel de aluminio, papel de aluminio general, trenzado<\/li>\n<li>Cubierta: PVC<\/li>\n<li>Conforme: RoHS, REACH<\/li>\n<\/ul>\n<p>Adem\u00e1s, desde monitores HD hasta proyectores de \u00faltima generaci\u00f3n, satisface un sinf\u00edn de requisitos de visualizaci\u00f3n con una calidad inigualable. En resumen, el\u00edjalo y disfrute de una conectividad inigualable y una claridad sin concesiones.<\/p>","protected":false},"excerpt":{"rendered":"<p>Descubra el pin\u00e1culo de la adaptabilidad con el conversor bidireccional HDMI a DVI premium de FARSINCE, encapsulado en una robusta carcasa met\u00e1lica.<\/p>","protected":false},"featured_media":16113,"template":"","meta":{"_acf_changed":false,"_seopress_robots_primary_cat":"","_seopress_titles_title":"DVI Male to HDMI Male Bidirectional Converter Adapter Cable %%sep%% %%sitetitle%%","_seopress_titles_desc":"","_seopress_robots_index":"","site-sidebar-layout":"default","site-content-layout":"default","ast-site-content-layout":"default","site-content-style":"default","site-sidebar-style":"default","ast-global-header-display":"","ast-banner-title-visibility":"","ast-main-header-display":"","ast-hfb-above-header-display":"","ast-hfb-below-header-display":"","ast-hfb-mobile-header-display":"","site-post-title":"","ast-breadcrumbs-content":"","ast-featured-img":"","footer-sml-layout":"","ast-disable-related-posts":"","theme-transparent-header-meta":"default","adv-header-id-meta":"","stick-header-meta":"","header-above-stick-meta":"","header-main-stick-meta":"","header-below-stick-meta":"","astra-migrate-meta-layouts":"set","ast-page-background-enabled":"default","ast-page-background-meta":{"desktop":{"background-color":"","background-image":"","background-repeat":"repeat","background-position":"center center","background-size":"auto","background-attachment":"scroll","background-type":"","background-media":"","overlay-type":"","overlay-color":"","overlay-opacity":"","overlay-gradient":""},"tablet":{"background-color":"","background-image":"","background-repeat":"repeat","background-position":"center center","background-size":"auto","background-attachment":"scroll","background-type":"","background-media":"","overlay-type":"","overlay-color":"","overlay-opacity":"","overlay-gradient":""},"mobile":{"background-color":"","background-image":"","background-repeat":"repeat","background-position":"center center","background-size":"auto","background-attachment":"scroll","background-type":"","background-media":"","overlay-type":"","overlay-color":"","overlay-opacity":"","overlay-gradient":""}},"ast-content-background-meta":{"desktop":{"background-color":"var(--ast-global-color-5)","background-image":"","background-repeat":"repeat","background-position":"center center","background-size":"auto","background-attachment":"scroll","background-type":"","background-media":"","overlay-type":"","overlay-color":"","overlay-opacity":"","overlay-gradient":""},"tablet":{"background-color":"var(--ast-global-color-5)","background-image":"","background-repeat":"repeat","background-position":"center center","background-size":"auto","background-attachment":"scroll","background-type":"","background-media":"","overlay-type":"","overlay-color":"","overlay-opacity":"","overlay-gradient":""},"mobile":{"background-color":"var(--ast-global-color-5)","background-image":"","background-repeat":"repeat","background-position":"center center","background-size":"auto","background-attachment":"scroll","background-type":"","background-media":"","overlay-type":"","overlay-color":"","overlay-opacity":"","overlay-gradient":""}},"iawp_total_views":19},"product_brand":[],"product_cat":[211],"product_tag":[],"class_list":{"0":"post-16106","1":"product","2":"type-product","3":"status-publish","4":"has-post-thumbnail","6":"product_cat-hdmi","7":"desktop-align-left","8":"tablet-align-left","9":"mobile-align-left","11":"first","12":"instock","13":"shipping-taxable","14":"purchasable","15":"product-type-simple"},"acf":[],"_links":{"self":[{"href":"https:\/\/www.fjpremium.com\/es\/wp-json\/wp\/v2\/product\/16106","targetHints":{"allow":["GET"]}}],"collection":[{"href":"https:\/\/www.fjpremium.com\/es\/wp-json\/wp\/v2\/product"}],"about":[{"href":"https:\/\/www.fjpremium.com\/es\/wp-json\/wp\/v2\/types\/product"}],"wp:featuredmedia":[{"embeddable":true,"href":"https:\/\/www.fjpremium.com\/es\/wp-json\/wp\/v2\/media\/16113"}],"wp:attachment":[{"href":"https:\/\/www.fjpremium.com\/es\/wp-json\/wp\/v2\/media?parent=16106"}],"wp:term":[{"taxonomy":"product_brand","embeddable":true,"href":"https:\/\/www.fjpremium.com\/es\/wp-json\/wp\/v2\/product_brand?post=16106"},{"taxonomy":"product_cat","embeddable":true,"href":"https:\/\/www.fjpremium.com\/es\/wp-json\/wp\/v2\/product_cat?post=16106"},{"taxonomy":"product_tag","embeddable":true,"href":"https:\/\/www.fjpremium.com\/es\/wp-json\/wp\/v2\/product_tag?post=16106"}],"curies":[{"name":"wp","href":"https:\/\/api.w.org\/{rel}","templated":true}]}}