{"id":16105,"date":"2020-09-09T10:35:06","date_gmt":"2020-09-09T02:35:06","guid":{"rendered":"https:\/\/www.fjpremium.com\/?post_type=product&#038;p=16105"},"modified":"2023-12-14T13:51:47","modified_gmt":"2023-12-14T05:51:47","slug":"dvi-male-to-hdmi-female-cable","status":"publish","type":"product","link":"https:\/\/www.fjpremium.com\/es\/product\/dvi-male-to-hdmi-female-cable\/","title":{"rendered":"24+1 DVI-D Dual Link a HDMI Adaptador Cable Convertidor"},"content":{"rendered":"<p>Fabricado meticulosamente para funcionar de forma bidireccional, nuestro cable adaptador permite a los dispositivos con HDMI interactuar sin esfuerzo con pantallas DVI y viceversa.<\/p>\n<p>Amplifica la transmisi\u00f3n de v\u00eddeo o las sesiones de juego conect\u00e1ndose a una pantalla expansiva, que ofrece resoluciones de hasta 1920\u00d71080@60Hz.<\/p>\n<p>No s\u00f3lo se conecta, sino que tambi\u00e9n adapta tu pantalla a un Escritorio Extendido o a una Pantalla Reflejada, seg\u00fan prefieras.<\/p>\n<p>El toque dorado de sus conectores chapados en oro, junto con los tornillos apretados con los dedos, garantiza una conexi\u00f3n \u00f3ptima e inquebrantable.<\/p>\n<p>Sus especificaciones:<\/p>\n<ul>\n<li>Conductor del cable: Cobre desnudo<\/li>\n<li>Calibre del cable: 30AWG(1-5M)<\/li>\n<li>Cubierta: PVC<\/li>\n<li>Conforme: RoHS, REACH<\/li>\n<\/ul>\n<p>Adem\u00e1s, con el apantallamiento de l\u00e1mina y trenza, dir\u00e1 adi\u00f3s a las interferencias, garantizando unas im\u00e1genes impecables y un rendimiento fiable para toda la vida. P\u00f3ngase en contacto con nosotros hoy mismo e invierta en este adaptador de doble enlace DVI-D a HDMI.<\/p>","protected":false},"excerpt":{"rendered":"<p>Entre en la era de la conectividad fluida con el cable conversor adaptador de doble enlace DVI-D a HDMI 24+1 de FARSINCE, con doble direcci\u00f3n y resistente a las interferencias.<\/p>","protected":false},"featured_media":16107,"template":"","meta":{"_acf_changed":false,"_seopress_robots_primary_cat":"","_seopress_titles_title":"24+1 DVI-D Dual Link to HDMI Adapter %%sep%% %%sitetitle%%","_seopress_titles_desc":"Step into an era of fluid connectivity with FARSINCE 24+1 DVI-D dual link to HDMI adapter converter cable, boasting dual-direction and interference-resistant.","_seopress_robots_index":"","site-sidebar-layout":"default","site-content-layout":"default","ast-site-content-layout":"default","site-content-style":"default","site-sidebar-style":"default","ast-global-header-display":"","ast-banner-title-visibility":"","ast-main-header-display":"","ast-hfb-above-header-display":"","ast-hfb-below-header-display":"","ast-hfb-mobile-header-display":"","site-post-title":"","ast-breadcrumbs-content":"","ast-featured-img":"","footer-sml-layout":"","ast-disable-related-posts":"","theme-transparent-header-meta":"default","adv-header-id-meta":"","stick-header-meta":"","header-above-stick-meta":"","header-main-stick-meta":"","header-below-stick-meta":"","astra-migrate-meta-layouts":"set","ast-page-background-enabled":"default","ast-page-background-meta":{"desktop":{"background-color":"","background-image":"","background-repeat":"repeat","background-position":"center center","background-size":"auto","background-attachment":"scroll","background-type":"","background-media":"","overlay-type":"","overlay-color":"","overlay-opacity":"","overlay-gradient":""},"tablet":{"background-color":"","background-image":"","background-repeat":"repeat","background-position":"center center","background-size":"auto","background-attachment":"scroll","background-type":"","background-media":"","overlay-type":"","overlay-color":"","overlay-opacity":"","overlay-gradient":""},"mobile":{"background-color":"","background-image":"","background-repeat":"repeat","background-position":"center center","background-size":"auto","background-attachment":"scroll","background-type":"","background-media":"","overlay-type":"","overlay-color":"","overlay-opacity":"","overlay-gradient":""}},"ast-content-background-meta":{"desktop":{"background-color":"var(--ast-global-color-5)","background-image":"","background-repeat":"repeat","background-position":"center center","background-size":"auto","background-attachment":"scroll","background-type":"","background-media":"","overlay-type":"","overlay-color":"","overlay-opacity":"","overlay-gradient":""},"tablet":{"background-color":"var(--ast-global-color-5)","background-image":"","background-repeat":"repeat","background-position":"center center","background-size":"auto","background-attachment":"scroll","background-type":"","background-media":"","overlay-type":"","overlay-color":"","overlay-opacity":"","overlay-gradient":""},"mobile":{"background-color":"var(--ast-global-color-5)","background-image":"","background-repeat":"repeat","background-position":"center center","background-size":"auto","background-attachment":"scroll","background-type":"","background-media":"","overlay-type":"","overlay-color":"","overlay-opacity":"","overlay-gradient":""}},"iawp_total_views":12},"product_brand":[],"product_cat":[211,638],"product_tag":[],"class_list":{"0":"post-16105","1":"product","2":"type-product","3":"status-publish","4":"has-post-thumbnail","6":"product_cat-hdmi","7":"product_cat-hdmi-cables","8":"desktop-align-left","9":"tablet-align-left","10":"mobile-align-left","12":"first","13":"instock","14":"shipping-taxable","15":"purchasable","16":"product-type-simple"},"acf":[],"_links":{"self":[{"href":"https:\/\/www.fjpremium.com\/es\/wp-json\/wp\/v2\/product\/16105","targetHints":{"allow":["GET"]}}],"collection":[{"href":"https:\/\/www.fjpremium.com\/es\/wp-json\/wp\/v2\/product"}],"about":[{"href":"https:\/\/www.fjpremium.com\/es\/wp-json\/wp\/v2\/types\/product"}],"wp:featuredmedia":[{"embeddable":true,"href":"https:\/\/www.fjpremium.com\/es\/wp-json\/wp\/v2\/media\/16107"}],"wp:attachment":[{"href":"https:\/\/www.fjpremium.com\/es\/wp-json\/wp\/v2\/media?parent=16105"}],"wp:term":[{"taxonomy":"product_brand","embeddable":true,"href":"https:\/\/www.fjpremium.com\/es\/wp-json\/wp\/v2\/product_brand?post=16105"},{"taxonomy":"product_cat","embeddable":true,"href":"https:\/\/www.fjpremium.com\/es\/wp-json\/wp\/v2\/product_cat?post=16105"},{"taxonomy":"product_tag","embeddable":true,"href":"https:\/\/www.fjpremium.com\/es\/wp-json\/wp\/v2\/product_tag?post=16105"}],"curies":[{"name":"wp","href":"https:\/\/api.w.org\/{rel}","templated":true}]}}