{"id":16029,"date":"2020-09-08T10:54:34","date_gmt":"2020-09-08T02:54:34","guid":{"rendered":"https:\/\/www.fjpremium.com\/?post_type=product&#038;p=16029"},"modified":"2023-12-14T13:51:50","modified_gmt":"2023-12-14T05:51:50","slug":"vga-to-hdmi-coupler","status":"publish","type":"product","link":"https:\/\/www.fjpremium.com\/es\/product\/vga-to-hdmi-coupler\/","title":{"rendered":"Amazon Hot Selling 2023 Convertidor Adaptador VGA a HDMI"},"content":{"rendered":"<p>Dise\u00f1ado a la perfecci\u00f3n, nuestro conversor conecta sin esfuerzo su PC o port\u00e1til a una pantalla HDMI. Gracias a su toma est\u00e9reo, no s\u00f3lo ver\u00e1s sino que oir\u00e1s la calidad, ya que transmite se\u00f1ales de audio impecables sin complicaciones.<\/p>\n<p>Adem\u00e1s, se acabaron los l\u00edos de cables de alimentaci\u00f3n; su ingenioso dise\u00f1o alimentado por USB significa que no hay fuentes de alimentaci\u00f3n adicionales.<\/p>\n<p>Este adaptador VGA a HDMI ofrece im\u00e1genes n\u00edtidas con una resoluci\u00f3n de hasta 1920 x 1080. Tanto si se trata de la envolvente sensaci\u00f3n del Dolby TrueHD como de la precisi\u00f3n del DTS-HD Master Audio, lo tiene todo cubierto.<\/p>\n<p>Sus especificaciones:<\/p>\n<ul>\n<li>Contacto dorado, carcasa dorada<\/li>\n<li>Conductor del cable: Cobre desnudo<\/li>\n<li>Calibre del cable: 32AWG<\/li>\n<li>Blindaje: Papel de aluminio, trenzado<\/li>\n<li>Cubierta: PVC<\/li>\n<li>Conforme: RoHS, REACH<\/li>\n<\/ul>\n<p>Su independencia del sistema operativo y la ausencia de instalaci\u00f3n de controladores tambi\u00e9n prometen una experiencia plug-and-play. P\u00f3ngase en contacto con nosotros hoy mismo e invierta en este producto.<\/p>","protected":false},"excerpt":{"rendered":"<p>Eleve la experiencia de visualizaci\u00f3n con el adaptador VGA a HDMI de FARSINCE, que marca tendencia y es actualmente el producto m\u00e1s vendido de 2023 en Amazon, con im\u00e1genes ultran\u00edtidas, audio impecable y una configuraci\u00f3n sin esfuerzo.<\/p>","protected":false},"featured_media":16077,"template":"","meta":{"_acf_changed":false,"_seopress_robots_primary_cat":"","_seopress_titles_title":"Converter VGA Adaptor to HDMI - Farsince","_seopress_titles_desc":"Elevate display experience with FARSINCE&#039;s trend-setting VGA adaptor to HDMI, currently the hot seller of 2023 on Amazon, featuring ultra-clear visuals.","_seopress_robots_index":"","site-sidebar-layout":"default","site-content-layout":"default","ast-site-content-layout":"default","site-content-style":"default","site-sidebar-style":"default","ast-global-header-display":"","ast-banner-title-visibility":"","ast-main-header-display":"","ast-hfb-above-header-display":"","ast-hfb-below-header-display":"","ast-hfb-mobile-header-display":"","site-post-title":"","ast-breadcrumbs-content":"","ast-featured-img":"","footer-sml-layout":"","ast-disable-related-posts":"","theme-transparent-header-meta":"default","adv-header-id-meta":"","stick-header-meta":"","header-above-stick-meta":"","header-main-stick-meta":"","header-below-stick-meta":"","astra-migrate-meta-layouts":"set","ast-page-background-enabled":"default","ast-page-background-meta":{"desktop":{"background-color":"","background-image":"","background-repeat":"repeat","background-position":"center center","background-size":"auto","background-attachment":"scroll","background-type":"","background-media":"","overlay-type":"","overlay-color":"","overlay-opacity":"","overlay-gradient":""},"tablet":{"background-color":"","background-image":"","background-repeat":"repeat","background-position":"center center","background-size":"auto","background-attachment":"scroll","background-type":"","background-media":"","overlay-type":"","overlay-color":"","overlay-opacity":"","overlay-gradient":""},"mobile":{"background-color":"","background-image":"","background-repeat":"repeat","background-position":"center center","background-size":"auto","background-attachment":"scroll","background-type":"","background-media":"","overlay-type":"","overlay-color":"","overlay-opacity":"","overlay-gradient":""}},"ast-content-background-meta":{"desktop":{"background-color":"var(--ast-global-color-5)","background-image":"","background-repeat":"repeat","background-position":"center center","background-size":"auto","background-attachment":"scroll","background-type":"","background-media":"","overlay-type":"","overlay-color":"","overlay-opacity":"","overlay-gradient":""},"tablet":{"background-color":"var(--ast-global-color-5)","background-image":"","background-repeat":"repeat","background-position":"center center","background-size":"auto","background-attachment":"scroll","background-type":"","background-media":"","overlay-type":"","overlay-color":"","overlay-opacity":"","overlay-gradient":""},"mobile":{"background-color":"var(--ast-global-color-5)","background-image":"","background-repeat":"repeat","background-position":"center center","background-size":"auto","background-attachment":"scroll","background-type":"","background-media":"","overlay-type":"","overlay-color":"","overlay-opacity":"","overlay-gradient":""}},"iawp_total_views":7},"product_brand":[],"product_cat":[460,211,638],"product_tag":[],"class_list":{"0":"post-16029","1":"product","2":"type-product","3":"status-publish","4":"has-post-thumbnail","6":"product_cat-featured-products","7":"product_cat-hdmi","8":"product_cat-hdmi-cables","9":"desktop-align-left","10":"tablet-align-left","11":"mobile-align-left","13":"first","14":"instock","15":"shipping-taxable","16":"purchasable","17":"product-type-simple"},"acf":[],"_links":{"self":[{"href":"https:\/\/www.fjpremium.com\/es\/wp-json\/wp\/v2\/product\/16029","targetHints":{"allow":["GET"]}}],"collection":[{"href":"https:\/\/www.fjpremium.com\/es\/wp-json\/wp\/v2\/product"}],"about":[{"href":"https:\/\/www.fjpremium.com\/es\/wp-json\/wp\/v2\/types\/product"}],"wp:featuredmedia":[{"embeddable":true,"href":"https:\/\/www.fjpremium.com\/es\/wp-json\/wp\/v2\/media\/16077"}],"wp:attachment":[{"href":"https:\/\/www.fjpremium.com\/es\/wp-json\/wp\/v2\/media?parent=16029"}],"wp:term":[{"taxonomy":"product_brand","embeddable":true,"href":"https:\/\/www.fjpremium.com\/es\/wp-json\/wp\/v2\/product_brand?post=16029"},{"taxonomy":"product_cat","embeddable":true,"href":"https:\/\/www.fjpremium.com\/es\/wp-json\/wp\/v2\/product_cat?post=16029"},{"taxonomy":"product_tag","embeddable":true,"href":"https:\/\/www.fjpremium.com\/es\/wp-json\/wp\/v2\/product_tag?post=16029"}],"curies":[{"name":"wp","href":"https:\/\/api.w.org\/{rel}","templated":true}]}}