{"id":16028,"date":"2020-09-08T10:54:33","date_gmt":"2020-09-08T02:54:33","guid":{"rendered":"https:\/\/www.fjpremium.com\/?post_type=product&#038;p=16028"},"modified":"2023-12-14T13:51:51","modified_gmt":"2023-12-14T05:51:51","slug":"vga-to-hdmi-cable-adapter","status":"publish","type":"product","link":"https:\/\/www.fjpremium.com\/es\/product\/vga-to-hdmi-cable-adapter\/","title":{"rendered":"Alta Calidad Adaptador VGA 15pin Macho a HDMI Hembra Convertidor Adaptador"},"content":{"rendered":"<p>Nuestro adaptador de alta calidad es su puerta de entrada a un reino digital v\u00edvido, que pone a su alcance todas las pantallas HDMI directamente desde su PC o port\u00e1til.<\/p>\n<p>Con s\u00f3lo conectar el cable jack est\u00e9reo, podr\u00e1 sumergirse en la impecable transmisi\u00f3n de audio que complementa los impresionantes efectos visuales.<\/p>\n<p>Adem\u00e1s, brilla por su sencillez, ya que se alimenta sin esfuerzo a trav\u00e9s de USB, lo que elimina la necesidad de fuentes de alimentaci\u00f3n externas.<\/p>\n<p>Tanto si busca el brillo et\u00e9reo de 1920 x 1080 como la comodidad familiar de 1024 x 768, este adaptador se ajusta con delicadeza. Es compatible con HDCP y con los fascinantes Dolby TrueHD y DTS-HD Master Audio.<\/p>\n<p>Sus especificaciones:<\/p>\n<ul>\n<li>Conductor del cable: Cobre desnudo<\/li>\n<li>Calibre del cable: 32AWG<\/li>\n<li>Blindaje: Papel de aluminio, trenzado<\/li>\n<\/ul>\n<p>Y est\u00e1 vestido con contactos chapados en oro y envuelto en una robusta cubierta de PVC que cumple las normas RoHS y REACH. En general, p\u00f3ngase en contacto con nosotros hoy mismo y a\u00f1ada el adaptador a su inventario.<\/p>","protected":false},"excerpt":{"rendered":"<p>Redefina las conexiones con el adaptador VGA a HDMI de alta calidad de FARSINCE, que presenta precisi\u00f3n chapada en oro, diversas resoluciones y una garant\u00eda de 2 a\u00f1os.<\/p>","protected":false},"featured_media":23942,"template":"","meta":{"_acf_changed":false,"_seopress_robots_primary_cat":"","_seopress_titles_title":"High Quality Adapter VGA 15pin Male to HDMI Female %%sep%% %%sitetitle%%","_seopress_titles_desc":"","_seopress_robots_index":"","site-sidebar-layout":"default","site-content-layout":"default","ast-site-content-layout":"default","site-content-style":"default","site-sidebar-style":"default","ast-global-header-display":"","ast-banner-title-visibility":"","ast-main-header-display":"","ast-hfb-above-header-display":"","ast-hfb-below-header-display":"","ast-hfb-mobile-header-display":"","site-post-title":"","ast-breadcrumbs-content":"","ast-featured-img":"","footer-sml-layout":"","ast-disable-related-posts":"","theme-transparent-header-meta":"default","adv-header-id-meta":"","stick-header-meta":"","header-above-stick-meta":"","header-main-stick-meta":"","header-below-stick-meta":"","astra-migrate-meta-layouts":"set","ast-page-background-enabled":"default","ast-page-background-meta":{"desktop":{"background-color":"","background-image":"","background-repeat":"repeat","background-position":"center center","background-size":"auto","background-attachment":"scroll","background-type":"","background-media":"","overlay-type":"","overlay-color":"","overlay-opacity":"","overlay-gradient":""},"tablet":{"background-color":"","background-image":"","background-repeat":"repeat","background-position":"center center","background-size":"auto","background-attachment":"scroll","background-type":"","background-media":"","overlay-type":"","overlay-color":"","overlay-opacity":"","overlay-gradient":""},"mobile":{"background-color":"","background-image":"","background-repeat":"repeat","background-position":"center center","background-size":"auto","background-attachment":"scroll","background-type":"","background-media":"","overlay-type":"","overlay-color":"","overlay-opacity":"","overlay-gradient":""}},"ast-content-background-meta":{"desktop":{"background-color":"var(--ast-global-color-5)","background-image":"","background-repeat":"repeat","background-position":"center center","background-size":"auto","background-attachment":"scroll","background-type":"","background-media":"","overlay-type":"","overlay-color":"","overlay-opacity":"","overlay-gradient":""},"tablet":{"background-color":"var(--ast-global-color-5)","background-image":"","background-repeat":"repeat","background-position":"center center","background-size":"auto","background-attachment":"scroll","background-type":"","background-media":"","overlay-type":"","overlay-color":"","overlay-opacity":"","overlay-gradient":""},"mobile":{"background-color":"var(--ast-global-color-5)","background-image":"","background-repeat":"repeat","background-position":"center center","background-size":"auto","background-attachment":"scroll","background-type":"","background-media":"","overlay-type":"","overlay-color":"","overlay-opacity":"","overlay-gradient":""}},"iawp_total_views":9},"product_brand":[],"product_cat":[460,211,638],"product_tag":[],"class_list":{"0":"post-16028","1":"product","2":"type-product","3":"status-publish","4":"has-post-thumbnail","6":"product_cat-featured-products","7":"product_cat-hdmi","8":"product_cat-hdmi-cables","9":"desktop-align-left","10":"tablet-align-left","11":"mobile-align-left","13":"first","14":"instock","15":"shipping-taxable","16":"purchasable","17":"product-type-simple"},"acf":[],"_links":{"self":[{"href":"https:\/\/www.fjpremium.com\/es\/wp-json\/wp\/v2\/product\/16028","targetHints":{"allow":["GET"]}}],"collection":[{"href":"https:\/\/www.fjpremium.com\/es\/wp-json\/wp\/v2\/product"}],"about":[{"href":"https:\/\/www.fjpremium.com\/es\/wp-json\/wp\/v2\/types\/product"}],"wp:featuredmedia":[{"embeddable":true,"href":"https:\/\/www.fjpremium.com\/es\/wp-json\/wp\/v2\/media\/23942"}],"wp:attachment":[{"href":"https:\/\/www.fjpremium.com\/es\/wp-json\/wp\/v2\/media?parent=16028"}],"wp:term":[{"taxonomy":"product_brand","embeddable":true,"href":"https:\/\/www.fjpremium.com\/es\/wp-json\/wp\/v2\/product_brand?post=16028"},{"taxonomy":"product_cat","embeddable":true,"href":"https:\/\/www.fjpremium.com\/es\/wp-json\/wp\/v2\/product_cat?post=16028"},{"taxonomy":"product_tag","embeddable":true,"href":"https:\/\/www.fjpremium.com\/es\/wp-json\/wp\/v2\/product_tag?post=16028"}],"curies":[{"name":"wp","href":"https:\/\/api.w.org\/{rel}","templated":true}]}}