{"id":16027,"date":"2020-09-08T10:54:32","date_gmt":"2020-09-08T02:54:32","guid":{"rendered":"https:\/\/www.fjpremium.com\/?post_type=product&#038;p=16027"},"modified":"2023-12-14T13:51:52","modified_gmt":"2023-12-14T05:51:52","slug":"hdmi-to-vga-adapter-coupler","status":"publish","type":"product","link":"https:\/\/www.fjpremium.com\/es\/product\/hdmi-to-vga-adapter-coupler\/","title":{"rendered":"Mejor conversor HDMI a VGA Negro Blanco"},"content":{"rendered":"<p>Presentado en los cl\u00e1sicos colores blanco y negro, este elegante y robusto convertidor conecta sin esfuerzo dispositivos con HDMI, como Chromebooks u ordenadores port\u00e1tiles, a las eternas pantallas VGA.<\/p>\n<p>Da vida a sus im\u00e1genes con una resoluci\u00f3n Full HD de 1080p. Tambi\u00e9n puedes sumergirte en el esplendor digital de HDMI y resurgir con los c\u00e1lidos matices de VGA, complementados por la rica armon\u00eda del audio est\u00e9reo.<\/p>\n<p>Fabricados con precisi\u00f3n, los conectores chapados en oro de este mejor conversor HDMI a VGA garantizan una conexi\u00f3n ininterrumpida.<\/p>\n<p>La carcasa de ABS garantiza su durabilidad, mientras que el chip IC activo incorporado garantiza una compatibilidad sin igual. Para aquellos dispositivos que requieren un poco m\u00e1s, el Micro USB tiene todo lo que necesitas.<\/p>\n<p>Sus especificaciones:<\/p>\n<ul>\n<li>Conductor del cable: Cobre desnudo 32AWG<\/li>\n<li>Longitud del cable: sin cable<\/li>\n<li>Resoluci\u00f3n: 1920*1080@60Hz<\/li>\n<\/ul>\n<p>Adem\u00e1s, cada acoplador promete tranquilidad, ya que viene en una pr\u00e1ctica bolsa con cremallera y va acompa\u00f1ado de una garant\u00eda de 2 a\u00f1os, todo ello cumpliendo las normas RoHS y REACH. En resumen, p\u00f3ngase en contacto con nosotros hoy mismo y p\u00eddalo.<\/p>","protected":false},"excerpt":{"rendered":"<p>Mejore la conexi\u00f3n con el mejor convertidor HDMI a VGA de FARSINCE, que ofrece una claridad HD de 1080p inigualable y una compatibilidad inigualable.<\/p>","protected":false},"featured_media":16061,"template":"","meta":{"_acf_changed":false,"_seopress_robots_primary_cat":"","_seopress_titles_title":"Best HDMI to VGA Converter Black White - FARSINCE","_seopress_titles_desc":"","_seopress_robots_index":"","site-sidebar-layout":"default","site-content-layout":"default","ast-site-content-layout":"default","site-content-style":"default","site-sidebar-style":"default","ast-global-header-display":"","ast-banner-title-visibility":"","ast-main-header-display":"","ast-hfb-above-header-display":"","ast-hfb-below-header-display":"","ast-hfb-mobile-header-display":"","site-post-title":"","ast-breadcrumbs-content":"","ast-featured-img":"","footer-sml-layout":"","ast-disable-related-posts":"","theme-transparent-header-meta":"default","adv-header-id-meta":"","stick-header-meta":"","header-above-stick-meta":"","header-main-stick-meta":"","header-below-stick-meta":"","astra-migrate-meta-layouts":"set","ast-page-background-enabled":"default","ast-page-background-meta":{"desktop":{"background-color":"","background-image":"","background-repeat":"repeat","background-position":"center center","background-size":"auto","background-attachment":"scroll","background-type":"","background-media":"","overlay-type":"","overlay-color":"","overlay-opacity":"","overlay-gradient":""},"tablet":{"background-color":"","background-image":"","background-repeat":"repeat","background-position":"center center","background-size":"auto","background-attachment":"scroll","background-type":"","background-media":"","overlay-type":"","overlay-color":"","overlay-opacity":"","overlay-gradient":""},"mobile":{"background-color":"","background-image":"","background-repeat":"repeat","background-position":"center center","background-size":"auto","background-attachment":"scroll","background-type":"","background-media":"","overlay-type":"","overlay-color":"","overlay-opacity":"","overlay-gradient":""}},"ast-content-background-meta":{"desktop":{"background-color":"var(--ast-global-color-5)","background-image":"","background-repeat":"repeat","background-position":"center center","background-size":"auto","background-attachment":"scroll","background-type":"","background-media":"","overlay-type":"","overlay-color":"","overlay-opacity":"","overlay-gradient":""},"tablet":{"background-color":"var(--ast-global-color-5)","background-image":"","background-repeat":"repeat","background-position":"center center","background-size":"auto","background-attachment":"scroll","background-type":"","background-media":"","overlay-type":"","overlay-color":"","overlay-opacity":"","overlay-gradient":""},"mobile":{"background-color":"var(--ast-global-color-5)","background-image":"","background-repeat":"repeat","background-position":"center center","background-size":"auto","background-attachment":"scroll","background-type":"","background-media":"","overlay-type":"","overlay-color":"","overlay-opacity":"","overlay-gradient":""}},"iawp_total_views":10},"product_brand":[],"product_cat":[460,211,638],"product_tag":[],"class_list":{"0":"post-16027","1":"product","2":"type-product","3":"status-publish","4":"has-post-thumbnail","6":"product_cat-featured-products","7":"product_cat-hdmi","8":"product_cat-hdmi-cables","9":"desktop-align-left","10":"tablet-align-left","11":"mobile-align-left","13":"first","14":"instock","15":"shipping-taxable","16":"purchasable","17":"product-type-simple"},"acf":[],"_links":{"self":[{"href":"https:\/\/www.fjpremium.com\/es\/wp-json\/wp\/v2\/product\/16027","targetHints":{"allow":["GET"]}}],"collection":[{"href":"https:\/\/www.fjpremium.com\/es\/wp-json\/wp\/v2\/product"}],"about":[{"href":"https:\/\/www.fjpremium.com\/es\/wp-json\/wp\/v2\/types\/product"}],"wp:featuredmedia":[{"embeddable":true,"href":"https:\/\/www.fjpremium.com\/es\/wp-json\/wp\/v2\/media\/16061"}],"wp:attachment":[{"href":"https:\/\/www.fjpremium.com\/es\/wp-json\/wp\/v2\/media?parent=16027"}],"wp:term":[{"taxonomy":"product_brand","embeddable":true,"href":"https:\/\/www.fjpremium.com\/es\/wp-json\/wp\/v2\/product_brand?post=16027"},{"taxonomy":"product_cat","embeddable":true,"href":"https:\/\/www.fjpremium.com\/es\/wp-json\/wp\/v2\/product_cat?post=16027"},{"taxonomy":"product_tag","embeddable":true,"href":"https:\/\/www.fjpremium.com\/es\/wp-json\/wp\/v2\/product_tag?post=16027"}],"curies":[{"name":"wp","href":"https:\/\/api.w.org\/{rel}","templated":true}]}}