{"id":16024,"date":"2020-09-08T10:54:29","date_gmt":"2020-09-08T02:54:29","guid":{"rendered":"https:\/\/www.fjpremium.com\/?post_type=product&#038;p=16024"},"modified":"2023-12-14T13:51:53","modified_gmt":"2023-12-14T05:51:53","slug":"micro-hdmi-to-vga-adapter-cable-conerter","status":"publish","type":"product","link":"https:\/\/www.fjpremium.com\/es\/product\/micro-hdmi-to-vga-adapter-cable-conerter\/","title":{"rendered":"Venta al Mayor Adaptador de Monitor Micro HDMI Macho a Hembra a VGA 15 pines 1080p"},"content":{"rendered":"<p>Nuestro adaptador conecta sin esfuerzo dispositivos con Micro HDMI, como c\u00e1maras, a pantallas VGA tradicionales. Se acabaron las concesiones en cuanto a calidad; consigue presentaciones estelares en Full HD 1080p complementadas con un rico audio est\u00e9reo.<\/p>\n<p>No todos los dispositivos son tan potentes. Algunos necesitan un poco m\u00e1s, y ah\u00ed es donde entra en juego el cable Micro USB incluido, que proporciona ese impulso necesario.<\/p>\n<p>Sus especificaciones:<\/p>\n<ul>\n<li>Conductor del cable: Cobre desnudo<\/li>\n<li>Calibre del cable: 32AWG<\/li>\n<li>Longitud del cable: 25 cm<\/li>\n<li>Blindaje: Papel de aluminio, trenzado<\/li>\n<li>Cubierta: PVC<\/li>\n<\/ul>\n<p>Adem\u00e1s, este adaptador de monitor de 15 clavijas est\u00e1 chapado en oro para una mayor perfecci\u00f3n, est\u00e1 fabricado con un chip IC activo para una compatibilidad inigualable y cumple las normas RoHS y REACH.<\/p>\n<p>En resumen, p\u00f3ngase en contacto con nosotros hoy mismo y a\u00f1\u00e1dalo a su inventario.<\/p>","protected":false},"excerpt":{"rendered":"<p>Presentamos el adaptador de monitor Micro HDMI a VGA de 15 clavijas de FARSINCE, que garantiza una claridad HD 1080p y una compatibilidad superior.<\/p>","protected":false},"featured_media":16037,"template":"","meta":{"_acf_changed":false,"_seopress_robots_primary_cat":"","_seopress_titles_title":"Micro HDMI to VGA 15 pin Monitor Adapter 1080p %%sep%% %%sitetitle%%","_seopress_titles_desc":"","_seopress_robots_index":"","site-sidebar-layout":"default","site-content-layout":"default","ast-site-content-layout":"default","site-content-style":"default","site-sidebar-style":"default","ast-global-header-display":"","ast-banner-title-visibility":"","ast-main-header-display":"","ast-hfb-above-header-display":"","ast-hfb-below-header-display":"","ast-hfb-mobile-header-display":"","site-post-title":"","ast-breadcrumbs-content":"","ast-featured-img":"","footer-sml-layout":"","ast-disable-related-posts":"","theme-transparent-header-meta":"default","adv-header-id-meta":"","stick-header-meta":"","header-above-stick-meta":"","header-main-stick-meta":"","header-below-stick-meta":"","astra-migrate-meta-layouts":"set","ast-page-background-enabled":"default","ast-page-background-meta":{"desktop":{"background-color":"","background-image":"","background-repeat":"repeat","background-position":"center center","background-size":"auto","background-attachment":"scroll","background-type":"","background-media":"","overlay-type":"","overlay-color":"","overlay-opacity":"","overlay-gradient":""},"tablet":{"background-color":"","background-image":"","background-repeat":"repeat","background-position":"center center","background-size":"auto","background-attachment":"scroll","background-type":"","background-media":"","overlay-type":"","overlay-color":"","overlay-opacity":"","overlay-gradient":""},"mobile":{"background-color":"","background-image":"","background-repeat":"repeat","background-position":"center center","background-size":"auto","background-attachment":"scroll","background-type":"","background-media":"","overlay-type":"","overlay-color":"","overlay-opacity":"","overlay-gradient":""}},"ast-content-background-meta":{"desktop":{"background-color":"var(--ast-global-color-5)","background-image":"","background-repeat":"repeat","background-position":"center center","background-size":"auto","background-attachment":"scroll","background-type":"","background-media":"","overlay-type":"","overlay-color":"","overlay-opacity":"","overlay-gradient":""},"tablet":{"background-color":"var(--ast-global-color-5)","background-image":"","background-repeat":"repeat","background-position":"center center","background-size":"auto","background-attachment":"scroll","background-type":"","background-media":"","overlay-type":"","overlay-color":"","overlay-opacity":"","overlay-gradient":""},"mobile":{"background-color":"var(--ast-global-color-5)","background-image":"","background-repeat":"repeat","background-position":"center center","background-size":"auto","background-attachment":"scroll","background-type":"","background-media":"","overlay-type":"","overlay-color":"","overlay-opacity":"","overlay-gradient":""}},"iawp_total_views":5},"product_brand":[],"product_cat":[460,211,638],"product_tag":[],"class_list":{"0":"post-16024","1":"product","2":"type-product","3":"status-publish","4":"has-post-thumbnail","6":"product_cat-featured-products","7":"product_cat-hdmi","8":"product_cat-hdmi-cables","9":"desktop-align-left","10":"tablet-align-left","11":"mobile-align-left","13":"first","14":"instock","15":"shipping-taxable","16":"purchasable","17":"product-type-simple"},"acf":[],"_links":{"self":[{"href":"https:\/\/www.fjpremium.com\/es\/wp-json\/wp\/v2\/product\/16024","targetHints":{"allow":["GET"]}}],"collection":[{"href":"https:\/\/www.fjpremium.com\/es\/wp-json\/wp\/v2\/product"}],"about":[{"href":"https:\/\/www.fjpremium.com\/es\/wp-json\/wp\/v2\/types\/product"}],"wp:featuredmedia":[{"embeddable":true,"href":"https:\/\/www.fjpremium.com\/es\/wp-json\/wp\/v2\/media\/16037"}],"wp:attachment":[{"href":"https:\/\/www.fjpremium.com\/es\/wp-json\/wp\/v2\/media?parent=16024"}],"wp:term":[{"taxonomy":"product_brand","embeddable":true,"href":"https:\/\/www.fjpremium.com\/es\/wp-json\/wp\/v2\/product_brand?post=16024"},{"taxonomy":"product_cat","embeddable":true,"href":"https:\/\/www.fjpremium.com\/es\/wp-json\/wp\/v2\/product_cat?post=16024"},{"taxonomy":"product_tag","embeddable":true,"href":"https:\/\/www.fjpremium.com\/es\/wp-json\/wp\/v2\/product_tag?post=16024"}],"curies":[{"name":"wp","href":"https:\/\/api.w.org\/{rel}","templated":true}]}}