{"id":16011,"date":"2020-09-08T10:47:42","date_gmt":"2020-09-08T02:47:42","guid":{"rendered":"https:\/\/www.fjpremium.com\/?post_type=product&#038;p=16011"},"modified":"2023-12-22T17:13:55","modified_gmt":"2023-12-22T09:13:55","slug":"micro-hdmi-male-to-hdmi-female-adapter-cable","status":"publish","type":"product","link":"https:\/\/www.fjpremium.com\/es\/product\/micro-hdmi-male-to-hdmi-female-adapter-cable\/","title":{"rendered":"Adaptadores HDMI macho a hembra Micro Cable 4K"},"content":{"rendered":"<p>Al cumplir los protocolos HDMI m\u00e1s recientes, este cable adaptador Micro HDMI promete una r\u00e1pida transferencia de datos junto con interacciones superiores de audio, v\u00eddeo e Internet.<\/p>\n<p>Su conector micro HDMI-D, dise\u00f1ado con precisi\u00f3n para los nuevos tel\u00e9fonos m\u00f3viles y c\u00e1maras digitales, facilita sin esfuerzo la transferencia de v\u00eddeos v\u00edvidos e im\u00e1genes n\u00edtidas. Y tambi\u00e9n refleja el contenido en l\u00ednea de su smartphone en una pantalla m\u00e1s grande.<\/p>\n<p>El cable est\u00e1 dise\u00f1ado para satisfacer diversas necesidades, con resoluciones que van desde la cinematogr\u00e1fica 4K a 60 Hz hasta la b\u00e1sica 480i.<\/p>\n<p>Desde la compatibilidad con 3D y la riqueza de True HD Dolby 7.1 hasta la compatibilidad universal con dispositivos de GoPro, Lenovo y Sony, entre otros, es sin\u00f3nimo de flexibilidad y eficacia.<\/p>\n<p>Sus especificaciones:<\/p>\n<ul>\n<li>Conductor del cable: Cobre libre de ox\u00edgeno de alta pureza<\/li>\n<li>Calibre del cable: 32AWG<\/li>\n<li>Aislamiento: HDPE<\/li>\n<li>Cubierta: PVC<\/li>\n<li>Conforme: RoHS, REACH<\/li>\n<\/ul>\n<p>Adem\u00e1s, gracias a su precisi\u00f3n chapada en oro y a su riguroso blindaje, la durabilidad es un hecho. Por lo tanto, p\u00f3ngase en contacto con nosotros hoy mismo y p\u00eddalo.<\/p>","protected":false},"excerpt":{"rendered":"<p>Experimente una conectividad digital inigualable con el cable adaptador Micro HDMI de FARSINCE, que ofrece im\u00e1genes 4K, compatibilidad con m\u00faltiples dispositivos y una construcci\u00f3n premium.<\/p>","protected":false},"featured_media":24196,"template":"","meta":{"_acf_changed":false,"_seopress_robots_primary_cat":"","_seopress_titles_title":"Male to Female Micro HDMI Adapters Cable 4K - FARSINCE","_seopress_titles_desc":"","_seopress_robots_index":"","site-sidebar-layout":"default","site-content-layout":"default","ast-site-content-layout":"default","site-content-style":"default","site-sidebar-style":"default","ast-global-header-display":"","ast-banner-title-visibility":"","ast-main-header-display":"","ast-hfb-above-header-display":"","ast-hfb-below-header-display":"","ast-hfb-mobile-header-display":"","site-post-title":"","ast-breadcrumbs-content":"","ast-featured-img":"","footer-sml-layout":"","ast-disable-related-posts":"","theme-transparent-header-meta":"default","adv-header-id-meta":"","stick-header-meta":"","header-above-stick-meta":"","header-main-stick-meta":"","header-below-stick-meta":"","astra-migrate-meta-layouts":"set","ast-page-background-enabled":"default","ast-page-background-meta":{"desktop":{"background-color":"","background-image":"","background-repeat":"repeat","background-position":"center center","background-size":"auto","background-attachment":"scroll","background-type":"","background-media":"","overlay-type":"","overlay-color":"","overlay-opacity":"","overlay-gradient":""},"tablet":{"background-color":"","background-image":"","background-repeat":"repeat","background-position":"center center","background-size":"auto","background-attachment":"scroll","background-type":"","background-media":"","overlay-type":"","overlay-color":"","overlay-opacity":"","overlay-gradient":""},"mobile":{"background-color":"","background-image":"","background-repeat":"repeat","background-position":"center center","background-size":"auto","background-attachment":"scroll","background-type":"","background-media":"","overlay-type":"","overlay-color":"","overlay-opacity":"","overlay-gradient":""}},"ast-content-background-meta":{"desktop":{"background-color":"var(--ast-global-color-5)","background-image":"","background-repeat":"repeat","background-position":"center center","background-size":"auto","background-attachment":"scroll","background-type":"","background-media":"","overlay-type":"","overlay-color":"","overlay-opacity":"","overlay-gradient":""},"tablet":{"background-color":"var(--ast-global-color-5)","background-image":"","background-repeat":"repeat","background-position":"center center","background-size":"auto","background-attachment":"scroll","background-type":"","background-media":"","overlay-type":"","overlay-color":"","overlay-opacity":"","overlay-gradient":""},"mobile":{"background-color":"var(--ast-global-color-5)","background-image":"","background-repeat":"repeat","background-position":"center center","background-size":"auto","background-attachment":"scroll","background-type":"","background-media":"","overlay-type":"","overlay-color":"","overlay-opacity":"","overlay-gradient":""}},"iawp_total_views":8},"product_brand":[],"product_cat":[211,638],"product_tag":[],"class_list":{"0":"post-16011","1":"product","2":"type-product","3":"status-publish","4":"has-post-thumbnail","6":"product_cat-hdmi","7":"product_cat-hdmi-cables","8":"desktop-align-left","9":"tablet-align-left","10":"mobile-align-left","12":"first","13":"instock","14":"shipping-taxable","15":"purchasable","16":"product-type-simple"},"acf":[],"_links":{"self":[{"href":"https:\/\/www.fjpremium.com\/es\/wp-json\/wp\/v2\/product\/16011","targetHints":{"allow":["GET"]}}],"collection":[{"href":"https:\/\/www.fjpremium.com\/es\/wp-json\/wp\/v2\/product"}],"about":[{"href":"https:\/\/www.fjpremium.com\/es\/wp-json\/wp\/v2\/types\/product"}],"wp:featuredmedia":[{"embeddable":true,"href":"https:\/\/www.fjpremium.com\/es\/wp-json\/wp\/v2\/media\/24196"}],"wp:attachment":[{"href":"https:\/\/www.fjpremium.com\/es\/wp-json\/wp\/v2\/media?parent=16011"}],"wp:term":[{"taxonomy":"product_brand","embeddable":true,"href":"https:\/\/www.fjpremium.com\/es\/wp-json\/wp\/v2\/product_brand?post=16011"},{"taxonomy":"product_cat","embeddable":true,"href":"https:\/\/www.fjpremium.com\/es\/wp-json\/wp\/v2\/product_cat?post=16011"},{"taxonomy":"product_tag","embeddable":true,"href":"https:\/\/www.fjpremium.com\/es\/wp-json\/wp\/v2\/product_tag?post=16011"}],"curies":[{"name":"wp","href":"https:\/\/api.w.org\/{rel}","templated":true}]}}