{"id":15990,"date":"2020-09-08T10:38:44","date_gmt":"2020-09-08T02:38:44","guid":{"rendered":"https:\/\/www.fjpremium.com\/?post_type=product&#038;p=15990"},"modified":"2023-12-14T13:52:14","modified_gmt":"2023-12-14T05:52:14","slug":"hdmi-2-0-extension-cable","status":"publish","type":"product","link":"https:\/\/www.fjpremium.com\/es\/product\/hdmi-2-0-extension-cable\/","title":{"rendered":"Venta al por mayor HDMI 2.0 Cable de extensi\u00f3n HDMI 2.0 a HDMI 4K 15cm 2m 5m"},"content":{"rendered":"<p>Para garantizar no s\u00f3lo una imagen y un sonido impecables, sino tambi\u00e9n una fiabilidad inquebrantable, nuestro cable certificado \"Premium\" cuenta con una exclusiva etiqueta escaneable que da fe de su insuperable calidad.<\/p>\n<p>Su robusto triple escudo garantiza la protecci\u00f3n contra interferencias de la se\u00f1al, junto con la protecci\u00f3n EMI, para asegurar una experiencia de usuario impecable. Tambi\u00e9n mejora la conectividad entre PC, unidades de DVD o Blu-ray, monitores y televisores.<\/p>\n<p>Sus especificaciones:<\/p>\n<ul>\n<li>Contacto dorado; carcasa dorada<\/li>\n<li>Conductor del cable: Cobre libre de ox\u00edgeno de alta pureza<\/li>\n<li>Calibre del cable: 30AWG o 28AWG<\/li>\n<li>Cubierta: PVC<\/li>\n<li>Conforme: RoHS, REACH<\/li>\n<\/ul>\n<p>Y la inigualable destreza HDMI garantiza una resoluci\u00f3n de primera, versatilidad de audio din\u00e1mico y transferencia de datos a alta velocidad.<\/p>\n<p>En definitiva, p\u00f3ngase en contacto con nosotros e invierta en este cable alargador HDMI 2.0.<\/p>","protected":false},"excerpt":{"rendered":"<p>Sum\u00e9rgete en el futuro de la conectividad impecable con el cable de extensi\u00f3n HDMI 2.0 al por mayor de Farsince, que proporciona una claridad 4K inigualable, triple blindaje y protecci\u00f3n EMI.<\/p>","protected":false},"featured_media":23933,"template":"","meta":{"_acf_changed":false,"_seopress_robots_primary_cat":"","_seopress_titles_title":"Wholesale HDMI 2.0 Extension Cable %%sep%% %%sitetitle%%","_seopress_titles_desc":"Dive into the future of flawless connectivity with this wholesale HDMI 2.0 extension cable, providing unmatched 4K clarity, triple shielding, and EMI protection","_seopress_robots_index":"","site-sidebar-layout":"default","site-content-layout":"default","ast-site-content-layout":"default","site-content-style":"default","site-sidebar-style":"default","ast-global-header-display":"","ast-banner-title-visibility":"","ast-main-header-display":"","ast-hfb-above-header-display":"","ast-hfb-below-header-display":"","ast-hfb-mobile-header-display":"","site-post-title":"","ast-breadcrumbs-content":"","ast-featured-img":"","footer-sml-layout":"","ast-disable-related-posts":"","theme-transparent-header-meta":"default","adv-header-id-meta":"","stick-header-meta":"","header-above-stick-meta":"","header-main-stick-meta":"","header-below-stick-meta":"","astra-migrate-meta-layouts":"set","ast-page-background-enabled":"default","ast-page-background-meta":{"desktop":{"background-color":"","background-image":"","background-repeat":"repeat","background-position":"center center","background-size":"auto","background-attachment":"scroll","background-type":"","background-media":"","overlay-type":"","overlay-color":"","overlay-opacity":"","overlay-gradient":""},"tablet":{"background-color":"","background-image":"","background-repeat":"repeat","background-position":"center center","background-size":"auto","background-attachment":"scroll","background-type":"","background-media":"","overlay-type":"","overlay-color":"","overlay-opacity":"","overlay-gradient":""},"mobile":{"background-color":"","background-image":"","background-repeat":"repeat","background-position":"center center","background-size":"auto","background-attachment":"scroll","background-type":"","background-media":"","overlay-type":"","overlay-color":"","overlay-opacity":"","overlay-gradient":""}},"ast-content-background-meta":{"desktop":{"background-color":"var(--ast-global-color-5)","background-image":"","background-repeat":"repeat","background-position":"center center","background-size":"auto","background-attachment":"scroll","background-type":"","background-media":"","overlay-type":"","overlay-color":"","overlay-opacity":"","overlay-gradient":""},"tablet":{"background-color":"var(--ast-global-color-5)","background-image":"","background-repeat":"repeat","background-position":"center center","background-size":"auto","background-attachment":"scroll","background-type":"","background-media":"","overlay-type":"","overlay-color":"","overlay-opacity":"","overlay-gradient":""},"mobile":{"background-color":"var(--ast-global-color-5)","background-image":"","background-repeat":"repeat","background-position":"center center","background-size":"auto","background-attachment":"scroll","background-type":"","background-media":"","overlay-type":"","overlay-color":"","overlay-opacity":"","overlay-gradient":""}},"iawp_total_views":12},"product_brand":[],"product_cat":[211,638],"product_tag":[],"class_list":{"0":"post-15990","1":"product","2":"type-product","3":"status-publish","4":"has-post-thumbnail","6":"product_cat-hdmi","7":"product_cat-hdmi-cables","8":"desktop-align-left","9":"tablet-align-left","10":"mobile-align-left","12":"first","13":"instock","14":"shipping-taxable","15":"purchasable","16":"product-type-simple"},"acf":[],"_links":{"self":[{"href":"https:\/\/www.fjpremium.com\/es\/wp-json\/wp\/v2\/product\/15990","targetHints":{"allow":["GET"]}}],"collection":[{"href":"https:\/\/www.fjpremium.com\/es\/wp-json\/wp\/v2\/product"}],"about":[{"href":"https:\/\/www.fjpremium.com\/es\/wp-json\/wp\/v2\/types\/product"}],"wp:featuredmedia":[{"embeddable":true,"href":"https:\/\/www.fjpremium.com\/es\/wp-json\/wp\/v2\/media\/23933"}],"wp:attachment":[{"href":"https:\/\/www.fjpremium.com\/es\/wp-json\/wp\/v2\/media?parent=15990"}],"wp:term":[{"taxonomy":"product_brand","embeddable":true,"href":"https:\/\/www.fjpremium.com\/es\/wp-json\/wp\/v2\/product_brand?post=15990"},{"taxonomy":"product_cat","embeddable":true,"href":"https:\/\/www.fjpremium.com\/es\/wp-json\/wp\/v2\/product_cat?post=15990"},{"taxonomy":"product_tag","embeddable":true,"href":"https:\/\/www.fjpremium.com\/es\/wp-json\/wp\/v2\/product_tag?post=15990"}],"curies":[{"name":"wp","href":"https:\/\/api.w.org\/{rel}","templated":true}]}}