{"id":15946,"date":"2020-09-08T10:24:19","date_gmt":"2020-09-08T02:24:19","guid":{"rendered":"https:\/\/www.fjpremium.com\/?post_type=product&#038;p=15946"},"modified":"2023-12-14T13:52:15","modified_gmt":"2023-12-14T05:52:15","slug":"8k-hdmi-2-1-aoc-fiber-optic-cable","status":"publish","type":"product","link":"https:\/\/www.fjpremium.com\/es\/product\/8k-hdmi-2-1-aoc-fiber-optic-cable\/","title":{"rendered":"Cable \u00f3ptico HDMI 2.1 8K de fibra AOC"},"content":{"rendered":"<p>Este cable utiliza tecnolog\u00eda de fibra \u00f3ptica, una revolucionaria soluci\u00f3n de cableado que permite que las se\u00f1ales HDMI recorran largas distancias sin p\u00e9rdidas ni latencia.<\/p>\n<p>Dise\u00f1ado con una fusi\u00f3n de fibras \u00f3pticas y cables de cobre, garantiza que tanto las se\u00f1ales TMDS de alta velocidad como las se\u00f1ales de control de baja frecuencia se transmitan sin problemas.<\/p>\n<p>Adem\u00e1s, puede disfrutar de hasta 100 m de claridad de se\u00f1al sin la molestia de una fuente de alimentaci\u00f3n externa ni una calidad de se\u00f1al disminuida.<\/p>\n<p>Compatible con una pantalla UHD 8K@60hz, el cable \u00f3ptico de AOC est\u00e1 dise\u00f1ado para la excelencia y es resistente a EMI y RFI.<\/p>\n<p>Sus especificaciones:<\/p>\n<ul>\n<li>Contacto dorado; carcasa dorada<\/li>\n<li>Carcasa: Carcasa de aluminio<\/li>\n<li>Conductor del cable: Fibra (4*0,20mm), Cable de alimentaci\u00f3n: 24AWG (41\/0,08mm Cobre Esta\u00f1ado)<\/li>\n<li>Triple blindaje: Papel de aluminio, trenzado<\/li>\n<li>Cubierta: PVC<\/li>\n<li>Di\u00e1metro: 4,8\u00b10,15 mm<\/li>\n<li>Conforme: RoHS, REACH<\/li>\n<\/ul>\n<p>Tanto para un cine en casa como para un sistema de videovigilancia de alta definici\u00f3n, promete un rendimiento inigualable. Por lo tanto, elija el futuro; el\u00edjalo.<\/p>","protected":false},"excerpt":{"rendered":"<p>Descubra una claridad inigualable con el cable \u00f3ptico HDMI 2.1 AOC de fibra 8K de FARSINCE, que permite extender las se\u00f1ales HDMI a m\u00e1s de 100 m con soporte 8K@60hz.<\/p>","protected":false},"featured_media":15984,"template":"","meta":{"_acf_changed":false,"_seopress_robots_primary_cat":"","_seopress_titles_title":"2.1 8K Fiber HDMI 2.1 AOC Optical Cable - FARSINCE","_seopress_titles_desc":"","_seopress_robots_index":"","site-sidebar-layout":"default","site-content-layout":"default","ast-site-content-layout":"default","site-content-style":"default","site-sidebar-style":"default","ast-global-header-display":"","ast-banner-title-visibility":"","ast-main-header-display":"","ast-hfb-above-header-display":"","ast-hfb-below-header-display":"","ast-hfb-mobile-header-display":"","site-post-title":"","ast-breadcrumbs-content":"","ast-featured-img":"","footer-sml-layout":"","ast-disable-related-posts":"","theme-transparent-header-meta":"default","adv-header-id-meta":"","stick-header-meta":"","header-above-stick-meta":"","header-main-stick-meta":"","header-below-stick-meta":"","astra-migrate-meta-layouts":"set","ast-page-background-enabled":"default","ast-page-background-meta":{"desktop":{"background-color":"","background-image":"","background-repeat":"repeat","background-position":"center center","background-size":"auto","background-attachment":"scroll","background-type":"","background-media":"","overlay-type":"","overlay-color":"","overlay-opacity":"","overlay-gradient":""},"tablet":{"background-color":"","background-image":"","background-repeat":"repeat","background-position":"center center","background-size":"auto","background-attachment":"scroll","background-type":"","background-media":"","overlay-type":"","overlay-color":"","overlay-opacity":"","overlay-gradient":""},"mobile":{"background-color":"","background-image":"","background-repeat":"repeat","background-position":"center center","background-size":"auto","background-attachment":"scroll","background-type":"","background-media":"","overlay-type":"","overlay-color":"","overlay-opacity":"","overlay-gradient":""}},"ast-content-background-meta":{"desktop":{"background-color":"var(--ast-global-color-5)","background-image":"","background-repeat":"repeat","background-position":"center center","background-size":"auto","background-attachment":"scroll","background-type":"","background-media":"","overlay-type":"","overlay-color":"","overlay-opacity":"","overlay-gradient":""},"tablet":{"background-color":"var(--ast-global-color-5)","background-image":"","background-repeat":"repeat","background-position":"center center","background-size":"auto","background-attachment":"scroll","background-type":"","background-media":"","overlay-type":"","overlay-color":"","overlay-opacity":"","overlay-gradient":""},"mobile":{"background-color":"var(--ast-global-color-5)","background-image":"","background-repeat":"repeat","background-position":"center center","background-size":"auto","background-attachment":"scroll","background-type":"","background-media":"","overlay-type":"","overlay-color":"","overlay-opacity":"","overlay-gradient":""}},"iawp_total_views":8},"product_brand":[],"product_cat":[211,638,694],"product_tag":[],"class_list":{"0":"post-15946","1":"product","2":"type-product","3":"status-publish","4":"has-post-thumbnail","6":"product_cat-hdmi","7":"product_cat-hdmi-cables","8":"product_cat-aoc","9":"desktop-align-left","10":"tablet-align-left","11":"mobile-align-left","13":"first","14":"instock","15":"shipping-taxable","16":"purchasable","17":"product-type-simple"},"acf":[],"_links":{"self":[{"href":"https:\/\/www.fjpremium.com\/es\/wp-json\/wp\/v2\/product\/15946","targetHints":{"allow":["GET"]}}],"collection":[{"href":"https:\/\/www.fjpremium.com\/es\/wp-json\/wp\/v2\/product"}],"about":[{"href":"https:\/\/www.fjpremium.com\/es\/wp-json\/wp\/v2\/types\/product"}],"wp:featuredmedia":[{"embeddable":true,"href":"https:\/\/www.fjpremium.com\/es\/wp-json\/wp\/v2\/media\/15984"}],"wp:attachment":[{"href":"https:\/\/www.fjpremium.com\/es\/wp-json\/wp\/v2\/media?parent=15946"}],"wp:term":[{"taxonomy":"product_brand","embeddable":true,"href":"https:\/\/www.fjpremium.com\/es\/wp-json\/wp\/v2\/product_brand?post=15946"},{"taxonomy":"product_cat","embeddable":true,"href":"https:\/\/www.fjpremium.com\/es\/wp-json\/wp\/v2\/product_cat?post=15946"},{"taxonomy":"product_tag","embeddable":true,"href":"https:\/\/www.fjpremium.com\/es\/wp-json\/wp\/v2\/product_tag?post=15946"}],"curies":[{"name":"wp","href":"https:\/\/api.w.org\/{rel}","templated":true}]}}