{"id":15945,"date":"2020-09-08T10:24:19","date_gmt":"2020-09-08T02:24:19","guid":{"rendered":"https:\/\/www.fjpremium.com\/?post_type=product&#038;p=15945"},"modified":"2023-12-08T13:16:26","modified_gmt":"2023-12-08T05:16:26","slug":"hot-selling-braided-ultra-high-speed-hdmi-2-1-8k-cable-with-zinc-alloy-housing","status":"publish","type":"product","link":"https:\/\/www.fjpremium.com\/es\/product\/hot-selling-braided-ultra-high-speed-hdmi-2-1-8k-cable-with-zinc-alloy-housing\/","title":{"rendered":"Nylon trenzado Ultra HD Metal Cable HDMI para 8k 10k TV Box Cable Ethernet Adaptador HDMI"},"content":{"rendered":"<p>Dise\u00f1ado para ofrecer una claridad suprema, el cable trenzado de nailon no s\u00f3lo destaca por su durabilidad, sino tambi\u00e9n por la potencia de HDMI 2.1, que eleva la experiencia visual a impresionantes 8K @60Hz y vibrantes 4K@120Hz.<\/p>\n<p>M\u00e1s all\u00e1 de los impresionantes efectos visuales, abrazar\u00e1s un para\u00edso auditivo gracias a la compatibilidad con eARC, que adelanta formatos de audio como Dolby\u00ae TrueHD y DTS-HD Master Audio\u2122.<\/p>\n<p>Sus especificaciones:<\/p>\n<ul>\n<li>Contacto chapado en oro de 24 quilates; carcasa chapada en oro<\/li>\n<li>Conductor del cable: Cobre libre de ox\u00edgeno de alta pureza<\/li>\n<li>Calibre del cable: 30AWG(1-3M), 28(5M)<\/li>\n<li>Aislamiento: HDPE<\/li>\n<li>Cubierta: PVC blando<\/li>\n<li>Conforme: RoHS, REACH<\/li>\n<\/ul>\n<p>Adem\u00e1s, incluye funciones como el HDR din\u00e1mico, que se ajusta a la configuraci\u00f3n \u00f3ptima fotograma a fotograma, y el modo de juego r\u00e1pido VRR.<\/p>\n<p>Envuelto en una carcasa de aleaci\u00f3n de zinc y con triple apantallamiento para mayor pureza, nuestro cable Ethernet adaptador HDMI es una inversi\u00f3n en calidad sin compromisos y rendimiento sin igual.<\/p>\n<p>En resumen, p\u00f3ngase en contacto con nosotros hoy mismo e invierta en ella.<\/p>","protected":false},"excerpt":{"rendered":"<p>Eleve la calidad visual con el adaptador HDMI con cable Ethernet FARSINCE, dise\u00f1ado para televisores 8K y 10K, que promete una claridad inigualable, HDR din\u00e1mico, compatibilidad con eARC y mucho m\u00e1s.<\/p>","protected":false},"featured_media":15976,"template":"","meta":{"_acf_changed":false,"_seopress_robots_primary_cat":"","_seopress_titles_title":"Best 8k 10k TV Box Ethernet Cable HDMI Adapter - Farsince","_seopress_titles_desc":"","_seopress_robots_index":"","site-sidebar-layout":"default","site-content-layout":"default","ast-site-content-layout":"default","site-content-style":"default","site-sidebar-style":"default","ast-global-header-display":"","ast-banner-title-visibility":"","ast-main-header-display":"","ast-hfb-above-header-display":"","ast-hfb-below-header-display":"","ast-hfb-mobile-header-display":"","site-post-title":"","ast-breadcrumbs-content":"","ast-featured-img":"","footer-sml-layout":"","ast-disable-related-posts":"","theme-transparent-header-meta":"default","adv-header-id-meta":"","stick-header-meta":"","header-above-stick-meta":"","header-main-stick-meta":"","header-below-stick-meta":"","astra-migrate-meta-layouts":"set","ast-page-background-enabled":"default","ast-page-background-meta":{"desktop":{"background-color":"","background-image":"","background-repeat":"repeat","background-position":"center center","background-size":"auto","background-attachment":"scroll","background-type":"","background-media":"","overlay-type":"","overlay-color":"","overlay-opacity":"","overlay-gradient":""},"tablet":{"background-color":"","background-image":"","background-repeat":"repeat","background-position":"center center","background-size":"auto","background-attachment":"scroll","background-type":"","background-media":"","overlay-type":"","overlay-color":"","overlay-opacity":"","overlay-gradient":""},"mobile":{"background-color":"","background-image":"","background-repeat":"repeat","background-position":"center center","background-size":"auto","background-attachment":"scroll","background-type":"","background-media":"","overlay-type":"","overlay-color":"","overlay-opacity":"","overlay-gradient":""}},"ast-content-background-meta":{"desktop":{"background-color":"var(--ast-global-color-5)","background-image":"","background-repeat":"repeat","background-position":"center center","background-size":"auto","background-attachment":"scroll","background-type":"","background-media":"","overlay-type":"","overlay-color":"","overlay-opacity":"","overlay-gradient":""},"tablet":{"background-color":"var(--ast-global-color-5)","background-image":"","background-repeat":"repeat","background-position":"center center","background-size":"auto","background-attachment":"scroll","background-type":"","background-media":"","overlay-type":"","overlay-color":"","overlay-opacity":"","overlay-gradient":""},"mobile":{"background-color":"var(--ast-global-color-5)","background-image":"","background-repeat":"repeat","background-position":"center center","background-size":"auto","background-attachment":"scroll","background-type":"","background-media":"","overlay-type":"","overlay-color":"","overlay-opacity":"","overlay-gradient":""}},"iawp_total_views":6},"product_brand":[],"product_cat":[211],"product_tag":[],"class_list":{"0":"post-15945","1":"product","2":"type-product","3":"status-publish","4":"has-post-thumbnail","6":"product_cat-hdmi","7":"desktop-align-left","8":"tablet-align-left","9":"mobile-align-left","11":"first","12":"instock","13":"shipping-taxable","14":"purchasable","15":"product-type-simple"},"acf":[],"_links":{"self":[{"href":"https:\/\/www.fjpremium.com\/es\/wp-json\/wp\/v2\/product\/15945","targetHints":{"allow":["GET"]}}],"collection":[{"href":"https:\/\/www.fjpremium.com\/es\/wp-json\/wp\/v2\/product"}],"about":[{"href":"https:\/\/www.fjpremium.com\/es\/wp-json\/wp\/v2\/types\/product"}],"wp:featuredmedia":[{"embeddable":true,"href":"https:\/\/www.fjpremium.com\/es\/wp-json\/wp\/v2\/media\/15976"}],"wp:attachment":[{"href":"https:\/\/www.fjpremium.com\/es\/wp-json\/wp\/v2\/media?parent=15945"}],"wp:term":[{"taxonomy":"product_brand","embeddable":true,"href":"https:\/\/www.fjpremium.com\/es\/wp-json\/wp\/v2\/product_brand?post=15945"},{"taxonomy":"product_cat","embeddable":true,"href":"https:\/\/www.fjpremium.com\/es\/wp-json\/wp\/v2\/product_cat?post=15945"},{"taxonomy":"product_tag","embeddable":true,"href":"https:\/\/www.fjpremium.com\/es\/wp-json\/wp\/v2\/product_tag?post=15945"}],"curies":[{"name":"wp","href":"https:\/\/api.w.org\/{rel}","templated":true}]}}