{"id":15943,"date":"2020-10-08T10:24:17","date_gmt":"2020-10-08T02:24:17","guid":{"rendered":"https:\/\/www.fjpremium.com\/?post_type=product&#038;p=15943"},"modified":"2023-12-14T13:51:42","modified_gmt":"2023-12-14T05:51:42","slug":"ultra-high-speed-hdmi-2-1-8k-cable-2","status":"publish","type":"product","link":"https:\/\/www.fjpremium.com\/es\/product\/ultra-high-speed-hdmi-2-1-8k-cable-2\/","title":{"rendered":"Venta al por mayor HDMI Cable HDMI 2.1 a HDMI Soporte 8k @ 60hz 4k @ 120hz 48gbps HDCP"},"content":{"rendered":"<p>Nuestro cable HDMI al por mayor est\u00e1 dise\u00f1ado por expertos para soportar altas resoluciones como 8K @60Hz y 4K@120Hz. Es compatible con versiones anteriores de HDMI y aumenta el ancho de banda a 48 Gbps.<\/p>\n<p>Experimentar\u00e1s la potencia del HDR din\u00e1mico, que ajusta el brillo, el color y la profundidad en funci\u00f3n de escenas espec\u00edficas para una visualizaci\u00f3n \u00f3ptima.<\/p>\n<p>Este cable tambi\u00e9n es compatible con los formatos de audio m\u00e1s recientes a trav\u00e9s de eARC, incluidos DTS Master, DTS:X, Dolby True HD y Dolby Atmos.<\/p>\n<p>Sus especificaciones:<\/p>\n<ul>\n<li>Contacto chapado en oro de 24 quilates, carcasa chapada en oro<\/li>\n<li>Conductor del cable: Cobre libre de ox\u00edgeno de alta pureza<\/li>\n<li>Calibre del cable: 30AWG(1-3M), 28(5M)<\/li>\n<li>Aislamiento: HDPE<\/li>\n<li>Blindaje: Triple apantallado trenzado AL Foil, global AL Foil, trenzado 128# AL-MG, cubierto con l\u00e1mina de cobre y caja met\u00e1lica de apantallamiento en el enchufe.<\/li>\n<li>Cubierta: PVC blando<\/li>\n<li>Conforme: RoHS, REACH<\/li>\n<\/ul>\n<p>Sus nuevas incorporaciones, como el modo de baja latencia autom\u00e1tica (ALLM), la frecuencia de refresco variable (VRR), el transporte r\u00e1pido de fotogramas (QFT) y el cambio r\u00e1pido de medios (QMS), redefinen tu viaje de entretenimiento.<\/p>\n<p>En consecuencia, p\u00f3ngase en contacto con nosotros hoy mismo e invierta en ella.<\/p>","protected":false},"excerpt":{"rendered":"<p>Lleve su experiencia visual al siguiente nivel con el cable HDMI mayorista de FARSINCE, compatible con versiones anteriores y que ofrece un ancho de banda mejorado de hasta 48 Gbps.<\/p>","protected":false},"featured_media":23913,"template":"","meta":{"_acf_changed":false,"_seopress_robots_primary_cat":"","_seopress_titles_title":"Wholesale HDMI Cable HDMI 2.1 to HDMI - Farsince","_seopress_titles_desc":"","_seopress_robots_index":"","site-sidebar-layout":"default","site-content-layout":"default","ast-site-content-layout":"default","site-content-style":"default","site-sidebar-style":"default","ast-global-header-display":"","ast-banner-title-visibility":"","ast-main-header-display":"","ast-hfb-above-header-display":"","ast-hfb-below-header-display":"","ast-hfb-mobile-header-display":"","site-post-title":"","ast-breadcrumbs-content":"","ast-featured-img":"","footer-sml-layout":"","ast-disable-related-posts":"","theme-transparent-header-meta":"default","adv-header-id-meta":"","stick-header-meta":"","header-above-stick-meta":"","header-main-stick-meta":"","header-below-stick-meta":"","astra-migrate-meta-layouts":"set","ast-page-background-enabled":"default","ast-page-background-meta":{"desktop":{"background-color":"","background-image":"","background-repeat":"repeat","background-position":"center center","background-size":"auto","background-attachment":"scroll","background-type":"","background-media":"","overlay-type":"","overlay-color":"","overlay-opacity":"","overlay-gradient":""},"tablet":{"background-color":"","background-image":"","background-repeat":"repeat","background-position":"center center","background-size":"auto","background-attachment":"scroll","background-type":"","background-media":"","overlay-type":"","overlay-color":"","overlay-opacity":"","overlay-gradient":""},"mobile":{"background-color":"","background-image":"","background-repeat":"repeat","background-position":"center center","background-size":"auto","background-attachment":"scroll","background-type":"","background-media":"","overlay-type":"","overlay-color":"","overlay-opacity":"","overlay-gradient":""}},"ast-content-background-meta":{"desktop":{"background-color":"var(--ast-global-color-5)","background-image":"","background-repeat":"repeat","background-position":"center center","background-size":"auto","background-attachment":"scroll","background-type":"","background-media":"","overlay-type":"","overlay-color":"","overlay-opacity":"","overlay-gradient":""},"tablet":{"background-color":"var(--ast-global-color-5)","background-image":"","background-repeat":"repeat","background-position":"center center","background-size":"auto","background-attachment":"scroll","background-type":"","background-media":"","overlay-type":"","overlay-color":"","overlay-opacity":"","overlay-gradient":""},"mobile":{"background-color":"var(--ast-global-color-5)","background-image":"","background-repeat":"repeat","background-position":"center center","background-size":"auto","background-attachment":"scroll","background-type":"","background-media":"","overlay-type":"","overlay-color":"","overlay-opacity":"","overlay-gradient":""}},"iawp_total_views":18},"product_brand":[],"product_cat":[211,638],"product_tag":[],"class_list":{"0":"post-15943","1":"product","2":"type-product","3":"status-publish","4":"has-post-thumbnail","6":"product_cat-hdmi","7":"product_cat-hdmi-cables","8":"desktop-align-left","9":"tablet-align-left","10":"mobile-align-left","12":"first","13":"instock","14":"shipping-taxable","15":"purchasable","16":"product-type-simple"},"acf":[],"_links":{"self":[{"href":"https:\/\/www.fjpremium.com\/es\/wp-json\/wp\/v2\/product\/15943","targetHints":{"allow":["GET"]}}],"collection":[{"href":"https:\/\/www.fjpremium.com\/es\/wp-json\/wp\/v2\/product"}],"about":[{"href":"https:\/\/www.fjpremium.com\/es\/wp-json\/wp\/v2\/types\/product"}],"wp:featuredmedia":[{"embeddable":true,"href":"https:\/\/www.fjpremium.com\/es\/wp-json\/wp\/v2\/media\/23913"}],"wp:attachment":[{"href":"https:\/\/www.fjpremium.com\/es\/wp-json\/wp\/v2\/media?parent=15943"}],"wp:term":[{"taxonomy":"product_brand","embeddable":true,"href":"https:\/\/www.fjpremium.com\/es\/wp-json\/wp\/v2\/product_brand?post=15943"},{"taxonomy":"product_cat","embeddable":true,"href":"https:\/\/www.fjpremium.com\/es\/wp-json\/wp\/v2\/product_cat?post=15943"},{"taxonomy":"product_tag","embeddable":true,"href":"https:\/\/www.fjpremium.com\/es\/wp-json\/wp\/v2\/product_tag?post=15943"}],"curies":[{"name":"wp","href":"https:\/\/api.w.org\/{rel}","templated":true}]}}