{"id":15933,"date":"2020-09-08T10:19:40","date_gmt":"2020-09-08T02:19:40","guid":{"rendered":"https:\/\/www.fjpremium.com\/?post_type=product&#038;p=15933"},"modified":"2023-12-14T13:52:17","modified_gmt":"2023-12-14T05:52:17","slug":"worlds-thinnest-flexible-coaxial-40awg-hdmi-cable","status":"publish","type":"product","link":"https:\/\/www.fjpremium.com\/es\/product\/worlds-thinnest-flexible-coaxial-40awg-hdmi-cable\/","title":{"rendered":"M\u00e1s delgado 40AWG coaxial Super Slim HDMI Cable 2.5mm de di\u00e1metro"},"content":{"rendered":"<p>Con un di\u00e1metro ultrafino de 2,5 mm, el cable es 85% m\u00e1s fino y cinco veces m\u00e1s flexible que los cables HDMI est\u00e1ndar.<\/p>\n<p>Es incluso m\u00e1s \u00e1gil que un USB de carga de APPLE iPod\/iPhone. Adem\u00e1s, puede dar rienda suelta a vibrantes visuales 4K@60Hz y efectos 3D, ya sea en gafas AR\/VR, drones o c\u00e1maras UHD.<\/p>\n<p>M\u00faltiples conectores y opciones direccionales hacen que nuestro cable HDMI superdelgado sea vers\u00e1til, perfecto para esquinas estrechas y wearables.<\/p>\n<p>Sus especificaciones:<\/p>\n<ul>\n<li>Contacto chapado en oro de 24 quilates; carcasa chapada en oro<\/li>\n<li>Conductor del cable: Cable coaxial de cobre esta\u00f1ado<\/li>\n<li>Calibre del cable: 40AWG 2.5mm di\u00e1metro (0.3m-1.2m), 36AWG 3.3 di\u00e1metro(hasta 1.2m)<\/li>\n<li>Aislamiento: PET<\/li>\n<li>Blindaje: L\u00e1mina AL trenzada de triple apantallamiento, l\u00e1mina AL general, trenzado de cobre esta\u00f1ado<\/li>\n<li>Cubierta: PVC<\/li>\n<li>Conforme: RoHS, REACH<\/li>\n<\/ul>\n<p>Tambi\u00e9n viene con un ancho de banda de 18 Gbps y funciones como Dolby\u00ae TrueHD, dise\u00f1adas para la tecnolog\u00eda del ma\u00f1ana. En resumen, elija el futuro, elija lo mejor y elija nuestro producto.<\/p>","protected":false},"excerpt":{"rendered":"<p>Presentamos el cable HDMI coaxial superfino de 40AWG m\u00e1s fino de FARSINCE, el ep\u00edtome de la flexibilidad y la innovaci\u00f3n, compatible con 4K@60Hz, 3D y HDR.<\/p>","protected":false},"featured_media":15934,"template":"","meta":{"_acf_changed":false,"_seopress_robots_primary_cat":"","_seopress_titles_title":"Super Slim HDMI Cable 2.5mm Diameter - Farsince","_seopress_titles_desc":"","_seopress_robots_index":"","site-sidebar-layout":"default","site-content-layout":"default","ast-site-content-layout":"default","site-content-style":"default","site-sidebar-style":"default","ast-global-header-display":"","ast-banner-title-visibility":"","ast-main-header-display":"","ast-hfb-above-header-display":"","ast-hfb-below-header-display":"","ast-hfb-mobile-header-display":"","site-post-title":"","ast-breadcrumbs-content":"","ast-featured-img":"","footer-sml-layout":"","ast-disable-related-posts":"","theme-transparent-header-meta":"default","adv-header-id-meta":"","stick-header-meta":"","header-above-stick-meta":"","header-main-stick-meta":"","header-below-stick-meta":"","astra-migrate-meta-layouts":"set","ast-page-background-enabled":"default","ast-page-background-meta":{"desktop":{"background-color":"","background-image":"","background-repeat":"repeat","background-position":"center center","background-size":"auto","background-attachment":"scroll","background-type":"","background-media":"","overlay-type":"","overlay-color":"","overlay-opacity":"","overlay-gradient":""},"tablet":{"background-color":"","background-image":"","background-repeat":"repeat","background-position":"center center","background-size":"auto","background-attachment":"scroll","background-type":"","background-media":"","overlay-type":"","overlay-color":"","overlay-opacity":"","overlay-gradient":""},"mobile":{"background-color":"","background-image":"","background-repeat":"repeat","background-position":"center center","background-size":"auto","background-attachment":"scroll","background-type":"","background-media":"","overlay-type":"","overlay-color":"","overlay-opacity":"","overlay-gradient":""}},"ast-content-background-meta":{"desktop":{"background-color":"var(--ast-global-color-5)","background-image":"","background-repeat":"repeat","background-position":"center center","background-size":"auto","background-attachment":"scroll","background-type":"","background-media":"","overlay-type":"","overlay-color":"","overlay-opacity":"","overlay-gradient":""},"tablet":{"background-color":"var(--ast-global-color-5)","background-image":"","background-repeat":"repeat","background-position":"center center","background-size":"auto","background-attachment":"scroll","background-type":"","background-media":"","overlay-type":"","overlay-color":"","overlay-opacity":"","overlay-gradient":""},"mobile":{"background-color":"var(--ast-global-color-5)","background-image":"","background-repeat":"repeat","background-position":"center center","background-size":"auto","background-attachment":"scroll","background-type":"","background-media":"","overlay-type":"","overlay-color":"","overlay-opacity":"","overlay-gradient":""}},"iawp_total_views":30},"product_brand":[],"product_cat":[211,638],"product_tag":[],"class_list":{"0":"post-15933","1":"product","2":"type-product","3":"status-publish","4":"has-post-thumbnail","6":"product_cat-hdmi","7":"product_cat-hdmi-cables","8":"desktop-align-left","9":"tablet-align-left","10":"mobile-align-left","12":"first","13":"instock","14":"shipping-taxable","15":"purchasable","16":"product-type-simple"},"acf":[],"_links":{"self":[{"href":"https:\/\/www.fjpremium.com\/es\/wp-json\/wp\/v2\/product\/15933","targetHints":{"allow":["GET"]}}],"collection":[{"href":"https:\/\/www.fjpremium.com\/es\/wp-json\/wp\/v2\/product"}],"about":[{"href":"https:\/\/www.fjpremium.com\/es\/wp-json\/wp\/v2\/types\/product"}],"wp:featuredmedia":[{"embeddable":true,"href":"https:\/\/www.fjpremium.com\/es\/wp-json\/wp\/v2\/media\/15934"}],"wp:attachment":[{"href":"https:\/\/www.fjpremium.com\/es\/wp-json\/wp\/v2\/media?parent=15933"}],"wp:term":[{"taxonomy":"product_brand","embeddable":true,"href":"https:\/\/www.fjpremium.com\/es\/wp-json\/wp\/v2\/product_brand?post=15933"},{"taxonomy":"product_cat","embeddable":true,"href":"https:\/\/www.fjpremium.com\/es\/wp-json\/wp\/v2\/product_cat?post=15933"},{"taxonomy":"product_tag","embeddable":true,"href":"https:\/\/www.fjpremium.com\/es\/wp-json\/wp\/v2\/product_tag?post=15933"}],"curies":[{"name":"wp","href":"https:\/\/api.w.org\/{rel}","templated":true}]}}