{"id":15901,"date":"2020-09-08T10:09:19","date_gmt":"2020-09-08T02:09:19","guid":{"rendered":"https:\/\/www.fjpremium.com\/?post_type=product&#038;p=15901"},"modified":"2023-12-14T13:52:20","modified_gmt":"2023-12-14T05:52:20","slug":"angled-4k-hdmi-cable","status":"publish","type":"product","link":"https:\/\/www.fjpremium.com\/es\/product\/angled-4k-hdmi-cable\/","title":{"rendered":"Venta al por mayor chapado en oro derecha izquierda hacia arriba hacia abajo en \u00e1ngulo cable HDMI de 0,5 m a 2 mtr 4K 3D"},"content":{"rendered":"<p>El exclusivo cable HDMI en \u00e1ngulo aporta flexibilidad en cuatro direcciones: derecha, izquierda, arriba y abajo.<\/p>\n<p>Con una longitud de entre 0,5 y 2 m y chapado en oro para una conductividad superior, este cable es su billete a un mundo de brillo 3D 4K.<\/p>\n<p>Tanto si conecta dispositivos DVD o Blu-ray a su televisor como si enlaza un monitor a un PC o port\u00e1til, el conector en \u00e1ngulo de 90 grados garantiza un acceso c\u00f3modo y minimiza la tensi\u00f3n, protegiendo tanto el cable como los puertos.<\/p>\n<p>Adem\u00e1s, deleita con resoluciones de hasta 3840 x 2160 a 30 Hz y compatibilidad 3D de hasta 1080p con una frecuencia de actualizaci\u00f3n de 120 Hz.<\/p>\n<p>Desde la compatibilidad con Dolby\u00ae TrueHD y DTS-HD Master Audio\u2122 hasta la adopci\u00f3n del nuevo espacio de color avanzado, nuestro cable compatible con HDMI 1.4 lo ofrece todo.<\/p>\n<p>Adem\u00e1s, cumple las normas RoHS y REACH y est\u00e1 fabricado con cobre desnudo y cubierta de PVC. P\u00f3ngase en contacto con nosotros hoy mismo y a\u00f1\u00e1dalo a su inventario.<\/p>","protected":false},"excerpt":{"rendered":"<p>Eleve la experiencia de visualizaci\u00f3n con el cable HDMI en \u00e1ngulo de 90 grados de FARSINCE, disponible de 0,5 m a 2 m, compatible con resoluciones de hasta 3840 x 2160.<\/p>","protected":false},"featured_media":15912,"template":"","meta":{"_acf_changed":false,"_seopress_robots_primary_cat":"","_seopress_titles_title":"Right Left Upward Downward Angled HDMI Cable - Farsince","_seopress_titles_desc":"","_seopress_robots_index":"","site-sidebar-layout":"default","site-content-layout":"default","ast-site-content-layout":"default","site-content-style":"default","site-sidebar-style":"default","ast-global-header-display":"","ast-banner-title-visibility":"","ast-main-header-display":"","ast-hfb-above-header-display":"","ast-hfb-below-header-display":"","ast-hfb-mobile-header-display":"","site-post-title":"","ast-breadcrumbs-content":"","ast-featured-img":"","footer-sml-layout":"","ast-disable-related-posts":"","theme-transparent-header-meta":"default","adv-header-id-meta":"","stick-header-meta":"","header-above-stick-meta":"","header-main-stick-meta":"","header-below-stick-meta":"","astra-migrate-meta-layouts":"set","ast-page-background-enabled":"default","ast-page-background-meta":{"desktop":{"background-color":"","background-image":"","background-repeat":"repeat","background-position":"center center","background-size":"auto","background-attachment":"scroll","background-type":"","background-media":"","overlay-type":"","overlay-color":"","overlay-opacity":"","overlay-gradient":""},"tablet":{"background-color":"","background-image":"","background-repeat":"repeat","background-position":"center center","background-size":"auto","background-attachment":"scroll","background-type":"","background-media":"","overlay-type":"","overlay-color":"","overlay-opacity":"","overlay-gradient":""},"mobile":{"background-color":"","background-image":"","background-repeat":"repeat","background-position":"center center","background-size":"auto","background-attachment":"scroll","background-type":"","background-media":"","overlay-type":"","overlay-color":"","overlay-opacity":"","overlay-gradient":""}},"ast-content-background-meta":{"desktop":{"background-color":"var(--ast-global-color-5)","background-image":"","background-repeat":"repeat","background-position":"center center","background-size":"auto","background-attachment":"scroll","background-type":"","background-media":"","overlay-type":"","overlay-color":"","overlay-opacity":"","overlay-gradient":""},"tablet":{"background-color":"var(--ast-global-color-5)","background-image":"","background-repeat":"repeat","background-position":"center center","background-size":"auto","background-attachment":"scroll","background-type":"","background-media":"","overlay-type":"","overlay-color":"","overlay-opacity":"","overlay-gradient":""},"mobile":{"background-color":"var(--ast-global-color-5)","background-image":"","background-repeat":"repeat","background-position":"center center","background-size":"auto","background-attachment":"scroll","background-type":"","background-media":"","overlay-type":"","overlay-color":"","overlay-opacity":"","overlay-gradient":""}},"iawp_total_views":14},"product_brand":[],"product_cat":[211,638],"product_tag":[],"class_list":{"0":"post-15901","1":"product","2":"type-product","3":"status-publish","4":"has-post-thumbnail","6":"product_cat-hdmi","7":"product_cat-hdmi-cables","8":"desktop-align-left","9":"tablet-align-left","10":"mobile-align-left","12":"first","13":"instock","14":"shipping-taxable","15":"purchasable","16":"product-type-simple"},"acf":[],"_links":{"self":[{"href":"https:\/\/www.fjpremium.com\/es\/wp-json\/wp\/v2\/product\/15901","targetHints":{"allow":["GET"]}}],"collection":[{"href":"https:\/\/www.fjpremium.com\/es\/wp-json\/wp\/v2\/product"}],"about":[{"href":"https:\/\/www.fjpremium.com\/es\/wp-json\/wp\/v2\/types\/product"}],"wp:featuredmedia":[{"embeddable":true,"href":"https:\/\/www.fjpremium.com\/es\/wp-json\/wp\/v2\/media\/15912"}],"wp:attachment":[{"href":"https:\/\/www.fjpremium.com\/es\/wp-json\/wp\/v2\/media?parent=15901"}],"wp:term":[{"taxonomy":"product_brand","embeddable":true,"href":"https:\/\/www.fjpremium.com\/es\/wp-json\/wp\/v2\/product_brand?post=15901"},{"taxonomy":"product_cat","embeddable":true,"href":"https:\/\/www.fjpremium.com\/es\/wp-json\/wp\/v2\/product_cat?post=15901"},{"taxonomy":"product_tag","embeddable":true,"href":"https:\/\/www.fjpremium.com\/es\/wp-json\/wp\/v2\/product_tag?post=15901"}],"curies":[{"name":"wp","href":"https:\/\/api.w.org\/{rel}","templated":true}]}}