{"id":15900,"date":"2020-10-08T10:09:17","date_gmt":"2020-10-08T02:09:17","guid":{"rendered":"https:\/\/www.fjpremium.com\/?post_type=product&#038;p=15900"},"modified":"2023-12-14T13:51:43","modified_gmt":"2023-12-14T05:51:43","slug":"high-speed-hdmi-2-0-cable-aluminum-housing","status":"publish","type":"product","link":"https:\/\/www.fjpremium.com\/es\/product\/high-speed-hdmi-2-0-cable-aluminum-housing\/","title":{"rendered":"Venta al por mayor 4k Metal HDMI Macho a Macho 2.0 Nylon Braided Cable Cord"},"content":{"rendered":"<p>Fabricado con una carcasa de aluminio y compatible con 4K@60Hz, 3D, ARC, HDR y CEC 2.0, este cable lleva la experiencia del cine a tu espacio gracias a su compatibilidad con la relaci\u00f3n de aspecto 21:9.<\/p>\n<p>Dise\u00f1ado para una gran funcionalidad, permite la transmisi\u00f3n de 2 canales de v\u00eddeo y hasta 4 canales de audio simult\u00e1neamente, perfecto para configurar un robusto sistema de cine en casa o mejorar sus aplicaciones AV de sobremesa.<\/p>\n<p>Adem\u00e1s, viene con un ancho de banda de hasta 18 Gbps y una frecuencia de muestreo de audio de hasta 1536 kHz, listo para una transferencia de datos ultrarr\u00e1pida y un sonido ultran\u00edtido.<\/p>\n<p>Puede utilizar las funciones Ethernet del cable trenzado de nailon para conectar varios dispositivos HDMI con Ethernet a trav\u00e9s de una \u00fanica conexi\u00f3n, agilizando el acceso a los contenidos y la actualizaci\u00f3n del firmware de los dispositivos.<\/p>\n<p>Sus especificaciones:<\/p>\n<ul>\n<li>Contacto dorado, carcasa dorada<\/li>\n<li>Conductor del cable: Cobre libre de ox\u00edgeno de alta pureza<\/li>\n<li>Calibre del cable: 30AWG(1-3M), 28\/30AWG(5M), 26\/28AWG(7.5-10m)<\/li>\n<li>Triple apantallado: l\u00e1mina AL trenzada, l\u00e1mina AL total, trenzado<\/li>\n<li>Cubierta: PVC<\/li>\n<li>Conforme: RoHS, REACH<\/li>\n<\/ul>\n<p>Y puede confiar en su calidad, respaldada por una garant\u00eda de 5 a\u00f1os. Por lo tanto, p\u00f3ngase en contacto con nosotros hoy mismo y p\u00eddalo.<\/p>","protected":false},"excerpt":{"rendered":"<p>Mejore la experiencia de entretenimiento y transferencia de datos con el cable trenzado de nailon 2.0 macho a macho HDMI 4K met\u00e1lico al por mayor de FARSINCE.<\/p>","protected":false},"featured_media":23903,"template":"","meta":{"_acf_changed":false,"_seopress_robots_primary_cat":"","_seopress_titles_title":"HDMI Male to Male 2.0 Nylon Braided Cable Cord - Farsince","_seopress_titles_desc":"","_seopress_robots_index":"","site-sidebar-layout":"default","site-content-layout":"default","ast-site-content-layout":"default","site-content-style":"default","site-sidebar-style":"default","ast-global-header-display":"","ast-banner-title-visibility":"","ast-main-header-display":"","ast-hfb-above-header-display":"","ast-hfb-below-header-display":"","ast-hfb-mobile-header-display":"","site-post-title":"","ast-breadcrumbs-content":"","ast-featured-img":"","footer-sml-layout":"","ast-disable-related-posts":"","theme-transparent-header-meta":"default","adv-header-id-meta":"","stick-header-meta":"","header-above-stick-meta":"","header-main-stick-meta":"","header-below-stick-meta":"","astra-migrate-meta-layouts":"set","ast-page-background-enabled":"default","ast-page-background-meta":{"desktop":{"background-color":"","background-image":"","background-repeat":"repeat","background-position":"center center","background-size":"auto","background-attachment":"scroll","background-type":"","background-media":"","overlay-type":"","overlay-color":"","overlay-opacity":"","overlay-gradient":""},"tablet":{"background-color":"","background-image":"","background-repeat":"repeat","background-position":"center center","background-size":"auto","background-attachment":"scroll","background-type":"","background-media":"","overlay-type":"","overlay-color":"","overlay-opacity":"","overlay-gradient":""},"mobile":{"background-color":"","background-image":"","background-repeat":"repeat","background-position":"center center","background-size":"auto","background-attachment":"scroll","background-type":"","background-media":"","overlay-type":"","overlay-color":"","overlay-opacity":"","overlay-gradient":""}},"ast-content-background-meta":{"desktop":{"background-color":"var(--ast-global-color-5)","background-image":"","background-repeat":"repeat","background-position":"center center","background-size":"auto","background-attachment":"scroll","background-type":"","background-media":"","overlay-type":"","overlay-color":"","overlay-opacity":"","overlay-gradient":""},"tablet":{"background-color":"var(--ast-global-color-5)","background-image":"","background-repeat":"repeat","background-position":"center center","background-size":"auto","background-attachment":"scroll","background-type":"","background-media":"","overlay-type":"","overlay-color":"","overlay-opacity":"","overlay-gradient":""},"mobile":{"background-color":"var(--ast-global-color-5)","background-image":"","background-repeat":"repeat","background-position":"center center","background-size":"auto","background-attachment":"scroll","background-type":"","background-media":"","overlay-type":"","overlay-color":"","overlay-opacity":"","overlay-gradient":""}},"iawp_total_views":9},"product_brand":[],"product_cat":[211,638],"product_tag":[],"class_list":{"0":"post-15900","1":"product","2":"type-product","3":"status-publish","4":"has-post-thumbnail","6":"product_cat-hdmi","7":"product_cat-hdmi-cables","8":"desktop-align-left","9":"tablet-align-left","10":"mobile-align-left","12":"first","13":"instock","14":"shipping-taxable","15":"purchasable","16":"product-type-simple"},"acf":[],"_links":{"self":[{"href":"https:\/\/www.fjpremium.com\/es\/wp-json\/wp\/v2\/product\/15900","targetHints":{"allow":["GET"]}}],"collection":[{"href":"https:\/\/www.fjpremium.com\/es\/wp-json\/wp\/v2\/product"}],"about":[{"href":"https:\/\/www.fjpremium.com\/es\/wp-json\/wp\/v2\/types\/product"}],"wp:featuredmedia":[{"embeddable":true,"href":"https:\/\/www.fjpremium.com\/es\/wp-json\/wp\/v2\/media\/23903"}],"wp:attachment":[{"href":"https:\/\/www.fjpremium.com\/es\/wp-json\/wp\/v2\/media?parent=15900"}],"wp:term":[{"taxonomy":"product_brand","embeddable":true,"href":"https:\/\/www.fjpremium.com\/es\/wp-json\/wp\/v2\/product_brand?post=15900"},{"taxonomy":"product_cat","embeddable":true,"href":"https:\/\/www.fjpremium.com\/es\/wp-json\/wp\/v2\/product_cat?post=15900"},{"taxonomy":"product_tag","embeddable":true,"href":"https:\/\/www.fjpremium.com\/es\/wp-json\/wp\/v2\/product_tag?post=15900"}],"curies":[{"name":"wp","href":"https:\/\/api.w.org\/{rel}","templated":true}]}}