{"id":15891,"date":"2020-09-08T10:05:54","date_gmt":"2020-09-08T02:05:54","guid":{"rendered":"https:\/\/www.fjpremium.com\/?post_type=product&#038;p=15891"},"modified":"2023-12-14T13:52:20","modified_gmt":"2023-12-14T05:52:20","slug":"high-speed-hdmi-2-0-cable-dual-color","status":"publish","type":"product","link":"https:\/\/www.fjpremium.com\/es\/product\/high-speed-hdmi-2-0-cable-dual-color\/","title":{"rendered":"Dual Color Oro Alta Velocidad HDMI 2.0 4k Cable 1.5m 2m 3m 5m 10m"},"content":{"rendered":"<p>Dise\u00f1ado por expertos para aplicaciones HDMI de alta velocidad y resoluciones de v\u00eddeo de hasta 4k (2160p), este cable es perfecto para sistemas de cine en casa o configuraciones A\/V de sobremesa.<\/p>\n<p>La compatibilidad con HDMI 2.0 garantiza la conexi\u00f3n con los dispositivos m\u00e1s recientes, mientras que un ancho de banda de hasta 18 Gbps proporciona im\u00e1genes fluidas y sin retrasos.<\/p>\n<p>Adem\u00e1s de ser compatible con la relaci\u00f3n de aspecto cinematogr\u00e1fico 21:9, 3D y 1080p HFR (High Frame Rate) 3D, ofrece im\u00e1genes asombrosas con una frecuencia de refresco de hasta 120 Hz.<\/p>\n<p>Las funciones Ethernet integradas del cable HDMI 2.0 4K permiten la conexi\u00f3n a varios dispositivos HDMI con Ethernet, lo que simplifica el acceso a contenidos en l\u00ednea y las actualizaciones de firmware de los dispositivos.<\/p>\n<p>Los contactos chapados en oro, los conductores de cobre sin ox\u00edgeno y el triple apantallamiento garantizan una transmisi\u00f3n de se\u00f1al superior.<\/p>\n<p>Sus especificaciones:<\/p>\n<ul>\n<li>Conductor del cable: Cobre libre de ox\u00edgeno de alta pureza<\/li>\n<li>Calibre del cable: 30AWG(1-3M), 28\/30AWG(5M), 26\/28AWG(7.5-10m)<\/li>\n<li>Triple apantallado: l\u00e1mina AL trenzada, l\u00e1mina AL total, trenzado<\/li>\n<li>Cubierta: PVC<\/li>\n<li>Conforme: RoHS, REACH<\/li>\n<\/ul>\n<p>Adem\u00e1s, respaldado por una garant\u00eda de 5 a\u00f1os, garantiza un rendimiento duradero, una experiencia audiovisual \u00f3ptima y tranquilidad. P\u00f3ngase en contacto con nosotros hoy mismo y solicite nuestro cable.<\/p>","protected":false},"excerpt":{"rendered":"<p>Experimenta un entretenimiento visual sin interrupciones con el cable HDMI 2.0 4K de alta velocidad y color dual de FARSINCE, perfecto para el cine en casa o la configuraci\u00f3n de escritorio.<\/p>","protected":false},"featured_media":24150,"template":"","meta":{"_acf_changed":false,"_seopress_robots_primary_cat":"","_seopress_titles_title":"Best High Speed HDMI 2.0 4k Cable - Farsince","_seopress_titles_desc":"","_seopress_robots_index":"","site-sidebar-layout":"default","site-content-layout":"default","ast-site-content-layout":"default","site-content-style":"default","site-sidebar-style":"default","ast-global-header-display":"","ast-banner-title-visibility":"","ast-main-header-display":"","ast-hfb-above-header-display":"","ast-hfb-below-header-display":"","ast-hfb-mobile-header-display":"","site-post-title":"","ast-breadcrumbs-content":"","ast-featured-img":"","footer-sml-layout":"","ast-disable-related-posts":"","theme-transparent-header-meta":"default","adv-header-id-meta":"","stick-header-meta":"","header-above-stick-meta":"","header-main-stick-meta":"","header-below-stick-meta":"","astra-migrate-meta-layouts":"set","ast-page-background-enabled":"default","ast-page-background-meta":{"desktop":{"background-color":"","background-image":"","background-repeat":"repeat","background-position":"center center","background-size":"auto","background-attachment":"scroll","background-type":"","background-media":"","overlay-type":"","overlay-color":"","overlay-opacity":"","overlay-gradient":""},"tablet":{"background-color":"","background-image":"","background-repeat":"repeat","background-position":"center center","background-size":"auto","background-attachment":"scroll","background-type":"","background-media":"","overlay-type":"","overlay-color":"","overlay-opacity":"","overlay-gradient":""},"mobile":{"background-color":"","background-image":"","background-repeat":"repeat","background-position":"center center","background-size":"auto","background-attachment":"scroll","background-type":"","background-media":"","overlay-type":"","overlay-color":"","overlay-opacity":"","overlay-gradient":""}},"ast-content-background-meta":{"desktop":{"background-color":"var(--ast-global-color-5)","background-image":"","background-repeat":"repeat","background-position":"center center","background-size":"auto","background-attachment":"scroll","background-type":"","background-media":"","overlay-type":"","overlay-color":"","overlay-opacity":"","overlay-gradient":""},"tablet":{"background-color":"var(--ast-global-color-5)","background-image":"","background-repeat":"repeat","background-position":"center center","background-size":"auto","background-attachment":"scroll","background-type":"","background-media":"","overlay-type":"","overlay-color":"","overlay-opacity":"","overlay-gradient":""},"mobile":{"background-color":"var(--ast-global-color-5)","background-image":"","background-repeat":"repeat","background-position":"center center","background-size":"auto","background-attachment":"scroll","background-type":"","background-media":"","overlay-type":"","overlay-color":"","overlay-opacity":"","overlay-gradient":""}},"iawp_total_views":9},"product_brand":[],"product_cat":[211,638],"product_tag":[],"class_list":{"0":"post-15891","1":"product","2":"type-product","3":"status-publish","4":"has-post-thumbnail","6":"product_cat-hdmi","7":"product_cat-hdmi-cables","8":"desktop-align-left","9":"tablet-align-left","10":"mobile-align-left","12":"first","13":"instock","14":"shipping-taxable","15":"purchasable","16":"product-type-simple"},"acf":[],"_links":{"self":[{"href":"https:\/\/www.fjpremium.com\/es\/wp-json\/wp\/v2\/product\/15891","targetHints":{"allow":["GET"]}}],"collection":[{"href":"https:\/\/www.fjpremium.com\/es\/wp-json\/wp\/v2\/product"}],"about":[{"href":"https:\/\/www.fjpremium.com\/es\/wp-json\/wp\/v2\/types\/product"}],"wp:featuredmedia":[{"embeddable":true,"href":"https:\/\/www.fjpremium.com\/es\/wp-json\/wp\/v2\/media\/24150"}],"wp:attachment":[{"href":"https:\/\/www.fjpremium.com\/es\/wp-json\/wp\/v2\/media?parent=15891"}],"wp:term":[{"taxonomy":"product_brand","embeddable":true,"href":"https:\/\/www.fjpremium.com\/es\/wp-json\/wp\/v2\/product_brand?post=15891"},{"taxonomy":"product_cat","embeddable":true,"href":"https:\/\/www.fjpremium.com\/es\/wp-json\/wp\/v2\/product_cat?post=15891"},{"taxonomy":"product_tag","embeddable":true,"href":"https:\/\/www.fjpremium.com\/es\/wp-json\/wp\/v2\/product_tag?post=15891"}],"curies":[{"name":"wp","href":"https:\/\/api.w.org\/{rel}","templated":true}]}}