{"id":15836,"date":"2020-10-08T08:52:02","date_gmt":"2020-10-08T00:52:02","guid":{"rendered":"https:\/\/www.fjpremium.com\/?post_type=product&#038;p=15836"},"modified":"2023-12-14T13:51:44","modified_gmt":"2023-12-14T05:51:44","slug":"high-speed-hdmi-1-4-cable","status":"publish","type":"product","link":"https:\/\/www.fjpremium.com\/es\/product\/high-speed-hdmi-1-4-cable\/","title":{"rendered":"Venta al por mayor PC Cable de ordenador l 4K HDMI 1.4 CCS Cable 14+1 Cordones 1.2m 1.5m 3m 5m 10m 20m"},"content":{"rendered":"<p>El cable de ordenador al por mayor es vers\u00e1til y est\u00e1 disponible en longitudes de 1,2 m, 1,5 m, 3 m, 5 m, 10 m y 20 m para adaptarse a sus necesidades espec\u00edficas.<\/p>\n<p>Combina una transferencia de datos superior, audio-v\u00eddeo sincronizado y conexi\u00f3n Ethernet en una soluci\u00f3n sin fisuras, por lo que es esencial para conectar sus dispositivos DVD o Blu-ray a su televisor o monitor a su PC o port\u00e1til.<\/p>\n<p>Este cable CCS destaca por su compatibilidad con resoluciones 4K Ultra HD y 1080p Full HD, im\u00e1genes 3D, canal Ethernet, Deep Color de 48 bits y canal de retorno de audio (ARC).<\/p>\n<p>Disfruta de las im\u00e1genes realistas y el sonido envolvente que ofrece, lo que solo es posible si todos los dispositivos conectados est\u00e1n preparados para 4K. Y con una frecuencia de actualizaci\u00f3n de hasta 120 Hz, puedes esperar una visualizaci\u00f3n fluida y sin retrasos.<\/p>\n<p>Sus especificaciones:<\/p>\n<ul>\n<li>Conector: HDMI 1.4 Macho x 2<\/li>\n<li>Contacto dorado; carcasa dorada<\/li>\n<li>Conductor del cable: Acero revestido de cobre<\/li>\n<li>Calibre del cable: 30AWG(1-5M), 28AWG(7.5-10M), 26\/28AWG(12-20m)<\/li>\n<li>Aislamiento: HDPE<\/li>\n<li>Blindaje: Papel de aluminio<\/li>\n<li>Cubierta: PVC<\/li>\n<li>Conforme: RoHS, REACH<\/li>\n<\/ul>\n<p>Adem\u00e1s, junto con el espacio de color avanzado y la compatibilidad con Dolby\u00ae TrueHD y DTS-HD Master Audio\u2122, nuestro cable CCS eleva tu experiencia multimedia a nuevas cotas.<\/p>\n<p>En resumen, p\u00f3ngase en contacto con nosotros hoy mismo e invierta en ella.<\/p>","protected":false},"excerpt":{"rendered":"<p>Experimente una transferencia de datos estelar y audio y video sincronizados con el cable HDMI 1.4 CCS de alta velocidad de FARSINCE, su opci\u00f3n para conectar dispositivos de entretenimiento.<\/p>","protected":false},"featured_media":15837,"template":"","meta":{"_acf_changed":false,"_seopress_robots_primary_cat":"","_seopress_titles_title":"Best PC Computer Cable l 4K HDMI 1.4 CCS Cable - Farsince","_seopress_titles_desc":"","_seopress_robots_index":"","site-sidebar-layout":"default","site-content-layout":"default","ast-site-content-layout":"default","site-content-style":"default","site-sidebar-style":"default","ast-global-header-display":"","ast-banner-title-visibility":"","ast-main-header-display":"","ast-hfb-above-header-display":"","ast-hfb-below-header-display":"","ast-hfb-mobile-header-display":"","site-post-title":"","ast-breadcrumbs-content":"","ast-featured-img":"","footer-sml-layout":"","ast-disable-related-posts":"","theme-transparent-header-meta":"default","adv-header-id-meta":"","stick-header-meta":"","header-above-stick-meta":"","header-main-stick-meta":"","header-below-stick-meta":"","astra-migrate-meta-layouts":"set","ast-page-background-enabled":"default","ast-page-background-meta":{"desktop":{"background-color":"","background-image":"","background-repeat":"repeat","background-position":"center center","background-size":"auto","background-attachment":"scroll","background-type":"","background-media":"","overlay-type":"","overlay-color":"","overlay-opacity":"","overlay-gradient":""},"tablet":{"background-color":"","background-image":"","background-repeat":"repeat","background-position":"center center","background-size":"auto","background-attachment":"scroll","background-type":"","background-media":"","overlay-type":"","overlay-color":"","overlay-opacity":"","overlay-gradient":""},"mobile":{"background-color":"","background-image":"","background-repeat":"repeat","background-position":"center center","background-size":"auto","background-attachment":"scroll","background-type":"","background-media":"","overlay-type":"","overlay-color":"","overlay-opacity":"","overlay-gradient":""}},"ast-content-background-meta":{"desktop":{"background-color":"var(--ast-global-color-5)","background-image":"","background-repeat":"repeat","background-position":"center center","background-size":"auto","background-attachment":"scroll","background-type":"","background-media":"","overlay-type":"","overlay-color":"","overlay-opacity":"","overlay-gradient":""},"tablet":{"background-color":"var(--ast-global-color-5)","background-image":"","background-repeat":"repeat","background-position":"center center","background-size":"auto","background-attachment":"scroll","background-type":"","background-media":"","overlay-type":"","overlay-color":"","overlay-opacity":"","overlay-gradient":""},"mobile":{"background-color":"var(--ast-global-color-5)","background-image":"","background-repeat":"repeat","background-position":"center center","background-size":"auto","background-attachment":"scroll","background-type":"","background-media":"","overlay-type":"","overlay-color":"","overlay-opacity":"","overlay-gradient":""}},"iawp_total_views":5},"product_brand":[],"product_cat":[211,638],"product_tag":[],"class_list":{"0":"post-15836","1":"product","2":"type-product","3":"status-publish","4":"has-post-thumbnail","6":"product_cat-hdmi","7":"product_cat-hdmi-cables","8":"desktop-align-left","9":"tablet-align-left","10":"mobile-align-left","12":"first","13":"instock","14":"shipping-taxable","15":"purchasable","16":"product-type-simple"},"acf":[],"_links":{"self":[{"href":"https:\/\/www.fjpremium.com\/es\/wp-json\/wp\/v2\/product\/15836","targetHints":{"allow":["GET"]}}],"collection":[{"href":"https:\/\/www.fjpremium.com\/es\/wp-json\/wp\/v2\/product"}],"about":[{"href":"https:\/\/www.fjpremium.com\/es\/wp-json\/wp\/v2\/types\/product"}],"wp:featuredmedia":[{"embeddable":true,"href":"https:\/\/www.fjpremium.com\/es\/wp-json\/wp\/v2\/media\/15837"}],"wp:attachment":[{"href":"https:\/\/www.fjpremium.com\/es\/wp-json\/wp\/v2\/media?parent=15836"}],"wp:term":[{"taxonomy":"product_brand","embeddable":true,"href":"https:\/\/www.fjpremium.com\/es\/wp-json\/wp\/v2\/product_brand?post=15836"},{"taxonomy":"product_cat","embeddable":true,"href":"https:\/\/www.fjpremium.com\/es\/wp-json\/wp\/v2\/product_cat?post=15836"},{"taxonomy":"product_tag","embeddable":true,"href":"https:\/\/www.fjpremium.com\/es\/wp-json\/wp\/v2\/product_tag?post=15836"}],"curies":[{"name":"wp","href":"https:\/\/api.w.org\/{rel}","templated":true}]}}