{"id":15793,"date":"2020-08-11T13:57:17","date_gmt":"2020-08-11T05:57:17","guid":{"rendered":"https:\/\/www.fjpremium.com\/?post_type=product&#038;p=15793"},"modified":"2023-12-14T13:53:36","modified_gmt":"2023-12-14T05:53:36","slug":"farsince-usb-3-1-type-c-male-to-hdmi-female-4k-30hz-audio-adaptor-coupler-gold-plated","status":"publish","type":"product","link":"https:\/\/www.fjpremium.com\/es\/product\/farsince-usb-3-1-type-c-male-to-hdmi-female-4k-30hz-audio-adaptor-coupler-gold-plated\/","title":{"rendered":"4K 30hz Audio Adaptador USB C Macho a HDMI Hembra Acoplador Chapado en Oro"},"content":{"rendered":"<p>Envuelto en una robusta aleaci\u00f3n de aluminio y acabado en sofisticados colores gris o plata, este adaptador USB C macho a HDMI hembra irradia calidad y estilo.<\/p>\n<p>Con conectores chapados en oro, garantiza un rendimiento ininterrumpido y de primera calidad. Y experimentar\u00e1 la verdadera potencia de la resoluci\u00f3n 4K*2K con una conexi\u00f3n Type-C 3.1, que garantiza la compatibilidad con los dispositivos m\u00e1s recientes.<\/p>\n<p>El est\u00e1ndar USB 3.1 admite velocidades de transferencia de datos de hasta 10 Gbs, lo que permite disfrutar de contenidos de alta definici\u00f3n sin interrupciones.<\/p>\n<p>Adem\u00e1s, con 2 a\u00f1os de garant\u00eda y homologaci\u00f3n CE, FCC y RoHS, el adaptador garantiza tranquilidad y garant\u00eda de calidad. As\u00ed pues, p\u00f3ngase en contacto con nosotros hoy mismo y p\u00eddalo.<\/p>","protected":false},"excerpt":{"rendered":"<p class=\"ma-title\" title=\"FARSINCE Acoplador adaptador de audio USB 3.1 Type-C macho a HDMI hembra 4K 30hz chapado en oro\" data-spm-anchor-id=\"a2700.wholesale.maonnacta.i0.30866e45EiEVGv\">Experimenta el aut\u00e9ntico brillo 4K con el acoplador adaptador USB C macho a HDMI hembra de audio 4K 30hz, revestido de aleaci\u00f3n de aluminio, que ofrece una velocidad de transferencia de datos de hasta 10Gbs.<\/p>","protected":false},"featured_media":15819,"template":"","meta":{"_acf_changed":false,"_seopress_robots_primary_cat":"","_seopress_titles_title":"4K 30hz Audio USB C Male to HDMI Female Adapter - Farsince","_seopress_titles_desc":"Experience true 4K brilliance with 4K 30hz audio USB C male to HDMI female adapter coupler, encased in aluminum alloy, offering up to 10Gbs data transfer speed. ","_seopress_robots_index":"","site-sidebar-layout":"default","site-content-layout":"default","ast-site-content-layout":"default","site-content-style":"default","site-sidebar-style":"default","ast-global-header-display":"","ast-banner-title-visibility":"","ast-main-header-display":"","ast-hfb-above-header-display":"","ast-hfb-below-header-display":"","ast-hfb-mobile-header-display":"","site-post-title":"","ast-breadcrumbs-content":"","ast-featured-img":"","footer-sml-layout":"","ast-disable-related-posts":"","theme-transparent-header-meta":"default","adv-header-id-meta":"","stick-header-meta":"","header-above-stick-meta":"","header-main-stick-meta":"","header-below-stick-meta":"","astra-migrate-meta-layouts":"set","ast-page-background-enabled":"default","ast-page-background-meta":{"desktop":{"background-color":"","background-image":"","background-repeat":"repeat","background-position":"center center","background-size":"auto","background-attachment":"scroll","background-type":"","background-media":"","overlay-type":"","overlay-color":"","overlay-opacity":"","overlay-gradient":""},"tablet":{"background-color":"","background-image":"","background-repeat":"repeat","background-position":"center center","background-size":"auto","background-attachment":"scroll","background-type":"","background-media":"","overlay-type":"","overlay-color":"","overlay-opacity":"","overlay-gradient":""},"mobile":{"background-color":"","background-image":"","background-repeat":"repeat","background-position":"center center","background-size":"auto","background-attachment":"scroll","background-type":"","background-media":"","overlay-type":"","overlay-color":"","overlay-opacity":"","overlay-gradient":""}},"ast-content-background-meta":{"desktop":{"background-color":"var(--ast-global-color-5)","background-image":"","background-repeat":"repeat","background-position":"center center","background-size":"auto","background-attachment":"scroll","background-type":"","background-media":"","overlay-type":"","overlay-color":"","overlay-opacity":"","overlay-gradient":""},"tablet":{"background-color":"var(--ast-global-color-5)","background-image":"","background-repeat":"repeat","background-position":"center center","background-size":"auto","background-attachment":"scroll","background-type":"","background-media":"","overlay-type":"","overlay-color":"","overlay-opacity":"","overlay-gradient":""},"mobile":{"background-color":"var(--ast-global-color-5)","background-image":"","background-repeat":"repeat","background-position":"center center","background-size":"auto","background-attachment":"scroll","background-type":"","background-media":"","overlay-type":"","overlay-color":"","overlay-opacity":"","overlay-gradient":""}},"iawp_total_views":3},"product_brand":[],"product_cat":[252],"product_tag":[],"class_list":{"0":"post-15793","1":"product","2":"type-product","3":"status-publish","4":"has-post-thumbnail","6":"product_cat-bulk-cables","7":"desktop-align-left","8":"tablet-align-left","9":"mobile-align-left","11":"first","12":"instock","13":"shipping-taxable","14":"purchasable","15":"product-type-simple"},"acf":[],"_links":{"self":[{"href":"https:\/\/www.fjpremium.com\/es\/wp-json\/wp\/v2\/product\/15793","targetHints":{"allow":["GET"]}}],"collection":[{"href":"https:\/\/www.fjpremium.com\/es\/wp-json\/wp\/v2\/product"}],"about":[{"href":"https:\/\/www.fjpremium.com\/es\/wp-json\/wp\/v2\/types\/product"}],"wp:featuredmedia":[{"embeddable":true,"href":"https:\/\/www.fjpremium.com\/es\/wp-json\/wp\/v2\/media\/15819"}],"wp:attachment":[{"href":"https:\/\/www.fjpremium.com\/es\/wp-json\/wp\/v2\/media?parent=15793"}],"wp:term":[{"taxonomy":"product_brand","embeddable":true,"href":"https:\/\/www.fjpremium.com\/es\/wp-json\/wp\/v2\/product_brand?post=15793"},{"taxonomy":"product_cat","embeddable":true,"href":"https:\/\/www.fjpremium.com\/es\/wp-json\/wp\/v2\/product_cat?post=15793"},{"taxonomy":"product_tag","embeddable":true,"href":"https:\/\/www.fjpremium.com\/es\/wp-json\/wp\/v2\/product_tag?post=15793"}],"curies":[{"name":"wp","href":"https:\/\/api.w.org\/{rel}","templated":true}]}}