{"id":15792,"date":"2020-08-11T13:57:16","date_gmt":"2020-08-11T05:57:16","guid":{"rendered":"https:\/\/www.fjpremium.com\/?post_type=product&#038;p=15792"},"modified":"2023-12-14T13:53:37","modified_gmt":"2023-12-14T05:53:37","slug":"farsince-high-quality-android-phone-usb-c-3-1-type-c-to-hdmi-hdtv-screen-mirroring-cable-support-swith-pd3-0-100w-4k","status":"publish","type":"product","link":"https:\/\/www.fjpremium.com\/es\/product\/farsince-high-quality-android-phone-usb-c-3-1-type-c-to-hdmi-hdtv-screen-mirroring-cable-support-swith-pd3-0-100w-4k\/","title":{"rendered":"USB-C 3.1 Micro USB a HDMI Cable para tel\u00e9fono Android Soporte Switch PD3.0 100W 4K"},"content":{"rendered":"<div>\n<div data-section=\"AliMagic-45gq4l\" data-section-title=\"Product Description\" data-spm-anchor-id=\"a2700.wholesale.pronpeci14.i0.5b1d4d3c2Ntw9a\">\n<p>Envuelto en una elegante funda de PVC y disponible en un vibrante color rojo o en tonos personalizados, nuestro cable de 2 m no es un accesorio m\u00e1s; es una declaraci\u00f3n de estilo de vida.<\/p>\n<p>Podr\u00e1 sumergirse en una resoluci\u00f3n 4K*2K en su televisor HD y disfrutar de v\u00eddeos, juegos, fotos y otros contenidos multimedia en alta definici\u00f3n como nunca antes.<\/p>\n<p>Este cable es compatible con la interfaz USB 3.1 de tipo C y admite dispositivos con funci\u00f3n DP, lo que abre nuevas dimensiones en conectividad.<\/p>\n<p>Gracias a la sencilla funci\u00f3n \"plug and play\", hasta los m\u00e1s reacios a la tecnolog\u00eda pueden conectar sus dispositivos sin esfuerzo.<\/p>\n<p>Adem\u00e1s, est\u00e1 respaldado por HDMI ATC, ROHS y REACH aprobaciones y viene con una garant\u00eda de 2 a\u00f1os. En general, p\u00f3ngase en contacto con nosotros hoy mismo e invierta en el cable Micro USB a HDMI para tel\u00e9fonos Android.<\/p>\n<\/div>\n<\/div>","protected":false},"excerpt":{"rendered":"<p title=\"FARSINCE tel\u00e9fono Android de alta calidad USB-C 3,1 tipo C a HDMI hdtv cable de duplicaci\u00f3n de pantalla compatible con Swith PD3.0 100W 4K\" data-spm-anchor-id=\"a2700.wholesale.maonnacta.i0.61ae3d9cOK5kDT\">Libere la brillantez 4K*2K con el cable USB-C 3.1 Micro USB a HDMI para tel\u00e9fonos Android, que cuenta con f\u00e1cil conexi\u00f3n, videos 1080P, audio digital y compatibilidad con equipos funcionales DP.<\/p>","protected":false},"featured_media":15811,"template":"","meta":{"_acf_changed":false,"_seopress_robots_primary_cat":"","_seopress_titles_title":"Best Micro USB to HDMI Cable for Android Phone - Farsince","_seopress_titles_desc":"Unleash 4K*2K brilliance with the USB-C 3.1 micro USB to HDMI cable for Android phones, boasting easy plug-and-play, 1080P videos and digital audio.","_seopress_robots_index":"","site-sidebar-layout":"default","site-content-layout":"default","ast-site-content-layout":"default","site-content-style":"default","site-sidebar-style":"default","ast-global-header-display":"","ast-banner-title-visibility":"","ast-main-header-display":"","ast-hfb-above-header-display":"","ast-hfb-below-header-display":"","ast-hfb-mobile-header-display":"","site-post-title":"","ast-breadcrumbs-content":"","ast-featured-img":"","footer-sml-layout":"","ast-disable-related-posts":"","theme-transparent-header-meta":"default","adv-header-id-meta":"","stick-header-meta":"","header-above-stick-meta":"","header-main-stick-meta":"","header-below-stick-meta":"","astra-migrate-meta-layouts":"set","ast-page-background-enabled":"default","ast-page-background-meta":{"desktop":{"background-color":"","background-image":"","background-repeat":"repeat","background-position":"center center","background-size":"auto","background-attachment":"scroll","background-type":"","background-media":"","overlay-type":"","overlay-color":"","overlay-opacity":"","overlay-gradient":""},"tablet":{"background-color":"","background-image":"","background-repeat":"repeat","background-position":"center center","background-size":"auto","background-attachment":"scroll","background-type":"","background-media":"","overlay-type":"","overlay-color":"","overlay-opacity":"","overlay-gradient":""},"mobile":{"background-color":"","background-image":"","background-repeat":"repeat","background-position":"center center","background-size":"auto","background-attachment":"scroll","background-type":"","background-media":"","overlay-type":"","overlay-color":"","overlay-opacity":"","overlay-gradient":""}},"ast-content-background-meta":{"desktop":{"background-color":"var(--ast-global-color-5)","background-image":"","background-repeat":"repeat","background-position":"center center","background-size":"auto","background-attachment":"scroll","background-type":"","background-media":"","overlay-type":"","overlay-color":"","overlay-opacity":"","overlay-gradient":""},"tablet":{"background-color":"var(--ast-global-color-5)","background-image":"","background-repeat":"repeat","background-position":"center center","background-size":"auto","background-attachment":"scroll","background-type":"","background-media":"","overlay-type":"","overlay-color":"","overlay-opacity":"","overlay-gradient":""},"mobile":{"background-color":"var(--ast-global-color-5)","background-image":"","background-repeat":"repeat","background-position":"center center","background-size":"auto","background-attachment":"scroll","background-type":"","background-media":"","overlay-type":"","overlay-color":"","overlay-opacity":"","overlay-gradient":""}},"iawp_total_views":8},"product_brand":[],"product_cat":[252],"product_tag":[],"class_list":{"0":"post-15792","1":"product","2":"type-product","3":"status-publish","4":"has-post-thumbnail","6":"product_cat-bulk-cables","7":"desktop-align-left","8":"tablet-align-left","9":"mobile-align-left","11":"first","12":"instock","13":"shipping-taxable","14":"purchasable","15":"product-type-simple"},"acf":[],"_links":{"self":[{"href":"https:\/\/www.fjpremium.com\/es\/wp-json\/wp\/v2\/product\/15792","targetHints":{"allow":["GET"]}}],"collection":[{"href":"https:\/\/www.fjpremium.com\/es\/wp-json\/wp\/v2\/product"}],"about":[{"href":"https:\/\/www.fjpremium.com\/es\/wp-json\/wp\/v2\/types\/product"}],"wp:featuredmedia":[{"embeddable":true,"href":"https:\/\/www.fjpremium.com\/es\/wp-json\/wp\/v2\/media\/15811"}],"wp:attachment":[{"href":"https:\/\/www.fjpremium.com\/es\/wp-json\/wp\/v2\/media?parent=15792"}],"wp:term":[{"taxonomy":"product_brand","embeddable":true,"href":"https:\/\/www.fjpremium.com\/es\/wp-json\/wp\/v2\/product_brand?post=15792"},{"taxonomy":"product_cat","embeddable":true,"href":"https:\/\/www.fjpremium.com\/es\/wp-json\/wp\/v2\/product_cat?post=15792"},{"taxonomy":"product_tag","embeddable":true,"href":"https:\/\/www.fjpremium.com\/es\/wp-json\/wp\/v2\/product_tag?post=15792"}],"curies":[{"name":"wp","href":"https:\/\/api.w.org\/{rel}","templated":true}]}}