{"id":15790,"date":"2020-08-11T13:57:14","date_gmt":"2020-08-11T05:57:14","guid":{"rendered":"https:\/\/www.fjpremium.com\/?post_type=product&#038;p=15790"},"modified":"2023-12-14T13:53:38","modified_gmt":"2023-12-14T05:53:38","slug":"farsince-phone-to-hdtv-converter-for-lightning-to-hdmi-vga-jack-audio-tv-adapter-cable-for-iso-phone-x-8-7-7-plus-6-6s","status":"publish","type":"product","link":"https:\/\/www.fjpremium.com\/es\/product\/farsince-phone-to-hdtv-converter-for-lightning-to-hdmi-vga-jack-audio-tv-adapter-cable-for-iso-phone-x-8-7-7-plus-6-6s\/","title":{"rendered":"FARSINCE tel\u00e9fono a hdtv Convertidor Para Lightning a Tel\u00e9fono a HDTV Convertidor Para Lightning a HDMI VGA Jack Audio TV Cable Adaptador Para IOS Tel\u00e9fono X 8 7 7 Plus 6 6SVGA Jack Audio TV Cable Adaptador Para iso Tel\u00e9fono X 8 7 Plus 6 6S"},"content":{"rendered":"<div>\n<div data-section=\"AliMagic-45gq4l\" data-section-title=\"Product Description\" data-spm-anchor-id=\"a2700.wholesale.pronpeci14.i0.5b1d4d3c2Ntw9a\">\n<p>Este vers\u00e1til adaptador, disponible en elegante plata o negro, est\u00e1 hecho a medida para la serie iPhone X hasta el iPhone 5, as\u00ed como para iPads y iPod Touch.<\/p>\n<p>Con un di\u00e1metro exterior de 5,0 mm, conectores HDTV de oro y una longitud de 2 metros, proporciona un puente sin igual a su universo visual y auditivo.<\/p>\n<p>El cable adaptador de TV no s\u00f3lo es compatible con HDMI, sino tambi\u00e9n con VGA y AV, lo que permite reflejar la pantalla de su dispositivo en alta definici\u00f3n de hasta 1080p.<\/p>\n<p>Disfrutar\u00e1 de programas de TV, pel\u00edculas, m\u00fasica y mucho m\u00e1s con una sencilla configuraci\u00f3n plug-and-play, sin aplicaciones adicionales. Adem\u00e1s, sus 2 a\u00f1os de garant\u00eda y el cumplimiento de las normas CE FCC RoHS garantizan una tranquilidad duradera.<\/p>\n<p>Adem\u00e1s, ten en cuenta que requiere una fuente de alimentaci\u00f3n (5V 1A) y no es compatible con algunos v\u00eddeos de pago en aplicaciones.<\/p>\n<p>En conclusi\u00f3n, p\u00f3ngase en contacto con nosotros hoy mismo y enc\u00e1rguelo para transformar su proyecto.<\/p>\n<\/div>\n<\/div>","protected":false},"excerpt":{"rendered":"<p title=\"FARSINCE convertidor de tel\u00e9fono a hdtv para Lightning a HDMI VGA Jack Audio TV Cable adaptador para tel\u00e9fono iso X 8 7 7 Plus 6 6S\" data-spm-anchor-id=\"a2700.wholesale.maonnacta.i0.7e784cfasNEs4V\">Eleve el entretenimiento con el cable adaptador de TV FARSINCE, compatible con varios modelos de iPhone y iPads, compatible con HDMI, VGA, AV y espejos de hasta 1080p HD.<\/p>","protected":false},"featured_media":15795,"template":"","meta":{"_acf_changed":false,"_seopress_robots_primary_cat":"","_seopress_titles_title":"Best Lightning to HDMI VGA Jack Audio TV Adapter Cable - Farsince","_seopress_titles_desc":"","_seopress_robots_index":"","site-sidebar-layout":"default","site-content-layout":"default","ast-site-content-layout":"default","site-content-style":"default","site-sidebar-style":"default","ast-global-header-display":"","ast-banner-title-visibility":"","ast-main-header-display":"","ast-hfb-above-header-display":"","ast-hfb-below-header-display":"","ast-hfb-mobile-header-display":"","site-post-title":"","ast-breadcrumbs-content":"","ast-featured-img":"","footer-sml-layout":"","ast-disable-related-posts":"","theme-transparent-header-meta":"default","adv-header-id-meta":"","stick-header-meta":"","header-above-stick-meta":"","header-main-stick-meta":"","header-below-stick-meta":"","astra-migrate-meta-layouts":"set","ast-page-background-enabled":"default","ast-page-background-meta":{"desktop":{"background-color":"","background-image":"","background-repeat":"repeat","background-position":"center center","background-size":"auto","background-attachment":"scroll","background-type":"","background-media":"","overlay-type":"","overlay-color":"","overlay-opacity":"","overlay-gradient":""},"tablet":{"background-color":"","background-image":"","background-repeat":"repeat","background-position":"center center","background-size":"auto","background-attachment":"scroll","background-type":"","background-media":"","overlay-type":"","overlay-color":"","overlay-opacity":"","overlay-gradient":""},"mobile":{"background-color":"","background-image":"","background-repeat":"repeat","background-position":"center center","background-size":"auto","background-attachment":"scroll","background-type":"","background-media":"","overlay-type":"","overlay-color":"","overlay-opacity":"","overlay-gradient":""}},"ast-content-background-meta":{"desktop":{"background-color":"var(--ast-global-color-5)","background-image":"","background-repeat":"repeat","background-position":"center center","background-size":"auto","background-attachment":"scroll","background-type":"","background-media":"","overlay-type":"","overlay-color":"","overlay-opacity":"","overlay-gradient":""},"tablet":{"background-color":"var(--ast-global-color-5)","background-image":"","background-repeat":"repeat","background-position":"center center","background-size":"auto","background-attachment":"scroll","background-type":"","background-media":"","overlay-type":"","overlay-color":"","overlay-opacity":"","overlay-gradient":""},"mobile":{"background-color":"var(--ast-global-color-5)","background-image":"","background-repeat":"repeat","background-position":"center center","background-size":"auto","background-attachment":"scroll","background-type":"","background-media":"","overlay-type":"","overlay-color":"","overlay-opacity":"","overlay-gradient":""}},"iawp_total_views":2},"product_brand":[],"product_cat":[252],"product_tag":[],"class_list":{"0":"post-15790","1":"product","2":"type-product","3":"status-publish","4":"has-post-thumbnail","6":"product_cat-bulk-cables","7":"desktop-align-left","8":"tablet-align-left","9":"mobile-align-left","11":"first","12":"instock","13":"shipping-taxable","14":"purchasable","15":"product-type-simple"},"acf":[],"_links":{"self":[{"href":"https:\/\/www.fjpremium.com\/es\/wp-json\/wp\/v2\/product\/15790","targetHints":{"allow":["GET"]}}],"collection":[{"href":"https:\/\/www.fjpremium.com\/es\/wp-json\/wp\/v2\/product"}],"about":[{"href":"https:\/\/www.fjpremium.com\/es\/wp-json\/wp\/v2\/types\/product"}],"wp:featuredmedia":[{"embeddable":true,"href":"https:\/\/www.fjpremium.com\/es\/wp-json\/wp\/v2\/media\/15795"}],"wp:attachment":[{"href":"https:\/\/www.fjpremium.com\/es\/wp-json\/wp\/v2\/media?parent=15790"}],"wp:term":[{"taxonomy":"product_brand","embeddable":true,"href":"https:\/\/www.fjpremium.com\/es\/wp-json\/wp\/v2\/product_brand?post=15790"},{"taxonomy":"product_cat","embeddable":true,"href":"https:\/\/www.fjpremium.com\/es\/wp-json\/wp\/v2\/product_cat?post=15790"},{"taxonomy":"product_tag","embeddable":true,"href":"https:\/\/www.fjpremium.com\/es\/wp-json\/wp\/v2\/product_tag?post=15790"}],"curies":[{"name":"wp","href":"https:\/\/api.w.org\/{rel}","templated":true}]}}