{"id":15717,"date":"2020-08-11T13:27:02","date_gmt":"2020-08-11T05:27:02","guid":{"rendered":"https:\/\/www.fjpremium.com\/?post_type=product&#038;p=15717"},"modified":"2023-12-14T13:53:39","modified_gmt":"2023-12-14T05:53:39","slug":"farsince-micro-usb-input-to-hdmi-female-output-converter-android-phone-to-hdtv-hdmi-screen-mirroring-tv-adapter","status":"publish","type":"product","link":"https:\/\/www.fjpremium.com\/es\/product\/farsince-micro-usb-input-to-hdmi-female-output-converter-android-phone-to-hdtv-hdmi-screen-mirroring-tv-adapter\/","title":{"rendered":"FARSINCE Micro USB de entrada a HDMI hembra de salida del convertidor USB HDMI Cable de tel\u00e9fono a la TV"},"content":{"rendered":"<div>\n<div data-section=\"AliMagic-45gq4l\" data-section-title=\"Product Description\" data-spm-anchor-id=\"a2700.wholesale.pronpeci14.i0.5b1d4d3c2Ntw9a\">\n<p>Con su elegante dise\u00f1o negro y sus conectores HDTV dorados, nuestro cable de 15 cm proporciona un puente perfecto entre sus dispositivos MHL y su televisor HD.<\/p>\n<p>Envuelto en una robusta cubierta de PVC y con blindaje combinado, puede confiar en un v\u00eddeo 1080p (Full HD) ininterrumpido y un paso de audio impecable para 7.1, 5.1 o 2 canales digitales.<\/p>\n<p>Adem\u00e1s, es plug-and-play y no requiere ajustes complejos para uso personal o aplicaciones profesionales.<\/p>\n<p>El cable USB HDMI de tel\u00e9fono a TV tiene 2 a\u00f1os de garant\u00eda y cumple las normas CE FCC RoHS.<\/p>\n<p>Viene en una caja de color y puede cargar su dispositivo durante la reproducci\u00f3n. En resumen, ponte en contacto con nosotros hoy mismo e invierte en \u00e9l.<\/p>\n<\/div>\n<\/div>","protected":false},"excerpt":{"rendered":"<p title=\"FARSINCE Micro USB de entrada a HDMI convertidor de salida hembra tel\u00e9fono android a hdtv hdmi pantalla espejo adaptador de TV\" data-spm-anchor-id=\"a2700.wholesale.maonnacta.i0.2b17183846IIzD\">Desbloquee una experiencia visual extraordinaria con el tel\u00e9fono con cable HDMI USB FARSINCE a TV, que promete conectividad perfecta, resoluci\u00f3n Full HD de 1080p y audio impecable, perfecto para uso en el hogar o la oficina.<\/p>","protected":false},"featured_media":15766,"template":"","meta":{"_acf_changed":false,"_seopress_robots_primary_cat":"","_seopress_titles_title":"Best USB HDMI Cable Phone to TV - Farsince","_seopress_titles_desc":"Unlock an extraordinary visual experience with FARSINCE USB HDMI cable phone to TV, promising seamless connectivity and 1080p Full HD resolution.","_seopress_robots_index":"","site-sidebar-layout":"default","site-content-layout":"default","ast-site-content-layout":"default","site-content-style":"default","site-sidebar-style":"default","ast-global-header-display":"","ast-banner-title-visibility":"","ast-main-header-display":"","ast-hfb-above-header-display":"","ast-hfb-below-header-display":"","ast-hfb-mobile-header-display":"","site-post-title":"","ast-breadcrumbs-content":"","ast-featured-img":"","footer-sml-layout":"","ast-disable-related-posts":"","theme-transparent-header-meta":"default","adv-header-id-meta":"","stick-header-meta":"","header-above-stick-meta":"","header-main-stick-meta":"","header-below-stick-meta":"","astra-migrate-meta-layouts":"set","ast-page-background-enabled":"default","ast-page-background-meta":{"desktop":{"background-color":"","background-image":"","background-repeat":"repeat","background-position":"center center","background-size":"auto","background-attachment":"scroll","background-type":"","background-media":"","overlay-type":"","overlay-color":"","overlay-opacity":"","overlay-gradient":""},"tablet":{"background-color":"","background-image":"","background-repeat":"repeat","background-position":"center center","background-size":"auto","background-attachment":"scroll","background-type":"","background-media":"","overlay-type":"","overlay-color":"","overlay-opacity":"","overlay-gradient":""},"mobile":{"background-color":"","background-image":"","background-repeat":"repeat","background-position":"center center","background-size":"auto","background-attachment":"scroll","background-type":"","background-media":"","overlay-type":"","overlay-color":"","overlay-opacity":"","overlay-gradient":""}},"ast-content-background-meta":{"desktop":{"background-color":"var(--ast-global-color-5)","background-image":"","background-repeat":"repeat","background-position":"center center","background-size":"auto","background-attachment":"scroll","background-type":"","background-media":"","overlay-type":"","overlay-color":"","overlay-opacity":"","overlay-gradient":""},"tablet":{"background-color":"var(--ast-global-color-5)","background-image":"","background-repeat":"repeat","background-position":"center center","background-size":"auto","background-attachment":"scroll","background-type":"","background-media":"","overlay-type":"","overlay-color":"","overlay-opacity":"","overlay-gradient":""},"mobile":{"background-color":"var(--ast-global-color-5)","background-image":"","background-repeat":"repeat","background-position":"center center","background-size":"auto","background-attachment":"scroll","background-type":"","background-media":"","overlay-type":"","overlay-color":"","overlay-opacity":"","overlay-gradient":""}},"iawp_total_views":8},"product_brand":[],"product_cat":[252],"product_tag":[],"class_list":{"0":"post-15717","1":"product","2":"type-product","3":"status-publish","4":"has-post-thumbnail","6":"product_cat-bulk-cables","7":"desktop-align-left","8":"tablet-align-left","9":"mobile-align-left","11":"first","12":"instock","13":"shipping-taxable","14":"purchasable","15":"product-type-simple"},"acf":[],"_links":{"self":[{"href":"https:\/\/www.fjpremium.com\/es\/wp-json\/wp\/v2\/product\/15717","targetHints":{"allow":["GET"]}}],"collection":[{"href":"https:\/\/www.fjpremium.com\/es\/wp-json\/wp\/v2\/product"}],"about":[{"href":"https:\/\/www.fjpremium.com\/es\/wp-json\/wp\/v2\/types\/product"}],"wp:featuredmedia":[{"embeddable":true,"href":"https:\/\/www.fjpremium.com\/es\/wp-json\/wp\/v2\/media\/15766"}],"wp:attachment":[{"href":"https:\/\/www.fjpremium.com\/es\/wp-json\/wp\/v2\/media?parent=15717"}],"wp:term":[{"taxonomy":"product_brand","embeddable":true,"href":"https:\/\/www.fjpremium.com\/es\/wp-json\/wp\/v2\/product_brand?post=15717"},{"taxonomy":"product_cat","embeddable":true,"href":"https:\/\/www.fjpremium.com\/es\/wp-json\/wp\/v2\/product_cat?post=15717"},{"taxonomy":"product_tag","embeddable":true,"href":"https:\/\/www.fjpremium.com\/es\/wp-json\/wp\/v2\/product_tag?post=15717"}],"curies":[{"name":"wp","href":"https:\/\/api.w.org\/{rel}","templated":true}]}}