{"id":15716,"date":"2020-08-11T13:27:01","date_gmt":"2020-08-11T05:27:01","guid":{"rendered":"https:\/\/www.fjpremium.com\/?post_type=product&#038;p=15716"},"modified":"2023-12-14T13:53:40","modified_gmt":"2023-12-14T05:53:40","slug":"farsince-usb-c-3-1-type-c-to-hdmi-4k-60hz-audio-adapter-converter-for-phone-connect-to-hdtv-hdmi-screen-mirroring-cable","status":"publish","type":"product","link":"https:\/\/www.fjpremium.com\/es\/product\/farsince-usb-c-3-1-type-c-to-hdmi-4k-60hz-audio-adapter-converter-for-phone-connect-to-hdtv-hdmi-screen-mirroring-cable\/","title":{"rendered":"FARSINCE USB-C 3.1 Tipo C HDMI Cable Tel\u00e9fono a TV 4K 60hz Audio Adaptador Convertidor"},"content":{"rendered":"<div>\n<div data-section=\"AliMagic-45gq4l\" data-section-title=\"Product Description\" data-spm-anchor-id=\"a2700.wholesale.pronpeci14.i0.5b1d4d3c2Ntw9a\">\n<p>El n\u00facleo de cobre superior del adaptador garantiza una transmisi\u00f3n \u00f3ptima y estable de la se\u00f1al, sin distorsiones ni borrosidades, lo que proporciona una calidad de audio y v\u00eddeo inigualable.<\/p>\n<p>Puede reflejar o ampliar f\u00e1cilmente el contenido de su pantalla en un televisor HD, monitor o proyector con una resoluci\u00f3n de hasta 4K a 60 Hz, perfecta para compartir pel\u00edculas con la familia o realizar presentaciones en una sala de conferencias.<\/p>\n<p>Es universalmente compatible con todos los dispositivos Type-C, incluidos MacBook Pro, Surface Go, Samsung Galaxy S9\/S8 y muchos otros.<\/p>\n<p>Adem\u00e1s, es incre\u00edblemente f\u00e1cil de usar gracias a su funcionalidad plug-and-play, que no requiere controladores ni complicados procesos de instalaci\u00f3n.<\/p>\n<p>El dise\u00f1o ultraligero y compacto de nuestro adaptador facilita su transporte, y su cable flexible y resistente al desgaste garantiza un uso duradero. Su elegante carcasa de aleaci\u00f3n de aluminio negro a\u00f1ade un toque de estilo y se presenta en una caja de color.<\/p>\n<p>Adem\u00e1s, ofrece fiabilidad con la aprobaci\u00f3n CE, FCC y RoHS y una garant\u00eda de 2 a\u00f1os. En resumen, p\u00f3ngase en contacto con nosotros hoy mismo y a\u00f1ada este cable HDMI tipo C de tel\u00e9fono a TV a su inventario.<\/p>\n<\/div>\n<\/div>","protected":false},"excerpt":{"rendered":"<p>Descubre el cable HDMI USB-C 3.1 Tipo C de FARSINCE de tel\u00e9fono a TV, que aporta una conversi\u00f3n de audio y v\u00eddeo de alta calidad a tus proyectos.<\/p>","protected":false},"featured_media":15758,"template":"","meta":{"_acf_changed":false,"_seopress_robots_primary_cat":"","_seopress_titles_title":"USB-C 3.1 Type C HDMI Cable Phone to TV - Farsince","_seopress_titles_desc":"","_seopress_robots_index":"","site-sidebar-layout":"default","site-content-layout":"default","ast-site-content-layout":"default","site-content-style":"default","site-sidebar-style":"default","ast-global-header-display":"","ast-banner-title-visibility":"","ast-main-header-display":"","ast-hfb-above-header-display":"","ast-hfb-below-header-display":"","ast-hfb-mobile-header-display":"","site-post-title":"","ast-breadcrumbs-content":"","ast-featured-img":"","footer-sml-layout":"","ast-disable-related-posts":"","theme-transparent-header-meta":"default","adv-header-id-meta":"","stick-header-meta":"","header-above-stick-meta":"","header-main-stick-meta":"","header-below-stick-meta":"","astra-migrate-meta-layouts":"set","ast-page-background-enabled":"default","ast-page-background-meta":{"desktop":{"background-color":"","background-image":"","background-repeat":"repeat","background-position":"center center","background-size":"auto","background-attachment":"scroll","background-type":"","background-media":"","overlay-type":"","overlay-color":"","overlay-opacity":"","overlay-gradient":""},"tablet":{"background-color":"","background-image":"","background-repeat":"repeat","background-position":"center center","background-size":"auto","background-attachment":"scroll","background-type":"","background-media":"","overlay-type":"","overlay-color":"","overlay-opacity":"","overlay-gradient":""},"mobile":{"background-color":"","background-image":"","background-repeat":"repeat","background-position":"center center","background-size":"auto","background-attachment":"scroll","background-type":"","background-media":"","overlay-type":"","overlay-color":"","overlay-opacity":"","overlay-gradient":""}},"ast-content-background-meta":{"desktop":{"background-color":"var(--ast-global-color-5)","background-image":"","background-repeat":"repeat","background-position":"center center","background-size":"auto","background-attachment":"scroll","background-type":"","background-media":"","overlay-type":"","overlay-color":"","overlay-opacity":"","overlay-gradient":""},"tablet":{"background-color":"var(--ast-global-color-5)","background-image":"","background-repeat":"repeat","background-position":"center center","background-size":"auto","background-attachment":"scroll","background-type":"","background-media":"","overlay-type":"","overlay-color":"","overlay-opacity":"","overlay-gradient":""},"mobile":{"background-color":"var(--ast-global-color-5)","background-image":"","background-repeat":"repeat","background-position":"center center","background-size":"auto","background-attachment":"scroll","background-type":"","background-media":"","overlay-type":"","overlay-color":"","overlay-opacity":"","overlay-gradient":""}},"iawp_total_views":4},"product_brand":[],"product_cat":[252],"product_tag":[],"class_list":{"0":"post-15716","1":"product","2":"type-product","3":"status-publish","4":"has-post-thumbnail","6":"product_cat-bulk-cables","7":"desktop-align-left","8":"tablet-align-left","9":"mobile-align-left","11":"first","12":"instock","13":"shipping-taxable","14":"purchasable","15":"product-type-simple"},"acf":[],"_links":{"self":[{"href":"https:\/\/www.fjpremium.com\/es\/wp-json\/wp\/v2\/product\/15716","targetHints":{"allow":["GET"]}}],"collection":[{"href":"https:\/\/www.fjpremium.com\/es\/wp-json\/wp\/v2\/product"}],"about":[{"href":"https:\/\/www.fjpremium.com\/es\/wp-json\/wp\/v2\/types\/product"}],"wp:featuredmedia":[{"embeddable":true,"href":"https:\/\/www.fjpremium.com\/es\/wp-json\/wp\/v2\/media\/15758"}],"wp:attachment":[{"href":"https:\/\/www.fjpremium.com\/es\/wp-json\/wp\/v2\/media?parent=15716"}],"wp:term":[{"taxonomy":"product_brand","embeddable":true,"href":"https:\/\/www.fjpremium.com\/es\/wp-json\/wp\/v2\/product_brand?post=15716"},{"taxonomy":"product_cat","embeddable":true,"href":"https:\/\/www.fjpremium.com\/es\/wp-json\/wp\/v2\/product_cat?post=15716"},{"taxonomy":"product_tag","embeddable":true,"href":"https:\/\/www.fjpremium.com\/es\/wp-json\/wp\/v2\/product_tag?post=15716"}],"curies":[{"name":"wp","href":"https:\/\/api.w.org\/{rel}","templated":true}]}}