{"id":15715,"date":"2020-08-11T13:27:00","date_gmt":"2020-08-11T05:27:00","guid":{"rendered":"https:\/\/www.fjpremium.com\/?post_type=product&#038;p=15715"},"modified":"2023-12-14T13:53:41","modified_gmt":"2023-12-14T05:53:41","slug":"farsince-4k-high-quality-2m-android-mobile-phone-to-hdtv-adapter-cable-hdmi-mirroring-cable-connect-phone-and-tv","status":"publish","type":"product","link":"https:\/\/www.fjpremium.com\/es\/product\/farsince-4k-high-quality-2m-android-mobile-phone-to-hdtv-adapter-cable-hdmi-mirroring-cable-connect-phone-and-tv\/","title":{"rendered":"4K de alta calidad 2m Android tel\u00e9fono m\u00f3vil a HDTV cable adaptador de cable HDMI para Android a la TV"},"content":{"rendered":"<div>\n<div data-section=\"AliMagic-45gq4l\" data-section-title=\"Product Description\" data-spm-anchor-id=\"a2700.wholesale.pronpeci14.i0.5b1d4d3c2Ntw9a\">\n<p>Dise\u00f1ado para unir tu dispositivo Android con la grandeza de la televisi\u00f3n de alta definici\u00f3n, este cable adaptador garantiza la excelencia 4K en cada fotograma.<\/p>\n<p>Encarna la elegancia y la eficacia con un di\u00e1metro exterior de 7,0 mm, una elegante cubierta de PVC negro o plateado y conectores de oro brillante.<\/p>\n<p>La conectividad macho-hembra y la construcci\u00f3n sin blindaje garantizan una conexi\u00f3n perfecta en todo momento. Y puedes disfrutar de la duplicaci\u00f3n con soporte de carga, proporcionando entretenimiento continuo sin interrupciones.<\/p>\n<p>Con funcionalidad plug-and-play sin esfuerzo y actualizaci\u00f3n autom\u00e1tica de firmware (OTA), el cable HDMI para Android a TV est\u00e1 siempre listo para funcionar con dispositivos con iOS 9 o Android 4.4 y superiores.<\/p>\n<p>Adem\u00e1s, tiene homologaci\u00f3n CE, FCC y RoHS y una garant\u00eda fiable de 2 a\u00f1os. Por lo tanto, p\u00f3ngase en contacto con nosotros hoy mismo y solic\u00edtelo.<\/p>\n<\/div>\n<\/div>","protected":false},"excerpt":{"rendered":"<p title=\"FARSINCE 4K alta calidad 2m tel\u00e9fono m\u00f3vil android a hdtv adaptador cable hdmi mirroring cable conectar tel\u00e9fono y tv\" data-spm-anchor-id=\"a2700.wholesale.maonnacta.i0.25806875dU9tHN\">Explora la brillantez 4K con el cable HDMI de 2 m de alta calidad para Android a TV, con acabado en negro y plata, conectores dorados, macho-hembra, plug and play y mirroring con carga.<\/p>","protected":false},"featured_media":15749,"template":"","meta":{"_acf_changed":false,"_seopress_robots_primary_cat":"","_seopress_titles_title":"Best HDMI Cable for Android to TV - Farsince","_seopress_titles_desc":"Explore 4K brilliance with the HDMI cable for Android to TV, featuring a black and silver finish, gold connectors, male-female, and mirroring with charging.","_seopress_robots_index":"","site-sidebar-layout":"default","site-content-layout":"default","ast-site-content-layout":"default","site-content-style":"default","site-sidebar-style":"default","ast-global-header-display":"","ast-banner-title-visibility":"","ast-main-header-display":"","ast-hfb-above-header-display":"","ast-hfb-below-header-display":"","ast-hfb-mobile-header-display":"","site-post-title":"","ast-breadcrumbs-content":"","ast-featured-img":"","footer-sml-layout":"","ast-disable-related-posts":"","theme-transparent-header-meta":"default","adv-header-id-meta":"","stick-header-meta":"","header-above-stick-meta":"","header-main-stick-meta":"","header-below-stick-meta":"","astra-migrate-meta-layouts":"set","ast-page-background-enabled":"default","ast-page-background-meta":{"desktop":{"background-color":"","background-image":"","background-repeat":"repeat","background-position":"center center","background-size":"auto","background-attachment":"scroll","background-type":"","background-media":"","overlay-type":"","overlay-color":"","overlay-opacity":"","overlay-gradient":""},"tablet":{"background-color":"","background-image":"","background-repeat":"repeat","background-position":"center center","background-size":"auto","background-attachment":"scroll","background-type":"","background-media":"","overlay-type":"","overlay-color":"","overlay-opacity":"","overlay-gradient":""},"mobile":{"background-color":"","background-image":"","background-repeat":"repeat","background-position":"center center","background-size":"auto","background-attachment":"scroll","background-type":"","background-media":"","overlay-type":"","overlay-color":"","overlay-opacity":"","overlay-gradient":""}},"ast-content-background-meta":{"desktop":{"background-color":"var(--ast-global-color-5)","background-image":"","background-repeat":"repeat","background-position":"center center","background-size":"auto","background-attachment":"scroll","background-type":"","background-media":"","overlay-type":"","overlay-color":"","overlay-opacity":"","overlay-gradient":""},"tablet":{"background-color":"var(--ast-global-color-5)","background-image":"","background-repeat":"repeat","background-position":"center center","background-size":"auto","background-attachment":"scroll","background-type":"","background-media":"","overlay-type":"","overlay-color":"","overlay-opacity":"","overlay-gradient":""},"mobile":{"background-color":"var(--ast-global-color-5)","background-image":"","background-repeat":"repeat","background-position":"center center","background-size":"auto","background-attachment":"scroll","background-type":"","background-media":"","overlay-type":"","overlay-color":"","overlay-opacity":"","overlay-gradient":""}},"iawp_total_views":12},"product_brand":[],"product_cat":[252],"product_tag":[],"class_list":{"0":"post-15715","1":"product","2":"type-product","3":"status-publish","4":"has-post-thumbnail","6":"product_cat-bulk-cables","7":"desktop-align-left","8":"tablet-align-left","9":"mobile-align-left","11":"first","12":"instock","13":"shipping-taxable","14":"purchasable","15":"product-type-simple"},"acf":[],"_links":{"self":[{"href":"https:\/\/www.fjpremium.com\/es\/wp-json\/wp\/v2\/product\/15715","targetHints":{"allow":["GET"]}}],"collection":[{"href":"https:\/\/www.fjpremium.com\/es\/wp-json\/wp\/v2\/product"}],"about":[{"href":"https:\/\/www.fjpremium.com\/es\/wp-json\/wp\/v2\/types\/product"}],"wp:featuredmedia":[{"embeddable":true,"href":"https:\/\/www.fjpremium.com\/es\/wp-json\/wp\/v2\/media\/15749"}],"wp:attachment":[{"href":"https:\/\/www.fjpremium.com\/es\/wp-json\/wp\/v2\/media?parent=15715"}],"wp:term":[{"taxonomy":"product_brand","embeddable":true,"href":"https:\/\/www.fjpremium.com\/es\/wp-json\/wp\/v2\/product_brand?post=15715"},{"taxonomy":"product_cat","embeddable":true,"href":"https:\/\/www.fjpremium.com\/es\/wp-json\/wp\/v2\/product_cat?post=15715"},{"taxonomy":"product_tag","embeddable":true,"href":"https:\/\/www.fjpremium.com\/es\/wp-json\/wp\/v2\/product_tag?post=15715"}],"curies":[{"name":"wp","href":"https:\/\/api.w.org\/{rel}","templated":true}]}}