{"id":15713,"date":"2020-08-11T13:26:58","date_gmt":"2020-08-11T05:26:58","guid":{"rendered":"https:\/\/www.fjpremium.com\/?post_type=product&#038;p=15713"},"modified":"2023-12-14T13:53:42","modified_gmt":"2023-12-14T05:53:42","slug":"farsince-4k-usb-3-1-usb-c-type-c-phon-to-hdmi-screen-mirroring-cable-hdtv-adapter-connect-mobile-phone-to-tv-cable","status":"publish","type":"product","link":"https:\/\/www.fjpremium.com\/es\/product\/farsince-4k-usb-3-1-usb-c-type-c-phon-to-hdmi-screen-mirroring-cable-hdtv-adapter-connect-mobile-phone-to-tv-cable\/","title":{"rendered":"FARSINCE 4K HDMI Cable Tel\u00e9fono a TV Tipo C Adaptador Conectar"},"content":{"rendered":"<div>\n<div data-section=\"AliMagic-45gq4l\" data-section-title=\"Product Description\" data-spm-anchor-id=\"a2700.wholesale.pronpeci14.i0.5b1d4d3c2Ntw9a\">\n<p>Nuestro cable de 1,8 m est\u00e1 dise\u00f1ado para conectar f\u00e1cilmente su tel\u00e9fono, tableta u ordenador a un televisor HD. Con un impresionante di\u00e1metro exterior de 7,0 mm, conectores dorados y blindaje de l\u00e1mina, est\u00e1 alojado en una robusta cubierta de PVC disponible en elegantes colores gris, rojo o negro.<\/p>\n<p>Tambi\u00e9n convierte sin problemas audio, v\u00eddeo e im\u00e1genes en se\u00f1ales digitales HD, compatibles con resoluciones de 480P a 4K\u00d72K.<\/p>\n<p>Tanto si ampl\u00eda su espacio de trabajo en casa como si disfruta de entretenimiento visual, la funcionalidad plug-and-play hace que sea asombrosamente f\u00e1cil de usar.<\/p>\n<p>Compatible con macOS 10.11 a 10.14 y Windows 10, este cable HDMI de tel\u00e9fono a TV de tipo C se dirige al p\u00fablico moderno conocedor de la tecnolog\u00eda.<\/p>\n<p>Adem\u00e1s, cuenta con una garant\u00eda de 2 a\u00f1os y se presenta en una atractiva caja de color. P\u00f3ngase en contacto con nosotros hoy mismo y a\u00f1\u00e1dalo a su inventario.<\/p>\n<\/div>\n<\/div>","protected":false},"excerpt":{"rendered":"<p title=\"FARSINCE 4K USB 3,1 USB-C tipo C tel\u00e9fono a HDMI Cable de espejo de pantalla adaptador HDTV conectar el tel\u00e9fono m\u00f3vil al cable de TV\" data-spm-anchor-id=\"a2700.wholesale.maonnacta.i0.47684431necU82\">Presentamos la conexi\u00f3n del adaptador de tel\u00e9fono por cable HDMI 4K a TV tipo C de FARSINCE, que brinda un placer visual y de audio incomparable, ideal para la oficina en casa, el entretenimiento o la multitarea.<\/p>","protected":false},"featured_media":15774,"template":"","meta":{"_acf_changed":false,"_seopress_robots_primary_cat":"","_seopress_titles_title":"Best HDMI Cable Phone to TV Type C Adapter Connect - Farsince","_seopress_titles_desc":"Unveiling FARSINCE 4K HDMI cable phone to TV Type C adapter connect, delivering unparalleled audio and visual pleasure, ideal for home office.","_seopress_robots_index":"","site-sidebar-layout":"default","site-content-layout":"default","ast-site-content-layout":"default","site-content-style":"default","site-sidebar-style":"default","ast-global-header-display":"","ast-banner-title-visibility":"","ast-main-header-display":"","ast-hfb-above-header-display":"","ast-hfb-below-header-display":"","ast-hfb-mobile-header-display":"","site-post-title":"","ast-breadcrumbs-content":"","ast-featured-img":"","footer-sml-layout":"","ast-disable-related-posts":"","theme-transparent-header-meta":"default","adv-header-id-meta":"","stick-header-meta":"","header-above-stick-meta":"","header-main-stick-meta":"","header-below-stick-meta":"","astra-migrate-meta-layouts":"set","ast-page-background-enabled":"default","ast-page-background-meta":{"desktop":{"background-color":"","background-image":"","background-repeat":"repeat","background-position":"center center","background-size":"auto","background-attachment":"scroll","background-type":"","background-media":"","overlay-type":"","overlay-color":"","overlay-opacity":"","overlay-gradient":""},"tablet":{"background-color":"","background-image":"","background-repeat":"repeat","background-position":"center center","background-size":"auto","background-attachment":"scroll","background-type":"","background-media":"","overlay-type":"","overlay-color":"","overlay-opacity":"","overlay-gradient":""},"mobile":{"background-color":"","background-image":"","background-repeat":"repeat","background-position":"center center","background-size":"auto","background-attachment":"scroll","background-type":"","background-media":"","overlay-type":"","overlay-color":"","overlay-opacity":"","overlay-gradient":""}},"ast-content-background-meta":{"desktop":{"background-color":"var(--ast-global-color-5)","background-image":"","background-repeat":"repeat","background-position":"center center","background-size":"auto","background-attachment":"scroll","background-type":"","background-media":"","overlay-type":"","overlay-color":"","overlay-opacity":"","overlay-gradient":""},"tablet":{"background-color":"var(--ast-global-color-5)","background-image":"","background-repeat":"repeat","background-position":"center center","background-size":"auto","background-attachment":"scroll","background-type":"","background-media":"","overlay-type":"","overlay-color":"","overlay-opacity":"","overlay-gradient":""},"mobile":{"background-color":"var(--ast-global-color-5)","background-image":"","background-repeat":"repeat","background-position":"center center","background-size":"auto","background-attachment":"scroll","background-type":"","background-media":"","overlay-type":"","overlay-color":"","overlay-opacity":"","overlay-gradient":""}},"iawp_total_views":12},"product_brand":[],"product_cat":[252],"product_tag":[],"class_list":{"0":"post-15713","1":"product","2":"type-product","3":"status-publish","4":"has-post-thumbnail","6":"product_cat-bulk-cables","7":"desktop-align-left","8":"tablet-align-left","9":"mobile-align-left","11":"first","12":"instock","13":"shipping-taxable","14":"purchasable","15":"product-type-simple"},"acf":[],"_links":{"self":[{"href":"https:\/\/www.fjpremium.com\/es\/wp-json\/wp\/v2\/product\/15713","targetHints":{"allow":["GET"]}}],"collection":[{"href":"https:\/\/www.fjpremium.com\/es\/wp-json\/wp\/v2\/product"}],"about":[{"href":"https:\/\/www.fjpremium.com\/es\/wp-json\/wp\/v2\/types\/product"}],"wp:featuredmedia":[{"embeddable":true,"href":"https:\/\/www.fjpremium.com\/es\/wp-json\/wp\/v2\/media\/15774"}],"wp:attachment":[{"href":"https:\/\/www.fjpremium.com\/es\/wp-json\/wp\/v2\/media?parent=15713"}],"wp:term":[{"taxonomy":"product_brand","embeddable":true,"href":"https:\/\/www.fjpremium.com\/es\/wp-json\/wp\/v2\/product_brand?post=15713"},{"taxonomy":"product_cat","embeddable":true,"href":"https:\/\/www.fjpremium.com\/es\/wp-json\/wp\/v2\/product_cat?post=15713"},{"taxonomy":"product_tag","embeddable":true,"href":"https:\/\/www.fjpremium.com\/es\/wp-json\/wp\/v2\/product_tag?post=15713"}],"curies":[{"name":"wp","href":"https:\/\/api.w.org\/{rel}","templated":true}]}}