{"id":15701,"date":"2020-08-11T13:21:44","date_gmt":"2020-08-11T05:21:44","guid":{"rendered":"https:\/\/www.fjpremium.com\/?post_type=product&#038;p=15701"},"modified":"2023-12-14T13:53:45","modified_gmt":"2023-12-14T05:53:45","slug":"farsince-universal-smart-phone-to-hdtv-hdmi-screen-mirroring-cable-with-power-supply-for-connector-iphon-and-android-phone-to-tv","status":"publish","type":"product","link":"https:\/\/www.fjpremium.com\/es\/product\/farsince-universal-smart-phone-to-hdtv-hdmi-screen-mirroring-cable-with-power-supply-for-connector-iphon-and-android-phone-to-tv\/","title":{"rendered":"FARSINCE Universal Cables para Conectar Tel\u00e9fono a TV HDMI Screen Mirroring Cable con Fuente de Alimentaci\u00f3n para Conectar iPhone y Android Tel\u00e9fono a TV"},"content":{"rendered":"<div>\n<div data-section=\"AliMagic-45gq4l\" data-section-title=\"Product Description\" data-spm-anchor-id=\"a2700.wholesale.pronpeci14.i0.5b1d4d3c2Ntw9a\">\n<p>Estos cables de 2 m son una obra maestra de la conectividad que permite a los tel\u00e9fonos iPhone y Android reflejar sin esfuerzo las pantallas en el televisor.<\/p>\n<p>Con un lujoso color rojo o personalizados a su gusto, presentan vers\u00e1tiles opciones de conexi\u00f3n, con HDMI macho para conexi\u00f3n de TV y USB macho\/hembra para carga de energ\u00eda y conectividad de tel\u00e9fonos.<\/p>\n<p>Adem\u00e1s, podr\u00e1s disfrutar de juegos, fotos y v\u00eddeos con una impresionante resoluci\u00f3n de 1080p.<\/p>\n<p>Los cables para conectar el tel\u00e9fono al televisor est\u00e1n dise\u00f1ados con funcionalidad plug-and-play para iOS; la conexi\u00f3n es instant\u00e1nea con s\u00f3lo un clic.<\/p>\n<p>Para Android 5.0 o superior, son igual de f\u00e1ciles y cumplen con HDMI ATC, ROHS y REACH.<\/p>\n<p>Adem\u00e1s, todos ellos envueltos en una duradera cubierta de PVC y respaldados por una garant\u00eda de 2 a\u00f1os, son un complemento esencial para su proyecto. P\u00f3ngase en contacto con nosotros hoy mismo y p\u00eddalos.<\/p>\n<\/div>\n<\/div>","protected":false},"excerpt":{"rendered":"<p>Experimente una duplicaci\u00f3n de pantalla incomparable con los cables universales FARSINCE para conectar el tel\u00e9fono al televisor, con resoluci\u00f3n de 1080p, 2 m de longitud y funcionalidad plug-and-play sencilla para iOS.<\/p>","protected":false},"featured_media":15702,"template":"","meta":{"_acf_changed":false,"_seopress_robots_primary_cat":"","_seopress_titles_title":"Universal Cables to Connect Phone to TV - Farsince","_seopress_titles_desc":"Experience unparalleled screen mirroring with FARSINCE universal cables to connect phone to TV, boasting 1080p resolution and 2m length.","_seopress_robots_index":"","site-sidebar-layout":"default","site-content-layout":"default","ast-site-content-layout":"default","site-content-style":"default","site-sidebar-style":"default","ast-global-header-display":"","ast-banner-title-visibility":"","ast-main-header-display":"","ast-hfb-above-header-display":"","ast-hfb-below-header-display":"","ast-hfb-mobile-header-display":"","site-post-title":"","ast-breadcrumbs-content":"","ast-featured-img":"","footer-sml-layout":"","ast-disable-related-posts":"","theme-transparent-header-meta":"default","adv-header-id-meta":"","stick-header-meta":"","header-above-stick-meta":"","header-main-stick-meta":"","header-below-stick-meta":"","astra-migrate-meta-layouts":"set","ast-page-background-enabled":"default","ast-page-background-meta":{"desktop":{"background-color":"","background-image":"","background-repeat":"repeat","background-position":"center center","background-size":"auto","background-attachment":"scroll","background-type":"","background-media":"","overlay-type":"","overlay-color":"","overlay-opacity":"","overlay-gradient":""},"tablet":{"background-color":"","background-image":"","background-repeat":"repeat","background-position":"center center","background-size":"auto","background-attachment":"scroll","background-type":"","background-media":"","overlay-type":"","overlay-color":"","overlay-opacity":"","overlay-gradient":""},"mobile":{"background-color":"","background-image":"","background-repeat":"repeat","background-position":"center center","background-size":"auto","background-attachment":"scroll","background-type":"","background-media":"","overlay-type":"","overlay-color":"","overlay-opacity":"","overlay-gradient":""}},"ast-content-background-meta":{"desktop":{"background-color":"var(--ast-global-color-5)","background-image":"","background-repeat":"repeat","background-position":"center center","background-size":"auto","background-attachment":"scroll","background-type":"","background-media":"","overlay-type":"","overlay-color":"","overlay-opacity":"","overlay-gradient":""},"tablet":{"background-color":"var(--ast-global-color-5)","background-image":"","background-repeat":"repeat","background-position":"center center","background-size":"auto","background-attachment":"scroll","background-type":"","background-media":"","overlay-type":"","overlay-color":"","overlay-opacity":"","overlay-gradient":""},"mobile":{"background-color":"var(--ast-global-color-5)","background-image":"","background-repeat":"repeat","background-position":"center center","background-size":"auto","background-attachment":"scroll","background-type":"","background-media":"","overlay-type":"","overlay-color":"","overlay-opacity":"","overlay-gradient":""}},"iawp_total_views":35},"product_brand":[],"product_cat":[252],"product_tag":[],"class_list":{"0":"post-15701","1":"product","2":"type-product","3":"status-publish","4":"has-post-thumbnail","6":"product_cat-bulk-cables","7":"desktop-align-left","8":"tablet-align-left","9":"mobile-align-left","11":"first","12":"instock","13":"shipping-taxable","14":"purchasable","15":"product-type-simple"},"acf":[],"_links":{"self":[{"href":"https:\/\/www.fjpremium.com\/es\/wp-json\/wp\/v2\/product\/15701","targetHints":{"allow":["GET"]}}],"collection":[{"href":"https:\/\/www.fjpremium.com\/es\/wp-json\/wp\/v2\/product"}],"about":[{"href":"https:\/\/www.fjpremium.com\/es\/wp-json\/wp\/v2\/types\/product"}],"wp:featuredmedia":[{"embeddable":true,"href":"https:\/\/www.fjpremium.com\/es\/wp-json\/wp\/v2\/media\/15702"}],"wp:attachment":[{"href":"https:\/\/www.fjpremium.com\/es\/wp-json\/wp\/v2\/media?parent=15701"}],"wp:term":[{"taxonomy":"product_brand","embeddable":true,"href":"https:\/\/www.fjpremium.com\/es\/wp-json\/wp\/v2\/product_brand?post=15701"},{"taxonomy":"product_cat","embeddable":true,"href":"https:\/\/www.fjpremium.com\/es\/wp-json\/wp\/v2\/product_cat?post=15701"},{"taxonomy":"product_tag","embeddable":true,"href":"https:\/\/www.fjpremium.com\/es\/wp-json\/wp\/v2\/product_tag?post=15701"}],"curies":[{"name":"wp","href":"https:\/\/api.w.org\/{rel}","templated":true}]}}