{"id":15692,"date":"2020-08-11T13:13:45","date_gmt":"2020-08-11T05:13:45","guid":{"rendered":"https:\/\/www.fjpremium.com\/?post_type=product&#038;p=15692"},"modified":"2023-12-14T13:53:46","modified_gmt":"2023-12-14T05:53:46","slug":"farsince-3-in-1-smart-mobile-phone-to-hdtv-hdmi-mirroring-adapter-cable-micro-type-8pin-connect-to-phone-and-tv-cable","status":"publish","type":"product","link":"https:\/\/www.fjpremium.com\/es\/product\/farsince-3-in-1-smart-mobile-phone-to-hdtv-hdmi-mirroring-adapter-cable-micro-type-8pin-connect-to-phone-and-tv-cable\/","title":{"rendered":"3 en 1 Smart Phone Cable Adaptador, Tel\u00e9fono M\u00f3vil a HD TV HDMI Mirroring Micro Tipo 8pin Conectar a Tel\u00e9fono y TV Cable"},"content":{"rendered":"<p>Con 3 puertos distintos, nuestro cable conecta sin esfuerzo sus tel\u00e9fonos m\u00f3viles Micro USB\/Tipo C, iPhones y dem\u00e1s a pantallas equipadas con HDMI.<\/p>\n<p>Podr\u00e1 disfrutar de pel\u00edculas, juegos e im\u00e1genes en la gran pantalla con una impresionante resoluci\u00f3n de 1080P.<\/p>\n<p>Los conectores dorados y la robusta cubierta de PVC garantizan estabilidad y velocidad, mientras que la longitud de 2 m ofrece flexibilidad.<\/p>\n<p>Adem\u00e1s, gracias a la funci\u00f3n Plug and Play, la instalaci\u00f3n es muy sencilla, sin necesidad de WIFI ni controladores.<\/p>\n<p>Adornado en los modernos colores gris, rosa o naranja y respaldado por una garant\u00eda de 2 a\u00f1os, este cable adaptador para smartphone es imprescindible para quien busca calidad y comodidad. En general, p\u00f3ngase en contacto con nosotros hoy mismo e invierta en \u00e9l.<\/p>","protected":false},"excerpt":{"rendered":"<p>Descubra el cable adaptador para smartphone 3 en 1 de FARSINCE, con conectores antiguos, 2 m de longitud, resoluci\u00f3n 1080P y amplia compatibilidad para garantizar la mejor duplicaci\u00f3n HD del tel\u00e9fono al televisor.<\/p>","protected":false},"featured_media":15693,"template":"","meta":{"_acf_changed":false,"_seopress_robots_primary_cat":"","_seopress_titles_title":"3 in 1 Smart Phone Adapter Cable - Farsince","_seopress_titles_desc":"Discover FARSINCE 3 in 1 smart phone adapter cable, featuring old connectors, 2m length, 1080P resolution, and broad compatibility.","_seopress_robots_index":"","site-sidebar-layout":"default","site-content-layout":"default","ast-site-content-layout":"default","site-content-style":"default","site-sidebar-style":"default","ast-global-header-display":"","ast-banner-title-visibility":"","ast-main-header-display":"","ast-hfb-above-header-display":"","ast-hfb-below-header-display":"","ast-hfb-mobile-header-display":"","site-post-title":"","ast-breadcrumbs-content":"","ast-featured-img":"","footer-sml-layout":"","ast-disable-related-posts":"","theme-transparent-header-meta":"default","adv-header-id-meta":"","stick-header-meta":"","header-above-stick-meta":"","header-main-stick-meta":"","header-below-stick-meta":"","astra-migrate-meta-layouts":"set","ast-page-background-enabled":"default","ast-page-background-meta":{"desktop":{"background-color":"","background-image":"","background-repeat":"repeat","background-position":"center center","background-size":"auto","background-attachment":"scroll","background-type":"","background-media":"","overlay-type":"","overlay-color":"","overlay-opacity":"","overlay-gradient":""},"tablet":{"background-color":"","background-image":"","background-repeat":"repeat","background-position":"center center","background-size":"auto","background-attachment":"scroll","background-type":"","background-media":"","overlay-type":"","overlay-color":"","overlay-opacity":"","overlay-gradient":""},"mobile":{"background-color":"","background-image":"","background-repeat":"repeat","background-position":"center center","background-size":"auto","background-attachment":"scroll","background-type":"","background-media":"","overlay-type":"","overlay-color":"","overlay-opacity":"","overlay-gradient":""}},"ast-content-background-meta":{"desktop":{"background-color":"var(--ast-global-color-5)","background-image":"","background-repeat":"repeat","background-position":"center center","background-size":"auto","background-attachment":"scroll","background-type":"","background-media":"","overlay-type":"","overlay-color":"","overlay-opacity":"","overlay-gradient":""},"tablet":{"background-color":"var(--ast-global-color-5)","background-image":"","background-repeat":"repeat","background-position":"center center","background-size":"auto","background-attachment":"scroll","background-type":"","background-media":"","overlay-type":"","overlay-color":"","overlay-opacity":"","overlay-gradient":""},"mobile":{"background-color":"var(--ast-global-color-5)","background-image":"","background-repeat":"repeat","background-position":"center center","background-size":"auto","background-attachment":"scroll","background-type":"","background-media":"","overlay-type":"","overlay-color":"","overlay-opacity":"","overlay-gradient":""}},"iawp_total_views":10},"product_brand":[],"product_cat":[252],"product_tag":[],"class_list":{"0":"post-15692","1":"product","2":"type-product","3":"status-publish","4":"has-post-thumbnail","6":"product_cat-bulk-cables","7":"desktop-align-left","8":"tablet-align-left","9":"mobile-align-left","11":"first","12":"instock","13":"shipping-taxable","14":"purchasable","15":"product-type-simple"},"acf":[],"_links":{"self":[{"href":"https:\/\/www.fjpremium.com\/es\/wp-json\/wp\/v2\/product\/15692","targetHints":{"allow":["GET"]}}],"collection":[{"href":"https:\/\/www.fjpremium.com\/es\/wp-json\/wp\/v2\/product"}],"about":[{"href":"https:\/\/www.fjpremium.com\/es\/wp-json\/wp\/v2\/types\/product"}],"wp:featuredmedia":[{"embeddable":true,"href":"https:\/\/www.fjpremium.com\/es\/wp-json\/wp\/v2\/media\/15693"}],"wp:attachment":[{"href":"https:\/\/www.fjpremium.com\/es\/wp-json\/wp\/v2\/media?parent=15692"}],"wp:term":[{"taxonomy":"product_brand","embeddable":true,"href":"https:\/\/www.fjpremium.com\/es\/wp-json\/wp\/v2\/product_brand?post=15692"},{"taxonomy":"product_cat","embeddable":true,"href":"https:\/\/www.fjpremium.com\/es\/wp-json\/wp\/v2\/product_cat?post=15692"},{"taxonomy":"product_tag","embeddable":true,"href":"https:\/\/www.fjpremium.com\/es\/wp-json\/wp\/v2\/product_tag?post=15692"}],"curies":[{"name":"wp","href":"https:\/\/api.w.org\/{rel}","templated":true}]}}