{"id":15653,"date":"2020-08-06T11:14:29","date_gmt":"2020-08-06T03:14:29","guid":{"rendered":"https:\/\/www.fjpremium.com\/?post_type=product&#038;p=15653"},"modified":"2024-03-11T17:52:23","modified_gmt":"2024-03-11T09:52:23","slug":"farsince-hdmi-4k-male-to-hdmi-female-m3-screw-panel-mount-wall-mount-2-0-extension-cable-female-snap-in","status":"publish","type":"product","link":"https:\/\/www.fjpremium.com\/es\/product\/farsince-hdmi-4k-male-to-hdmi-female-m3-screw-panel-mount-wall-mount-2-0-extension-cable-female-snap-in\/","title":{"rendered":"4K HDMI Cable de Extensi\u00f3n Macho a Hembra M3 Tornillo Montaje en Panel Montaje en Pared 2.0 Hembra Snap-In"},"content":{"rendered":"<p>Dise\u00f1ado con tecnolog\u00eda de vanguardia, este cable se conecta mediante un soporte de panel HDMI hembra-hembra para fusionar dos cables HDMI, proporcionando conectividad de pantalla desde una fuente segura.<\/p>\n<p>Su corta longitud minimiza la p\u00e9rdida de se\u00f1al, garantizando una salida n\u00edtida y clara de hasta 4K*2K@50\/60 (2160p).<\/p>\n<p>Compuesto por conductores de cobre, apantallados con papel de aluminio, trenzado, una caja met\u00e1lica de apantallamiento y l\u00e1mina de cobre, el cable promete una inmunidad total a las interferencias EMI\/RFI.<\/p>\n<p>Y los conectores HDMI 2.0 4K macho chapados en oro prometen una transferencia de se\u00f1al superior.<\/p>\n<p>Adem\u00e1s, es el ep\u00edtome de un rendimiento fiable, totalmente probado seg\u00fan las normas del sector y respaldado por una garant\u00eda de 2 a\u00f1os. Por lo tanto, p\u00f3ngase en contacto con nosotros hoy mismo y solicite nuestro cable de extensi\u00f3n HDMI macho a hembra.<\/p>","protected":false},"excerpt":{"rendered":"<p>Disfrute de una experiencia visual inigualable con el cable alargador HDMI macho a hembra, que ofrece conectividad de pantalla de alta definici\u00f3n con una p\u00e9rdida de se\u00f1al m\u00ednima.<\/p>","protected":false},"featured_media":15684,"template":"","meta":{"_acf_changed":false,"_seopress_robots_primary_cat":"","_seopress_titles_title":"4K HDMI Extension Cable Male to Female - Farsince","_seopress_titles_desc":"","_seopress_robots_index":"","site-sidebar-layout":"default","site-content-layout":"default","ast-site-content-layout":"default","site-content-style":"default","site-sidebar-style":"default","ast-global-header-display":"","ast-banner-title-visibility":"","ast-main-header-display":"","ast-hfb-above-header-display":"","ast-hfb-below-header-display":"","ast-hfb-mobile-header-display":"","site-post-title":"","ast-breadcrumbs-content":"","ast-featured-img":"","footer-sml-layout":"","ast-disable-related-posts":"","theme-transparent-header-meta":"default","adv-header-id-meta":"","stick-header-meta":"","header-above-stick-meta":"","header-main-stick-meta":"","header-below-stick-meta":"","astra-migrate-meta-layouts":"set","ast-page-background-enabled":"default","ast-page-background-meta":{"desktop":{"background-color":"","background-image":"","background-repeat":"repeat","background-position":"center center","background-size":"auto","background-attachment":"scroll","background-type":"","background-media":"","overlay-type":"","overlay-color":"","overlay-opacity":"","overlay-gradient":""},"tablet":{"background-color":"","background-image":"","background-repeat":"repeat","background-position":"center center","background-size":"auto","background-attachment":"scroll","background-type":"","background-media":"","overlay-type":"","overlay-color":"","overlay-opacity":"","overlay-gradient":""},"mobile":{"background-color":"","background-image":"","background-repeat":"repeat","background-position":"center center","background-size":"auto","background-attachment":"scroll","background-type":"","background-media":"","overlay-type":"","overlay-color":"","overlay-opacity":"","overlay-gradient":""}},"ast-content-background-meta":{"desktop":{"background-color":"var(--ast-global-color-5)","background-image":"","background-repeat":"repeat","background-position":"center center","background-size":"auto","background-attachment":"scroll","background-type":"","background-media":"","overlay-type":"","overlay-color":"","overlay-opacity":"","overlay-gradient":""},"tablet":{"background-color":"var(--ast-global-color-5)","background-image":"","background-repeat":"repeat","background-position":"center center","background-size":"auto","background-attachment":"scroll","background-type":"","background-media":"","overlay-type":"","overlay-color":"","overlay-opacity":"","overlay-gradient":""},"mobile":{"background-color":"var(--ast-global-color-5)","background-image":"","background-repeat":"repeat","background-position":"center center","background-size":"auto","background-attachment":"scroll","background-type":"","background-media":"","overlay-type":"","overlay-color":"","overlay-opacity":"","overlay-gradient":""}},"iawp_total_views":13},"product_brand":[],"product_cat":[238,678],"product_tag":[],"class_list":{"0":"post-15653","1":"product","2":"type-product","3":"status-publish","4":"has-post-thumbnail","6":"product_cat-panel-mount","7":"product_cat-panel-mount-cables","8":"desktop-align-left","9":"tablet-align-left","10":"mobile-align-left","12":"first","13":"instock","14":"shipping-taxable","15":"purchasable","16":"product-type-simple"},"acf":[],"_links":{"self":[{"href":"https:\/\/www.fjpremium.com\/es\/wp-json\/wp\/v2\/product\/15653","targetHints":{"allow":["GET"]}}],"collection":[{"href":"https:\/\/www.fjpremium.com\/es\/wp-json\/wp\/v2\/product"}],"about":[{"href":"https:\/\/www.fjpremium.com\/es\/wp-json\/wp\/v2\/types\/product"}],"wp:featuredmedia":[{"embeddable":true,"href":"https:\/\/www.fjpremium.com\/es\/wp-json\/wp\/v2\/media\/15684"}],"wp:attachment":[{"href":"https:\/\/www.fjpremium.com\/es\/wp-json\/wp\/v2\/media?parent=15653"}],"wp:term":[{"taxonomy":"product_brand","embeddable":true,"href":"https:\/\/www.fjpremium.com\/es\/wp-json\/wp\/v2\/product_brand?post=15653"},{"taxonomy":"product_cat","embeddable":true,"href":"https:\/\/www.fjpremium.com\/es\/wp-json\/wp\/v2\/product_cat?post=15653"},{"taxonomy":"product_tag","embeddable":true,"href":"https:\/\/www.fjpremium.com\/es\/wp-json\/wp\/v2\/product_tag?post=15653"}],"curies":[{"name":"wp","href":"https:\/\/api.w.org\/{rel}","templated":true}]}}