{"id":15652,"date":"2020-08-06T11:14:28","date_gmt":"2020-08-06T03:14:28","guid":{"rendered":"https:\/\/www.fjpremium.com\/?post_type=product&#038;p=15652"},"modified":"2024-03-12T09:33:27","modified_gmt":"2024-03-12T01:33:27","slug":"farsince-hdmi-4k-male-to-hdmi-female-m3-screw-wall-mount-panel-mount-2-0-extension-cable-female-socket-metal-exposed","status":"publish","type":"product","link":"https:\/\/www.fjpremium.com\/es\/product\/farsince-hdmi-4k-male-to-hdmi-female-m3-screw-wall-mount-panel-mount-2-0-extension-cable-female-socket-metal-exposed\/","title":{"rendered":"HDMI 4K Macho a HDMI Hembra Extensi\u00f3n HDMI Cable Hembra Socket Metal Expuesto"},"content":{"rendered":"<p>Dise\u00f1ado por expertos para unir dos cables HDMI mediante un soporte de panel, el cable facilita una conexi\u00f3n de pantalla segura desde cualquier fuente.<\/p>\n<p>Su forma compacta minimiza la p\u00e9rdida de se\u00f1al, prometiendo una salida clara y detallada de hasta 4K*2K@50\/60 (2160p).<\/p>\n<p>Construido con conductores de cobre de calidad y totalmente blindado para resistencia EMI\/RFI, tambi\u00e9n est\u00e1 adornado con conectores chapados en oro de 24 K para una transferencia de se\u00f1al superior.<\/p>\n<p>Nuestro cable, que ofrece un rendimiento inigualable, garantiza un ancho de banda de hasta 18 Gbps, compatibilidad con v\u00eddeo 3D, Deep Color y x.v. Color\u2122.<\/p>\n<p>Adem\u00e1s, con una variedad de seis tipos de montaje hembra para mayor versatilidad en las instalaciones, es el ep\u00edtome de la fiabilidad, respaldado por una garant\u00eda de 2 a\u00f1os.<\/p>\n<p>Por lo tanto, p\u00f3ngase en contacto con nosotros hoy mismo y solicite esta extensi\u00f3n de cable HDMI.<\/p>","protected":false},"excerpt":{"rendered":"<p>Mejore su experiencia visual con el cable HDMI de extensi\u00f3n de FARSINCE, dise\u00f1ado por expertos para una p\u00e9rdida de se\u00f1al m\u00ednima y una resoluci\u00f3n de video 4K superior.<\/p>","protected":false},"featured_media":15678,"template":"","meta":{"_acf_changed":false,"_seopress_robots_primary_cat":"","_seopress_titles_title":"Extension HDMI Cable Female Socket Metal Exposed - Farsince","_seopress_titles_desc":"","_seopress_robots_index":"","site-sidebar-layout":"default","site-content-layout":"default","ast-site-content-layout":"default","site-content-style":"default","site-sidebar-style":"default","ast-global-header-display":"","ast-banner-title-visibility":"","ast-main-header-display":"","ast-hfb-above-header-display":"","ast-hfb-below-header-display":"","ast-hfb-mobile-header-display":"","site-post-title":"","ast-breadcrumbs-content":"","ast-featured-img":"","footer-sml-layout":"","ast-disable-related-posts":"","theme-transparent-header-meta":"default","adv-header-id-meta":"","stick-header-meta":"","header-above-stick-meta":"","header-main-stick-meta":"","header-below-stick-meta":"","astra-migrate-meta-layouts":"set","ast-page-background-enabled":"default","ast-page-background-meta":{"desktop":{"background-color":"","background-image":"","background-repeat":"repeat","background-position":"center center","background-size":"auto","background-attachment":"scroll","background-type":"","background-media":"","overlay-type":"","overlay-color":"","overlay-opacity":"","overlay-gradient":""},"tablet":{"background-color":"","background-image":"","background-repeat":"repeat","background-position":"center center","background-size":"auto","background-attachment":"scroll","background-type":"","background-media":"","overlay-type":"","overlay-color":"","overlay-opacity":"","overlay-gradient":""},"mobile":{"background-color":"","background-image":"","background-repeat":"repeat","background-position":"center center","background-size":"auto","background-attachment":"scroll","background-type":"","background-media":"","overlay-type":"","overlay-color":"","overlay-opacity":"","overlay-gradient":""}},"ast-content-background-meta":{"desktop":{"background-color":"var(--ast-global-color-5)","background-image":"","background-repeat":"repeat","background-position":"center center","background-size":"auto","background-attachment":"scroll","background-type":"","background-media":"","overlay-type":"","overlay-color":"","overlay-opacity":"","overlay-gradient":""},"tablet":{"background-color":"var(--ast-global-color-5)","background-image":"","background-repeat":"repeat","background-position":"center center","background-size":"auto","background-attachment":"scroll","background-type":"","background-media":"","overlay-type":"","overlay-color":"","overlay-opacity":"","overlay-gradient":""},"mobile":{"background-color":"var(--ast-global-color-5)","background-image":"","background-repeat":"repeat","background-position":"center center","background-size":"auto","background-attachment":"scroll","background-type":"","background-media":"","overlay-type":"","overlay-color":"","overlay-opacity":"","overlay-gradient":""}},"iawp_total_views":7},"product_brand":[],"product_cat":[238,678],"product_tag":[],"class_list":{"0":"post-15652","1":"product","2":"type-product","3":"status-publish","4":"has-post-thumbnail","6":"product_cat-panel-mount","7":"product_cat-panel-mount-cables","8":"desktop-align-left","9":"tablet-align-left","10":"mobile-align-left","12":"first","13":"instock","14":"shipping-taxable","15":"purchasable","16":"product-type-simple"},"acf":[],"_links":{"self":[{"href":"https:\/\/www.fjpremium.com\/es\/wp-json\/wp\/v2\/product\/15652","targetHints":{"allow":["GET"]}}],"collection":[{"href":"https:\/\/www.fjpremium.com\/es\/wp-json\/wp\/v2\/product"}],"about":[{"href":"https:\/\/www.fjpremium.com\/es\/wp-json\/wp\/v2\/types\/product"}],"wp:featuredmedia":[{"embeddable":true,"href":"https:\/\/www.fjpremium.com\/es\/wp-json\/wp\/v2\/media\/15678"}],"wp:attachment":[{"href":"https:\/\/www.fjpremium.com\/es\/wp-json\/wp\/v2\/media?parent=15652"}],"wp:term":[{"taxonomy":"product_brand","embeddable":true,"href":"https:\/\/www.fjpremium.com\/es\/wp-json\/wp\/v2\/product_brand?post=15652"},{"taxonomy":"product_cat","embeddable":true,"href":"https:\/\/www.fjpremium.com\/es\/wp-json\/wp\/v2\/product_cat?post=15652"},{"taxonomy":"product_tag","embeddable":true,"href":"https:\/\/www.fjpremium.com\/es\/wp-json\/wp\/v2\/product_tag?post=15652"}],"curies":[{"name":"wp","href":"https:\/\/api.w.org\/{rel}","templated":true}]}}