{"id":15651,"date":"2020-08-06T11:14:27","date_gmt":"2020-08-06T03:14:27","guid":{"rendered":"https:\/\/www.fjpremium.com\/?post_type=product&#038;p=15651"},"modified":"2024-03-12T09:48:45","modified_gmt":"2024-03-12T01:48:45","slug":"farsince-surface-hdmi-4k-male-to-hdmi-female-m3-screw-wall-mount-panel-mount-2-0-extension-cable-female-port-plastic-exposed","status":"publish","type":"product","link":"https:\/\/www.fjpremium.com\/es\/product\/farsince-surface-hdmi-4k-male-to-hdmi-female-m3-screw-wall-mount-panel-mount-2-0-extension-cable-female-port-plastic-exposed\/","title":{"rendered":"HDMI 4K Macho a HDMI Hembra Cable de extensi\u00f3n HDMI corto"},"content":{"rendered":"<div>\n<div data-section=\"AliMagic-dyu2rp\" data-section-title=\"Product Description\" data-spm-anchor-id=\"a2700.wholesale.pronpeci14.i0.5c734457XjAHdR\">\n<p>Dise\u00f1ado para unir dos cables HDMI a trav\u00e9s de un panel de forma impecable, nuestro cable alargador HDMI corto facilita la conectividad de la pantalla desde una fuente contenida de forma segura.<\/p>\n<p>Su dise\u00f1o compacto garantiza una p\u00e9rdida de se\u00f1al m\u00ednima, lo que lo convierte en una herramienta indispensable para cualquier configuraci\u00f3n visual de alta definici\u00f3n. Adem\u00e1s, al ser compatible con resoluciones de v\u00eddeo de hasta 4K*2K@50\/60(2160p), ofrece im\u00e1genes cristalinas con una claridad cuatro veces superior a la de la resoluci\u00f3n de v\u00eddeo 1080p\/60.<\/p>\n<p>Fabricado con materiales de alta calidad, este robusto cable promete toda una vida de rendimiento constante y fiable.<\/p>\n<p>Disfrutar\u00e1 de inmunidad a las interferencias EMI\/RFI, gracias a sus conductores totalmente blindados, y disfrutar\u00e1 de una transferencia de se\u00f1al superior con los conectores chapados en oro de 24 K.<\/p>\n<p>Y probado para cumplir los est\u00e1ndares del sector, ofrece hasta 18 Gbps y admite v\u00eddeo 3D, Deep Color y x.v. Color\u2122.<\/p>\n<p>Adem\u00e1s, el puerto hembra expuesto y el dise\u00f1o atornillado aseguran sus conexiones, mientras que sus seis opciones de montaje diferentes lo convierten en una opci\u00f3n vers\u00e1til para instalaciones variadas.<\/p>\n<p>En resumen, conf\u00ede en nuestra promesa de calidad, respaldada por una garant\u00eda de 2 a\u00f1os. P\u00f3ngase en contacto con nosotros hoy mismo y solicite este cable alargador HDMI corto.<\/p>\n<\/div>\n<\/div>","protected":false},"excerpt":{"rendered":"<p>Ingrese a un mundo de calidad visual inigualable con el cable de extensi\u00f3n HDMI corto HDMI 4K macho a HDMI hembra de FARSINCE para una p\u00e9rdida m\u00ednima de se\u00f1al.<\/p>","protected":false},"featured_media":15672,"template":"","meta":{"_acf_changed":false,"_seopress_robots_primary_cat":"","_seopress_titles_title":"Best Short HDMI Extension Cable - Farsince","_seopress_titles_desc":"","_seopress_robots_index":"","site-sidebar-layout":"default","site-content-layout":"default","ast-site-content-layout":"default","site-content-style":"default","site-sidebar-style":"default","ast-global-header-display":"","ast-banner-title-visibility":"","ast-main-header-display":"","ast-hfb-above-header-display":"","ast-hfb-below-header-display":"","ast-hfb-mobile-header-display":"","site-post-title":"","ast-breadcrumbs-content":"","ast-featured-img":"","footer-sml-layout":"","ast-disable-related-posts":"","theme-transparent-header-meta":"default","adv-header-id-meta":"","stick-header-meta":"","header-above-stick-meta":"","header-main-stick-meta":"","header-below-stick-meta":"","astra-migrate-meta-layouts":"set","ast-page-background-enabled":"default","ast-page-background-meta":{"desktop":{"background-color":"","background-image":"","background-repeat":"repeat","background-position":"center center","background-size":"auto","background-attachment":"scroll","background-type":"","background-media":"","overlay-type":"","overlay-color":"","overlay-opacity":"","overlay-gradient":""},"tablet":{"background-color":"","background-image":"","background-repeat":"repeat","background-position":"center center","background-size":"auto","background-attachment":"scroll","background-type":"","background-media":"","overlay-type":"","overlay-color":"","overlay-opacity":"","overlay-gradient":""},"mobile":{"background-color":"","background-image":"","background-repeat":"repeat","background-position":"center center","background-size":"auto","background-attachment":"scroll","background-type":"","background-media":"","overlay-type":"","overlay-color":"","overlay-opacity":"","overlay-gradient":""}},"ast-content-background-meta":{"desktop":{"background-color":"var(--ast-global-color-5)","background-image":"","background-repeat":"repeat","background-position":"center center","background-size":"auto","background-attachment":"scroll","background-type":"","background-media":"","overlay-type":"","overlay-color":"","overlay-opacity":"","overlay-gradient":""},"tablet":{"background-color":"var(--ast-global-color-5)","background-image":"","background-repeat":"repeat","background-position":"center center","background-size":"auto","background-attachment":"scroll","background-type":"","background-media":"","overlay-type":"","overlay-color":"","overlay-opacity":"","overlay-gradient":""},"mobile":{"background-color":"var(--ast-global-color-5)","background-image":"","background-repeat":"repeat","background-position":"center center","background-size":"auto","background-attachment":"scroll","background-type":"","background-media":"","overlay-type":"","overlay-color":"","overlay-opacity":"","overlay-gradient":""}},"iawp_total_views":14},"product_brand":[],"product_cat":[238,678],"product_tag":[],"class_list":{"0":"post-15651","1":"product","2":"type-product","3":"status-publish","4":"has-post-thumbnail","6":"product_cat-panel-mount","7":"product_cat-panel-mount-cables","8":"desktop-align-left","9":"tablet-align-left","10":"mobile-align-left","12":"first","13":"instock","14":"shipping-taxable","15":"purchasable","16":"product-type-simple"},"acf":[],"_links":{"self":[{"href":"https:\/\/www.fjpremium.com\/es\/wp-json\/wp\/v2\/product\/15651","targetHints":{"allow":["GET"]}}],"collection":[{"href":"https:\/\/www.fjpremium.com\/es\/wp-json\/wp\/v2\/product"}],"about":[{"href":"https:\/\/www.fjpremium.com\/es\/wp-json\/wp\/v2\/types\/product"}],"wp:featuredmedia":[{"embeddable":true,"href":"https:\/\/www.fjpremium.com\/es\/wp-json\/wp\/v2\/media\/15672"}],"wp:attachment":[{"href":"https:\/\/www.fjpremium.com\/es\/wp-json\/wp\/v2\/media?parent=15651"}],"wp:term":[{"taxonomy":"product_brand","embeddable":true,"href":"https:\/\/www.fjpremium.com\/es\/wp-json\/wp\/v2\/product_brand?post=15651"},{"taxonomy":"product_cat","embeddable":true,"href":"https:\/\/www.fjpremium.com\/es\/wp-json\/wp\/v2\/product_cat?post=15651"},{"taxonomy":"product_tag","embeddable":true,"href":"https:\/\/www.fjpremium.com\/es\/wp-json\/wp\/v2\/product_tag?post=15651"}],"curies":[{"name":"wp","href":"https:\/\/api.w.org\/{rel}","templated":true}]}}