{"id":15650,"date":"2020-08-06T11:14:26","date_gmt":"2020-08-06T03:14:26","guid":{"rendered":"https:\/\/www.fjpremium.com\/?post_type=product&#038;p=15650"},"modified":"2024-03-12T09:42:42","modified_gmt":"2024-03-12T01:42:42","slug":"farsince-hdmi-classis-4k-male-to-hdmi-female-m3-screw-wall-mount-panel-mount-2-0-extension-cable-flat-mount","status":"publish","type":"product","link":"https:\/\/www.fjpremium.com\/es\/product\/farsince-hdmi-classis-4k-male-to-hdmi-female-m3-screw-wall-mount-panel-mount-2-0-extension-cable-flat-mount\/","title":{"rendered":"HDMI 4K Macho a HDMI Hembra Cable de extensi\u00f3n de montaje en panel de montaje plano"},"content":{"rendered":"<div>\n<div data-section=\"AliMagic-k1jo3i\" data-section-title=\"Product Description\" data-spm-anchor-id=\"a2700.wholesale.pronpeci14.i0.32e4193bbVCi0z\">\n<p>Esta elegante soluci\u00f3n, que combina dos cables HDMI para una conectividad perfecta a trav\u00e9s de un panel, permite crear una conectividad de pantalla desde una ubicaci\u00f3n segura.<\/p>\n<p>A pesar de su estructura compacta, est\u00e1 dise\u00f1ado con precisi\u00f3n para reducir al m\u00ednimo la p\u00e9rdida de se\u00f1al y admite resoluciones de v\u00eddeo de hasta un impresionante 4K*2K@50\/60(2160p).<\/p>\n<p>Fabricado con materiales superiores y t\u00e9cnicas de construcci\u00f3n avanzadas, nuestro cable de montaje plano garantiza toda una vida de rendimiento fiable.<\/p>\n<p>Sus conductores totalmente apantallados garantizan una inmunidad total a las interferencias EMI\/RFI, mientras que los conectores chapados en oro de 24 K ofrecen una transferencia de se\u00f1al insuperable.<\/p>\n<p>Certificado para cumplir los est\u00e1ndares del sector, tambi\u00e9n ofrece un ancho de banda de hasta 18 Gbps, compatible con v\u00eddeo 3D, Deep Color y x.v. Color\u2122.<\/p>\n<p>La caracter\u00edstica hembra de montaje plano y un dise\u00f1o de tornillo seguro ofrecen conexiones estancas y seguras. Adem\u00e1s, puede elegir entre seis opciones de montaje diferentes para adaptarse a una gran variedad de instalaciones.<\/p>\n<p>En general, conf\u00ede en nuestro compromiso con la calidad, respaldado por una garant\u00eda de 2 a\u00f1os, y pida el cable de extensi\u00f3n para montaje en panel.<\/p>\n<\/div>\n<\/div>","protected":false},"excerpt":{"rendered":"<p>Sum\u00e9rgete en un mundo de im\u00e1genes impresionantes con el cable de extensi\u00f3n de montaje en panel HDMI 4K macho a HDMI hembra de FARSINCE, dise\u00f1ado para una p\u00e9rdida de se\u00f1al m\u00ednima.<\/p>","protected":false},"featured_media":15661,"template":"","meta":{"_acf_changed":false,"_seopress_robots_primary_cat":"","_seopress_titles_title":"Panel Mount Extension Cable Flat Mount - Farsince","_seopress_titles_desc":"","_seopress_robots_index":"","site-sidebar-layout":"default","site-content-layout":"default","ast-site-content-layout":"default","site-content-style":"default","site-sidebar-style":"default","ast-global-header-display":"","ast-banner-title-visibility":"","ast-main-header-display":"","ast-hfb-above-header-display":"","ast-hfb-below-header-display":"","ast-hfb-mobile-header-display":"","site-post-title":"","ast-breadcrumbs-content":"","ast-featured-img":"","footer-sml-layout":"","ast-disable-related-posts":"","theme-transparent-header-meta":"default","adv-header-id-meta":"","stick-header-meta":"","header-above-stick-meta":"","header-main-stick-meta":"","header-below-stick-meta":"","astra-migrate-meta-layouts":"set","ast-page-background-enabled":"default","ast-page-background-meta":{"desktop":{"background-color":"","background-image":"","background-repeat":"repeat","background-position":"center center","background-size":"auto","background-attachment":"scroll","background-type":"","background-media":"","overlay-type":"","overlay-color":"","overlay-opacity":"","overlay-gradient":""},"tablet":{"background-color":"","background-image":"","background-repeat":"repeat","background-position":"center center","background-size":"auto","background-attachment":"scroll","background-type":"","background-media":"","overlay-type":"","overlay-color":"","overlay-opacity":"","overlay-gradient":""},"mobile":{"background-color":"","background-image":"","background-repeat":"repeat","background-position":"center center","background-size":"auto","background-attachment":"scroll","background-type":"","background-media":"","overlay-type":"","overlay-color":"","overlay-opacity":"","overlay-gradient":""}},"ast-content-background-meta":{"desktop":{"background-color":"var(--ast-global-color-5)","background-image":"","background-repeat":"repeat","background-position":"center center","background-size":"auto","background-attachment":"scroll","background-type":"","background-media":"","overlay-type":"","overlay-color":"","overlay-opacity":"","overlay-gradient":""},"tablet":{"background-color":"var(--ast-global-color-5)","background-image":"","background-repeat":"repeat","background-position":"center center","background-size":"auto","background-attachment":"scroll","background-type":"","background-media":"","overlay-type":"","overlay-color":"","overlay-opacity":"","overlay-gradient":""},"mobile":{"background-color":"var(--ast-global-color-5)","background-image":"","background-repeat":"repeat","background-position":"center center","background-size":"auto","background-attachment":"scroll","background-type":"","background-media":"","overlay-type":"","overlay-color":"","overlay-opacity":"","overlay-gradient":""}},"iawp_total_views":8},"product_brand":[],"product_cat":[238,678],"product_tag":[],"class_list":{"0":"post-15650","1":"product","2":"type-product","3":"status-publish","4":"has-post-thumbnail","6":"product_cat-panel-mount","7":"product_cat-panel-mount-cables","8":"desktop-align-left","9":"tablet-align-left","10":"mobile-align-left","12":"first","13":"instock","14":"shipping-taxable","15":"purchasable","16":"product-type-simple"},"acf":[],"_links":{"self":[{"href":"https:\/\/www.fjpremium.com\/es\/wp-json\/wp\/v2\/product\/15650","targetHints":{"allow":["GET"]}}],"collection":[{"href":"https:\/\/www.fjpremium.com\/es\/wp-json\/wp\/v2\/product"}],"about":[{"href":"https:\/\/www.fjpremium.com\/es\/wp-json\/wp\/v2\/types\/product"}],"wp:featuredmedia":[{"embeddable":true,"href":"https:\/\/www.fjpremium.com\/es\/wp-json\/wp\/v2\/media\/15661"}],"wp:attachment":[{"href":"https:\/\/www.fjpremium.com\/es\/wp-json\/wp\/v2\/media?parent=15650"}],"wp:term":[{"taxonomy":"product_brand","embeddable":true,"href":"https:\/\/www.fjpremium.com\/es\/wp-json\/wp\/v2\/product_brand?post=15650"},{"taxonomy":"product_cat","embeddable":true,"href":"https:\/\/www.fjpremium.com\/es\/wp-json\/wp\/v2\/product_cat?post=15650"},{"taxonomy":"product_tag","embeddable":true,"href":"https:\/\/www.fjpremium.com\/es\/wp-json\/wp\/v2\/product_tag?post=15650"}],"curies":[{"name":"wp","href":"https:\/\/api.w.org\/{rel}","templated":true}]}}