{"id":15649,"date":"2020-08-06T11:14:25","date_gmt":"2020-08-06T03:14:25","guid":{"rendered":"https:\/\/www.fjpremium.com\/?post_type=product&#038;p=15649"},"modified":"2024-03-12T10:12:42","modified_gmt":"2024-03-12T02:12:42","slug":"farsince-45-degree-angle-hdmi-4k-male-to-hdmi-female-m3-screw-wall-mount-panel-mount-2-0-extension-cable","status":"publish","type":"product","link":"https:\/\/www.fjpremium.com\/es\/product\/farsince-45-degree-angle-hdmi-4k-male-to-hdmi-female-m3-screw-wall-mount-panel-mount-2-0-extension-cable\/","title":{"rendered":"Mejor cable de extensi\u00f3n HDMI \u00e1ngulo de 45 grados HDMI 4K macho a HDMI hembra"},"content":{"rendered":"<div>\n<div data-section=\"AliMagic-8izw9w\" data-section-title=\"Product Description\" data-spm-anchor-id=\"a2700.wholesale.pronpeci14.i0.7a0d398aeqVyDp\">\n<p>Nuestra soluci\u00f3n, la mejor de su clase, combina sin esfuerzo dos cables HDMI, proporcionando una conectividad de pantalla segura y de alta calidad.<\/p>\n<p>A pesar de su longitud compacta, est\u00e1 dise\u00f1ado para que la p\u00e9rdida de se\u00f1al sea m\u00ednima y admite resoluciones de v\u00eddeo de hasta 4K*2K@50\/60(2160p).<\/p>\n<p>Fabricado con materiales de calidad superior, este cable garantiza un rendimiento fiable para toda la vida. Los conductores totalmente blindados eliminan las interferencias EMI\/RFI, mientras que los conectores chapados en oro de 24 quilates garantizan el m\u00e1ximo nivel de transferencia de se\u00f1al.<\/p>\n<p>Y probado para cumplir los est\u00e1ndares del sector, presume de una velocidad de transferencia de datos de hasta 18 Gbps y es compatible con v\u00eddeo 3D, Deep Color y x.v. Color\u2122.<\/p>\n<p>Adem\u00e1s, el dise\u00f1o en \u00e1ngulo de 45 grados junto con el mecanismo de tornillo permite conexiones seguras y flexibilidad de instalaci\u00f3n con seis tipos de montaje hembra diferentes.<\/p>\n<p>Por lo tanto, conf\u00ede en nosotros para obtener soluciones de conectividad superiores respaldadas por una garant\u00eda de 2 a\u00f1os, e invierta en nuestro mejor cable alargador HDMI.<\/p>\n<\/div>\n<\/div>","protected":false},"excerpt":{"rendered":"<p>Revolucione la conectividad de la pantalla con el mejor cable de extensi\u00f3n HDMI de FARSINCE para una p\u00e9rdida de se\u00f1al m\u00ednima y una resoluci\u00f3n ultra-HD 4K.<\/p>","protected":false},"featured_media":15654,"template":"","meta":{"_acf_changed":false,"_seopress_robots_primary_cat":"","_seopress_titles_title":"Best HDMI Extension Cable 45 Degree Angle - Farsince","_seopress_titles_desc":"","_seopress_robots_index":"","site-sidebar-layout":"default","site-content-layout":"default","ast-site-content-layout":"default","site-content-style":"default","site-sidebar-style":"default","ast-global-header-display":"","ast-banner-title-visibility":"","ast-main-header-display":"","ast-hfb-above-header-display":"","ast-hfb-below-header-display":"","ast-hfb-mobile-header-display":"","site-post-title":"","ast-breadcrumbs-content":"","ast-featured-img":"","footer-sml-layout":"","ast-disable-related-posts":"","theme-transparent-header-meta":"default","adv-header-id-meta":"","stick-header-meta":"","header-above-stick-meta":"","header-main-stick-meta":"","header-below-stick-meta":"","astra-migrate-meta-layouts":"set","ast-page-background-enabled":"default","ast-page-background-meta":{"desktop":{"background-color":"","background-image":"","background-repeat":"repeat","background-position":"center center","background-size":"auto","background-attachment":"scroll","background-type":"","background-media":"","overlay-type":"","overlay-color":"","overlay-opacity":"","overlay-gradient":""},"tablet":{"background-color":"","background-image":"","background-repeat":"repeat","background-position":"center center","background-size":"auto","background-attachment":"scroll","background-type":"","background-media":"","overlay-type":"","overlay-color":"","overlay-opacity":"","overlay-gradient":""},"mobile":{"background-color":"","background-image":"","background-repeat":"repeat","background-position":"center center","background-size":"auto","background-attachment":"scroll","background-type":"","background-media":"","overlay-type":"","overlay-color":"","overlay-opacity":"","overlay-gradient":""}},"ast-content-background-meta":{"desktop":{"background-color":"var(--ast-global-color-5)","background-image":"","background-repeat":"repeat","background-position":"center center","background-size":"auto","background-attachment":"scroll","background-type":"","background-media":"","overlay-type":"","overlay-color":"","overlay-opacity":"","overlay-gradient":""},"tablet":{"background-color":"var(--ast-global-color-5)","background-image":"","background-repeat":"repeat","background-position":"center center","background-size":"auto","background-attachment":"scroll","background-type":"","background-media":"","overlay-type":"","overlay-color":"","overlay-opacity":"","overlay-gradient":""},"mobile":{"background-color":"var(--ast-global-color-5)","background-image":"","background-repeat":"repeat","background-position":"center center","background-size":"auto","background-attachment":"scroll","background-type":"","background-media":"","overlay-type":"","overlay-color":"","overlay-opacity":"","overlay-gradient":""}},"iawp_total_views":10},"product_brand":[],"product_cat":[238,678],"product_tag":[],"class_list":{"0":"post-15649","1":"product","2":"type-product","3":"status-publish","4":"has-post-thumbnail","6":"product_cat-panel-mount","7":"product_cat-panel-mount-cables","8":"desktop-align-left","9":"tablet-align-left","10":"mobile-align-left","12":"first","13":"instock","14":"shipping-taxable","15":"purchasable","16":"product-type-simple"},"acf":[],"_links":{"self":[{"href":"https:\/\/www.fjpremium.com\/es\/wp-json\/wp\/v2\/product\/15649","targetHints":{"allow":["GET"]}}],"collection":[{"href":"https:\/\/www.fjpremium.com\/es\/wp-json\/wp\/v2\/product"}],"about":[{"href":"https:\/\/www.fjpremium.com\/es\/wp-json\/wp\/v2\/types\/product"}],"wp:featuredmedia":[{"embeddable":true,"href":"https:\/\/www.fjpremium.com\/es\/wp-json\/wp\/v2\/media\/15654"}],"wp:attachment":[{"href":"https:\/\/www.fjpremium.com\/es\/wp-json\/wp\/v2\/media?parent=15649"}],"wp:term":[{"taxonomy":"product_brand","embeddable":true,"href":"https:\/\/www.fjpremium.com\/es\/wp-json\/wp\/v2\/product_brand?post=15649"},{"taxonomy":"product_cat","embeddable":true,"href":"https:\/\/www.fjpremium.com\/es\/wp-json\/wp\/v2\/product_cat?post=15649"},{"taxonomy":"product_tag","embeddable":true,"href":"https:\/\/www.fjpremium.com\/es\/wp-json\/wp\/v2\/product_tag?post=15649"}],"curies":[{"name":"wp","href":"https:\/\/api.w.org\/{rel}","templated":true}]}}