{"id":15642,"date":"2020-08-06T11:11:02","date_gmt":"2020-08-06T03:11:02","guid":{"rendered":"https:\/\/www.fjpremium.com\/?post_type=product&#038;p=15642"},"modified":"2024-03-12T10:28:11","modified_gmt":"2024-03-12T02:28:11","slug":"farsince-flat-hdmi-4k-male-to-hdmi-female-m3-screw-wall-mount-panel-mount-2-0-extension-cable","status":"publish","type":"product","link":"https:\/\/www.fjpremium.com\/es\/product\/farsince-flat-hdmi-4k-male-to-hdmi-female-m3-screw-wall-mount-panel-mount-2-0-extension-cable\/","title":{"rendered":"Cable de extensi\u00f3n plano HDMI 4K macho a HDMI hembra para montaje en panel 2.0"},"content":{"rendered":"<div>\n<div data-section=\"AliMagic-tf0vbb\" data-section-title=\"Product Description\" data-spm-anchor-id=\"a2700.wholesale.pronpeci14.i0.52e7de6f9Ta9rW\">\n<p>Esta soluci\u00f3n superior combina a la perfecci\u00f3n dos cables HDMI para establecer una conectividad de primera a trav\u00e9s de un panel, ideal para pantallas procedentes de ubicaciones seguras.<\/p>\n<p>A pesar de su c\u00f3moda corta longitud, est\u00e1 dise\u00f1ado para que la p\u00e9rdida de se\u00f1al sea m\u00ednima y admite resoluciones de v\u00eddeo de hasta 4K*2K@50\/60(2160p).<\/p>\n<p>Fabricado con materiales de primera calidad, nuestro cable promete toda una vida de rendimiento constante.<\/p>\n<p>Los conductores totalmente apantallados ofrecen inmunidad a las interferencias EMI\/RFI, mientras que los conectores chapados en oro de 24 K facilitan una transferencia de se\u00f1al inigualable.<\/p>\n<p>Adem\u00e1s, con un ancho de banda que alcanza los 18 Gbps, admite v\u00eddeo 3D, Deep Color y x.v. Color\u2122. Y el exclusivo dise\u00f1o plano y el mecanismo de tornillo M3 proporcionan opciones de montaje seguras y diversas.<\/p>\n<p>Por eso, conf\u00ede en nosotros para este cable alargador plano, respaldado por una garant\u00eda de 2 a\u00f1os.<\/p>\n<\/div>\n<\/div>","protected":false},"excerpt":{"rendered":"<p>Aumente la conectividad con el cable de extensi\u00f3n plano HDMI 4K macho a HDMI hembra de montaje en panel 2.0 de FARSINCE, que ofrece una p\u00e9rdida de se\u00f1al m\u00ednima, una resoluci\u00f3n estelar de 4K y un montaje seguro.<\/p>","protected":false},"featured_media":15643,"template":"","meta":{"_acf_changed":false,"_seopress_robots_primary_cat":"","_seopress_titles_title":"Best Panel Mount 2.0 Flat Extension Cable - Farsince","_seopress_titles_desc":"Elevate the connectivity with our HDMI 4K male to HDMI female panel mount 2.0 flat extension cable for minimal signal loss and stellar 4K resolution.","_seopress_robots_index":"","site-sidebar-layout":"default","site-content-layout":"default","ast-site-content-layout":"default","site-content-style":"default","site-sidebar-style":"default","ast-global-header-display":"","ast-banner-title-visibility":"","ast-main-header-display":"","ast-hfb-above-header-display":"","ast-hfb-below-header-display":"","ast-hfb-mobile-header-display":"","site-post-title":"","ast-breadcrumbs-content":"","ast-featured-img":"","footer-sml-layout":"","ast-disable-related-posts":"","theme-transparent-header-meta":"default","adv-header-id-meta":"","stick-header-meta":"","header-above-stick-meta":"","header-main-stick-meta":"","header-below-stick-meta":"","astra-migrate-meta-layouts":"set","ast-page-background-enabled":"default","ast-page-background-meta":{"desktop":{"background-color":"","background-image":"","background-repeat":"repeat","background-position":"center center","background-size":"auto","background-attachment":"scroll","background-type":"","background-media":"","overlay-type":"","overlay-color":"","overlay-opacity":"","overlay-gradient":""},"tablet":{"background-color":"","background-image":"","background-repeat":"repeat","background-position":"center center","background-size":"auto","background-attachment":"scroll","background-type":"","background-media":"","overlay-type":"","overlay-color":"","overlay-opacity":"","overlay-gradient":""},"mobile":{"background-color":"","background-image":"","background-repeat":"repeat","background-position":"center center","background-size":"auto","background-attachment":"scroll","background-type":"","background-media":"","overlay-type":"","overlay-color":"","overlay-opacity":"","overlay-gradient":""}},"ast-content-background-meta":{"desktop":{"background-color":"var(--ast-global-color-5)","background-image":"","background-repeat":"repeat","background-position":"center center","background-size":"auto","background-attachment":"scroll","background-type":"","background-media":"","overlay-type":"","overlay-color":"","overlay-opacity":"","overlay-gradient":""},"tablet":{"background-color":"var(--ast-global-color-5)","background-image":"","background-repeat":"repeat","background-position":"center center","background-size":"auto","background-attachment":"scroll","background-type":"","background-media":"","overlay-type":"","overlay-color":"","overlay-opacity":"","overlay-gradient":""},"mobile":{"background-color":"var(--ast-global-color-5)","background-image":"","background-repeat":"repeat","background-position":"center center","background-size":"auto","background-attachment":"scroll","background-type":"","background-media":"","overlay-type":"","overlay-color":"","overlay-opacity":"","overlay-gradient":""}},"iawp_total_views":7},"product_brand":[],"product_cat":[238,678],"product_tag":[],"class_list":{"0":"post-15642","1":"product","2":"type-product","3":"status-publish","4":"has-post-thumbnail","6":"product_cat-panel-mount","7":"product_cat-panel-mount-cables","8":"desktop-align-left","9":"tablet-align-left","10":"mobile-align-left","12":"first","13":"instock","14":"shipping-taxable","15":"purchasable","16":"product-type-simple"},"acf":[],"_links":{"self":[{"href":"https:\/\/www.fjpremium.com\/es\/wp-json\/wp\/v2\/product\/15642","targetHints":{"allow":["GET"]}}],"collection":[{"href":"https:\/\/www.fjpremium.com\/es\/wp-json\/wp\/v2\/product"}],"about":[{"href":"https:\/\/www.fjpremium.com\/es\/wp-json\/wp\/v2\/types\/product"}],"wp:featuredmedia":[{"embeddable":true,"href":"https:\/\/www.fjpremium.com\/es\/wp-json\/wp\/v2\/media\/15643"}],"wp:attachment":[{"href":"https:\/\/www.fjpremium.com\/es\/wp-json\/wp\/v2\/media?parent=15642"}],"wp:term":[{"taxonomy":"product_brand","embeddable":true,"href":"https:\/\/www.fjpremium.com\/es\/wp-json\/wp\/v2\/product_brand?post=15642"},{"taxonomy":"product_cat","embeddable":true,"href":"https:\/\/www.fjpremium.com\/es\/wp-json\/wp\/v2\/product_cat?post=15642"},{"taxonomy":"product_tag","embeddable":true,"href":"https:\/\/www.fjpremium.com\/es\/wp-json\/wp\/v2\/product_tag?post=15642"}],"curies":[{"name":"wp","href":"https:\/\/api.w.org\/{rel}","templated":true}]}}