{"id":15608,"date":"2020-08-06T10:29:15","date_gmt":"2020-08-06T02:29:15","guid":{"rendered":"https:\/\/www.fjpremium.com\/?post_type=product&#038;p=15608"},"modified":"2024-03-11T17:31:40","modified_gmt":"2024-03-11T09:31:40","slug":"farsince-flat-hdmi-4k-female-to-hdmi-female-m3-screw-wall-mount-panel-mount-2-0-cable","status":"publish","type":"product","link":"https:\/\/www.fjpremium.com\/es\/product\/farsince-flat-hdmi-4k-female-to-hdmi-female-m3-screw-wall-mount-panel-mount-2-0-cable\/","title":{"rendered":"Cable HDMI plano 4K hembra a hembra para montaje en panel 2.0"},"content":{"rendered":"<div>\n<div data-section=\"AliMagic-x5qxsk\" data-section-title=\"Product Description\" data-spm-anchor-id=\"a2700.wholesale.pronpeci14.i0.8c0141fb4iFaLo\">\n<p>Nuestro cable combina dos cables HDMI para permitir la conexi\u00f3n de pantallas de alta calidad desde cualquier fuente alojada de forma segura.<\/p>\n<p>Su formato compacto est\u00e1 dise\u00f1ado para garantizar una degradaci\u00f3n insignificante de la se\u00f1al, al tiempo que admite resoluciones de v\u00eddeo extraordinarias de hasta 4K*2K@50\/60(2160p).<\/p>\n<p>Este cable HDMI 4K hembra-hembra de alto rendimiento est\u00e1 fabricado con materiales de calidad superior, lo que promete una vida \u00fatil duradera de suministro constante.<\/p>\n<p>Cuenta con conductores totalmente blindados que erradican las interferencias EMI\/RFI y conectores chapados en oro para mejorar la transmisi\u00f3n de la se\u00f1al.<\/p>\n<p>Adem\u00e1s, con un s\u00f3lido ancho de banda de hasta 18 Gbps, da vida al v\u00eddeo 3D, Deep Color y x.v. Color\u2122. Y su innovador dise\u00f1o plano, junto con un mecanismo de tornillo M3, ofrece m\u00faltiples opciones de instalaci\u00f3n.<\/p>\n<p>En consecuencia, invierta en nuestro rendimiento probado, respaldado por una garant\u00eda de 2 a\u00f1os.<\/p>\n<\/div>\n<\/div>","protected":false},"excerpt":{"rendered":"<p>Experimente una conectividad 4K inigualable con el cable HDMI plano 4K hembra a hembra de FARSINCE, que proporciona una p\u00e9rdida de se\u00f1al m\u00ednima, un ancho de banda robusto y m\u00faltiples opciones de montaje.<\/p>","protected":false},"featured_media":15629,"template":"","meta":{"_acf_changed":false,"_seopress_robots_primary_cat":"","_seopress_titles_title":"Best Flat 4K HDMI Cable Female to Female - Farsince","_seopress_titles_desc":"Experience unrivaled connectivity with the flat 4K HDMI cable female to female, providing minimal signal loss, robust bandwidth, and multiple mounting options.","_seopress_robots_index":"","site-sidebar-layout":"default","site-content-layout":"default","ast-site-content-layout":"default","site-content-style":"default","site-sidebar-style":"default","ast-global-header-display":"","ast-banner-title-visibility":"","ast-main-header-display":"","ast-hfb-above-header-display":"","ast-hfb-below-header-display":"","ast-hfb-mobile-header-display":"","site-post-title":"","ast-breadcrumbs-content":"","ast-featured-img":"","footer-sml-layout":"","ast-disable-related-posts":"","theme-transparent-header-meta":"default","adv-header-id-meta":"","stick-header-meta":"","header-above-stick-meta":"","header-main-stick-meta":"","header-below-stick-meta":"","astra-migrate-meta-layouts":"set","ast-page-background-enabled":"default","ast-page-background-meta":{"desktop":{"background-color":"","background-image":"","background-repeat":"repeat","background-position":"center center","background-size":"auto","background-attachment":"scroll","background-type":"","background-media":"","overlay-type":"","overlay-color":"","overlay-opacity":"","overlay-gradient":""},"tablet":{"background-color":"","background-image":"","background-repeat":"repeat","background-position":"center center","background-size":"auto","background-attachment":"scroll","background-type":"","background-media":"","overlay-type":"","overlay-color":"","overlay-opacity":"","overlay-gradient":""},"mobile":{"background-color":"","background-image":"","background-repeat":"repeat","background-position":"center center","background-size":"auto","background-attachment":"scroll","background-type":"","background-media":"","overlay-type":"","overlay-color":"","overlay-opacity":"","overlay-gradient":""}},"ast-content-background-meta":{"desktop":{"background-color":"var(--ast-global-color-5)","background-image":"","background-repeat":"repeat","background-position":"center center","background-size":"auto","background-attachment":"scroll","background-type":"","background-media":"","overlay-type":"","overlay-color":"","overlay-opacity":"","overlay-gradient":""},"tablet":{"background-color":"var(--ast-global-color-5)","background-image":"","background-repeat":"repeat","background-position":"center center","background-size":"auto","background-attachment":"scroll","background-type":"","background-media":"","overlay-type":"","overlay-color":"","overlay-opacity":"","overlay-gradient":""},"mobile":{"background-color":"var(--ast-global-color-5)","background-image":"","background-repeat":"repeat","background-position":"center center","background-size":"auto","background-attachment":"scroll","background-type":"","background-media":"","overlay-type":"","overlay-color":"","overlay-opacity":"","overlay-gradient":""}},"iawp_total_views":4},"product_brand":[],"product_cat":[238,678],"product_tag":[],"class_list":{"0":"post-15608","1":"product","2":"type-product","3":"status-publish","4":"has-post-thumbnail","6":"product_cat-panel-mount","7":"product_cat-panel-mount-cables","8":"desktop-align-left","9":"tablet-align-left","10":"mobile-align-left","12":"first","13":"instock","14":"shipping-taxable","15":"purchasable","16":"product-type-simple"},"acf":[],"_links":{"self":[{"href":"https:\/\/www.fjpremium.com\/es\/wp-json\/wp\/v2\/product\/15608","targetHints":{"allow":["GET"]}}],"collection":[{"href":"https:\/\/www.fjpremium.com\/es\/wp-json\/wp\/v2\/product"}],"about":[{"href":"https:\/\/www.fjpremium.com\/es\/wp-json\/wp\/v2\/types\/product"}],"wp:featuredmedia":[{"embeddable":true,"href":"https:\/\/www.fjpremium.com\/es\/wp-json\/wp\/v2\/media\/15629"}],"wp:attachment":[{"href":"https:\/\/www.fjpremium.com\/es\/wp-json\/wp\/v2\/media?parent=15608"}],"wp:term":[{"taxonomy":"product_brand","embeddable":true,"href":"https:\/\/www.fjpremium.com\/es\/wp-json\/wp\/v2\/product_brand?post=15608"},{"taxonomy":"product_cat","embeddable":true,"href":"https:\/\/www.fjpremium.com\/es\/wp-json\/wp\/v2\/product_cat?post=15608"},{"taxonomy":"product_tag","embeddable":true,"href":"https:\/\/www.fjpremium.com\/es\/wp-json\/wp\/v2\/product_tag?post=15608"}],"curies":[{"name":"wp","href":"https:\/\/api.w.org\/{rel}","templated":true}]}}