{"id":15607,"date":"2020-08-06T10:29:14","date_gmt":"2020-08-06T02:29:14","guid":{"rendered":"https:\/\/www.fjpremium.com\/?post_type=product&#038;p=15607"},"modified":"2024-03-11T17:15:55","modified_gmt":"2024-03-11T09:15:55","slug":"farsince-45-degree-angle-hdmi-4k-female-to-hdmi-female-m3-screw-wall-mount-panel-mount-2-0-cable","status":"publish","type":"product","link":"https:\/\/www.fjpremium.com\/es\/product\/farsince-45-degree-angle-hdmi-4k-female-to-hdmi-female-m3-screw-wall-mount-panel-mount-2-0-cable\/","title":{"rendered":"Cable de montaje en panel HDMI 4K hembra a HDMI hembra con \u00e1ngulo de 45 grados"},"content":{"rendered":"<div>\n<div data-section=\"AliMagic-bcw1ko\" data-section-title=\"Product Description\" data-spm-anchor-id=\"a2700.wholesale.pronpeci14.i0.214a439biNrM2Y\">\n<p>Meticulosamente dise\u00f1ado, este cable fusiona dos cables HDMI para una conectividad de panel de primer nivel. Su innovador dise\u00f1o en \u00e1ngulo permite crear una interfaz de pantalla perfecta y de alta calidad desde cualquier fuente de contenido seguro.<\/p>\n<p>Adem\u00e1s, compacto pero robusto, garantiza una p\u00e9rdida de se\u00f1al m\u00ednima a la vez que admite una resoluci\u00f3n de v\u00eddeo de hasta 4K*2K@50\/60(2160p).<\/p>\n<p>Materiales de calidad superior y una construcci\u00f3n experta contribuyen a su rendimiento duradero.<\/p>\n<p>El cable est\u00e1 totalmente blindado para una total inmunidad a las interferencias EMI\/RFI, y los conectores chapados en oro de 24 quilates refuerzan una transferencia de se\u00f1al superior.<\/p>\n<p>Adem\u00e1s, cumple las normas del sector y est\u00e1 respaldado por la garant\u00eda de dos a\u00f1os de FARSINCE.<\/p>\n<p>Por lo tanto, opte por nuestro cable de montaje en panel con \u00e1ngulo de 45 grados para obtener una calidad excepcional y opciones de instalaci\u00f3n innovadoras.<\/p>\n<\/div>\n<\/div>","protected":false},"excerpt":{"rendered":"<p>Sum\u00e9rjase en una conectividad 4K superior con el cable de montaje en panel HDMI 4K hembra a hembra con \u00e1ngulo de 45 grados de FARSINCE, que garantiza una p\u00e9rdida m\u00ednima de se\u00f1al, un gran ancho de banda y m\u00faltiples opciones de montaje.<\/p>","protected":false},"featured_media":15622,"template":"","meta":{"_acf_changed":false,"_seopress_robots_primary_cat":"","_seopress_titles_title":"HDMI 4K Female to HDMI Female Panel Mount Cable - Farsince","_seopress_titles_desc":"Dive into superior 4K connectivity with FARSINCE&#039;s panel mount cable, ensuring minimal signal loss, high bandwidth, and multiple mounting options. ","_seopress_robots_index":"","site-sidebar-layout":"default","site-content-layout":"default","ast-site-content-layout":"default","site-content-style":"default","site-sidebar-style":"default","ast-global-header-display":"","ast-banner-title-visibility":"","ast-main-header-display":"","ast-hfb-above-header-display":"","ast-hfb-below-header-display":"","ast-hfb-mobile-header-display":"","site-post-title":"","ast-breadcrumbs-content":"","ast-featured-img":"","footer-sml-layout":"","ast-disable-related-posts":"","theme-transparent-header-meta":"default","adv-header-id-meta":"","stick-header-meta":"","header-above-stick-meta":"","header-main-stick-meta":"","header-below-stick-meta":"","astra-migrate-meta-layouts":"set","ast-page-background-enabled":"default","ast-page-background-meta":{"desktop":{"background-color":"","background-image":"","background-repeat":"repeat","background-position":"center center","background-size":"auto","background-attachment":"scroll","background-type":"","background-media":"","overlay-type":"","overlay-color":"","overlay-opacity":"","overlay-gradient":""},"tablet":{"background-color":"","background-image":"","background-repeat":"repeat","background-position":"center center","background-size":"auto","background-attachment":"scroll","background-type":"","background-media":"","overlay-type":"","overlay-color":"","overlay-opacity":"","overlay-gradient":""},"mobile":{"background-color":"","background-image":"","background-repeat":"repeat","background-position":"center center","background-size":"auto","background-attachment":"scroll","background-type":"","background-media":"","overlay-type":"","overlay-color":"","overlay-opacity":"","overlay-gradient":""}},"ast-content-background-meta":{"desktop":{"background-color":"var(--ast-global-color-5)","background-image":"","background-repeat":"repeat","background-position":"center center","background-size":"auto","background-attachment":"scroll","background-type":"","background-media":"","overlay-type":"","overlay-color":"","overlay-opacity":"","overlay-gradient":""},"tablet":{"background-color":"var(--ast-global-color-5)","background-image":"","background-repeat":"repeat","background-position":"center center","background-size":"auto","background-attachment":"scroll","background-type":"","background-media":"","overlay-type":"","overlay-color":"","overlay-opacity":"","overlay-gradient":""},"mobile":{"background-color":"var(--ast-global-color-5)","background-image":"","background-repeat":"repeat","background-position":"center center","background-size":"auto","background-attachment":"scroll","background-type":"","background-media":"","overlay-type":"","overlay-color":"","overlay-opacity":"","overlay-gradient":""}},"iawp_total_views":5},"product_brand":[],"product_cat":[238,678],"product_tag":[],"class_list":{"0":"post-15607","1":"product","2":"type-product","3":"status-publish","4":"has-post-thumbnail","6":"product_cat-panel-mount","7":"product_cat-panel-mount-cables","8":"desktop-align-left","9":"tablet-align-left","10":"mobile-align-left","12":"first","13":"instock","14":"shipping-taxable","15":"purchasable","16":"product-type-simple"},"acf":[],"_links":{"self":[{"href":"https:\/\/www.fjpremium.com\/es\/wp-json\/wp\/v2\/product\/15607","targetHints":{"allow":["GET"]}}],"collection":[{"href":"https:\/\/www.fjpremium.com\/es\/wp-json\/wp\/v2\/product"}],"about":[{"href":"https:\/\/www.fjpremium.com\/es\/wp-json\/wp\/v2\/types\/product"}],"wp:featuredmedia":[{"embeddable":true,"href":"https:\/\/www.fjpremium.com\/es\/wp-json\/wp\/v2\/media\/15622"}],"wp:attachment":[{"href":"https:\/\/www.fjpremium.com\/es\/wp-json\/wp\/v2\/media?parent=15607"}],"wp:term":[{"taxonomy":"product_brand","embeddable":true,"href":"https:\/\/www.fjpremium.com\/es\/wp-json\/wp\/v2\/product_brand?post=15607"},{"taxonomy":"product_cat","embeddable":true,"href":"https:\/\/www.fjpremium.com\/es\/wp-json\/wp\/v2\/product_cat?post=15607"},{"taxonomy":"product_tag","embeddable":true,"href":"https:\/\/www.fjpremium.com\/es\/wp-json\/wp\/v2\/product_tag?post=15607"}],"curies":[{"name":"wp","href":"https:\/\/api.w.org\/{rel}","templated":true}]}}