{"id":15606,"date":"2020-08-06T10:29:13","date_gmt":"2020-08-06T02:29:13","guid":{"rendered":"https:\/\/www.fjpremium.com\/?post_type=product&#038;p=15606"},"modified":"2024-03-11T16:55:54","modified_gmt":"2024-03-11T08:55:54","slug":"farsince-surface-hdmi-4k-female-to-hdmi-female-m3-screw-wall-mount-panel-mount-2-0-cable-female-port-plastic-exposed","status":"publish","type":"product","link":"https:\/\/www.fjpremium.com\/es\/product\/farsince-surface-hdmi-4k-female-to-hdmi-female-m3-screw-wall-mount-panel-mount-2-0-cable-female-port-plastic-exposed\/","title":{"rendered":"HDMI hembra a hembra 4k Cable, M3 tornillo de montaje en pared de montaje en panel 2.0 Cable de puerto hembra de pl\u00e1stico expuesto"},"content":{"rendered":"<p>El cable combina un rendimiento y una versatilidad superiores. Fabricado con conductores de cobre de alta calidad, cuenta con un amplio apantallamiento, que incluye papel de aluminio, trenzado, caja met\u00e1lica de apantallamiento y l\u00e1mina de cobre.<\/p>\n<p>Nuestro cable est\u00e1 dise\u00f1ado para combinar a la perfecci\u00f3n dos cables HDMI a trav\u00e9s de un panel, garantizando una conexi\u00f3n segura con su exclusivo dise\u00f1o de tornillos.<\/p>\n<p>Con un gran ancho de banda de 18 Gbps, admite una resoluci\u00f3n de 4K@60Hz, que ofrece cuatro veces m\u00e1s claridad que una resoluci\u00f3n de v\u00eddeo de 1080p\/60.<\/p>\n<p>Este cable HDMI hembra a hembra 4k tambi\u00e9n es compatible con v\u00eddeo 3D, Deep Color y x.v. Color\u2122. Empaquetado en una bolsa de PE, luce un color dorado y est\u00e1 protegido con una cubierta de PVC duradera.<\/p>\n<p>Adem\u00e1s, est\u00e1 aprobado por HDMI ATC, ROHS y REACH y est\u00e1 respaldado por la garant\u00eda de 2 a\u00f1os de FARSINCE.<\/p>\n<p>En resumen, p\u00f3ngase en contacto con nosotros hoy mismo y solicite nuestro producto.<\/p>","protected":false},"excerpt":{"rendered":"<p>Descubra el cable HDMI hembra a hembra 4k de superficie FARSINCE, que ofrece un ancho de banda de 18 Gbps y una resoluci\u00f3n 4K@60Hz.<\/p>","protected":false},"featured_media":15617,"template":"","meta":{"_acf_changed":false,"_seopress_robots_primary_cat":"","_seopress_titles_title":"Best HDMI Female to Female 4k Cable - Farsince","_seopress_titles_desc":"Discover the FARSINCE surface HDMI Female to Female 4k Cable, offering a bandwidth of 18Gbps and 4K@60Hz resolution.","_seopress_robots_index":"","site-sidebar-layout":"default","site-content-layout":"default","ast-site-content-layout":"default","site-content-style":"default","site-sidebar-style":"default","ast-global-header-display":"","ast-banner-title-visibility":"","ast-main-header-display":"","ast-hfb-above-header-display":"","ast-hfb-below-header-display":"","ast-hfb-mobile-header-display":"","site-post-title":"","ast-breadcrumbs-content":"","ast-featured-img":"","footer-sml-layout":"","ast-disable-related-posts":"","theme-transparent-header-meta":"default","adv-header-id-meta":"","stick-header-meta":"","header-above-stick-meta":"","header-main-stick-meta":"","header-below-stick-meta":"","astra-migrate-meta-layouts":"set","ast-page-background-enabled":"default","ast-page-background-meta":{"desktop":{"background-color":"","background-image":"","background-repeat":"repeat","background-position":"center center","background-size":"auto","background-attachment":"scroll","background-type":"","background-media":"","overlay-type":"","overlay-color":"","overlay-opacity":"","overlay-gradient":""},"tablet":{"background-color":"","background-image":"","background-repeat":"repeat","background-position":"center center","background-size":"auto","background-attachment":"scroll","background-type":"","background-media":"","overlay-type":"","overlay-color":"","overlay-opacity":"","overlay-gradient":""},"mobile":{"background-color":"","background-image":"","background-repeat":"repeat","background-position":"center center","background-size":"auto","background-attachment":"scroll","background-type":"","background-media":"","overlay-type":"","overlay-color":"","overlay-opacity":"","overlay-gradient":""}},"ast-content-background-meta":{"desktop":{"background-color":"var(--ast-global-color-5)","background-image":"","background-repeat":"repeat","background-position":"center center","background-size":"auto","background-attachment":"scroll","background-type":"","background-media":"","overlay-type":"","overlay-color":"","overlay-opacity":"","overlay-gradient":""},"tablet":{"background-color":"var(--ast-global-color-5)","background-image":"","background-repeat":"repeat","background-position":"center center","background-size":"auto","background-attachment":"scroll","background-type":"","background-media":"","overlay-type":"","overlay-color":"","overlay-opacity":"","overlay-gradient":""},"mobile":{"background-color":"var(--ast-global-color-5)","background-image":"","background-repeat":"repeat","background-position":"center center","background-size":"auto","background-attachment":"scroll","background-type":"","background-media":"","overlay-type":"","overlay-color":"","overlay-opacity":"","overlay-gradient":""}},"iawp_total_views":13},"product_brand":[],"product_cat":[238,678],"product_tag":[],"class_list":{"0":"post-15606","1":"product","2":"type-product","3":"status-publish","4":"has-post-thumbnail","6":"product_cat-panel-mount","7":"product_cat-panel-mount-cables","8":"desktop-align-left","9":"tablet-align-left","10":"mobile-align-left","12":"first","13":"instock","14":"shipping-taxable","15":"purchasable","16":"product-type-simple"},"acf":[],"_links":{"self":[{"href":"https:\/\/www.fjpremium.com\/es\/wp-json\/wp\/v2\/product\/15606","targetHints":{"allow":["GET"]}}],"collection":[{"href":"https:\/\/www.fjpremium.com\/es\/wp-json\/wp\/v2\/product"}],"about":[{"href":"https:\/\/www.fjpremium.com\/es\/wp-json\/wp\/v2\/types\/product"}],"wp:featuredmedia":[{"embeddable":true,"href":"https:\/\/www.fjpremium.com\/es\/wp-json\/wp\/v2\/media\/15617"}],"wp:attachment":[{"href":"https:\/\/www.fjpremium.com\/es\/wp-json\/wp\/v2\/media?parent=15606"}],"wp:term":[{"taxonomy":"product_brand","embeddable":true,"href":"https:\/\/www.fjpremium.com\/es\/wp-json\/wp\/v2\/product_brand?post=15606"},{"taxonomy":"product_cat","embeddable":true,"href":"https:\/\/www.fjpremium.com\/es\/wp-json\/wp\/v2\/product_cat?post=15606"},{"taxonomy":"product_tag","embeddable":true,"href":"https:\/\/www.fjpremium.com\/es\/wp-json\/wp\/v2\/product_tag?post=15606"}],"curies":[{"name":"wp","href":"https:\/\/api.w.org\/{rel}","templated":true}]}}