{"id":15605,"date":"2020-08-06T10:29:12","date_gmt":"2020-08-06T02:29:12","guid":{"rendered":"https:\/\/www.fjpremium.com\/?post_type=product&#038;p=15605"},"modified":"2024-03-11T16:48:46","modified_gmt":"2024-03-11T08:48:46","slug":"farsince-hdmi-4k-female-to-hdmi-female-m3-screw-wall-mount-panel-mount-2-0-cable-female-socket-metal-exposed","status":"publish","type":"product","link":"https:\/\/www.fjpremium.com\/es\/product\/farsince-hdmi-4k-female-to-hdmi-female-m3-screw-wall-mount-panel-mount-2-0-cable-female-socket-metal-exposed\/","title":{"rendered":"Cable HDMI hembra a hembra Enchufe hembra Metal expuesto"},"content":{"rendered":"<div>\n<div data-section=\"AliMagic-e2mbdi\" data-section-title=\"Product Description\" data-spm-anchor-id=\"a2700.wholesale.pronpeci14.i0.12497ea6b9m5ly\">\n<p>Con un dise\u00f1o exclusivo que combina dos cables HDMI a trav\u00e9s de un panel, este cable garantiza una conexi\u00f3n segura y fiable, optimizada espec\u00edficamente para reducir la p\u00e9rdida de se\u00f1al.<\/p>\n<p>Su toma met\u00e1lica hembra queda al descubierto, lo que facilita el acceso y mejora el agarre.<\/p>\n<p>Adem\u00e1s, al estar fabricado con conductores de cobre de primera calidad y un blindaje completo, que incluye papel de aluminio, trenzado, una caja met\u00e1lica de blindaje y papel de cobre, garantiza la protecci\u00f3n contra interferencias EMI\/RFI.<\/p>\n<p>Los conectores chapados en oro de 24 K facilitan la transferencia de se\u00f1al superior, permitiendo resoluciones de v\u00eddeo de hasta 4K*2K@50\/60(2160p).<\/p>\n<p>El cable dorado mide 30 cm de largo y est\u00e1 envuelto en una cubierta de PVC resistente. Empaquetado en una bolsa de PE, cumple las homologaciones HDMI ATC, ROHS y REACH, y ofrece 2 a\u00f1os de garant\u00eda para asegurar su calidad.<\/p>\n<p>En resumen, p\u00f3ngase en contacto con nosotros hoy mismo e invierta en nuestro cable HDMI de hembra a hembra.<\/p>\n<\/div>\n<\/div>","protected":false},"excerpt":{"rendered":"<p>Presentamos el cable HDMI hembra a hembra FARSINCE, dise\u00f1ado por expertos para una p\u00e9rdida de se\u00f1al m\u00ednima, compatible con resoluciones 4K*2K@50\/60(2160p) y que ofrece protecci\u00f3n integral contra interferencias EMI\/RFI.<\/p>","protected":false},"featured_media":15609,"template":"","meta":{"_acf_changed":false,"_seopress_robots_primary_cat":"","_seopress_titles_title":"Best Female to Female HDMI Cable - Farsince","_seopress_titles_desc":"Presenting our female to female HDMI cable, expertly crafted for minimal signal loss, supporting 4K*2K@50\/60(2160p) resolutions.\n","_seopress_robots_index":"","site-sidebar-layout":"default","site-content-layout":"default","ast-site-content-layout":"default","site-content-style":"default","site-sidebar-style":"default","ast-global-header-display":"","ast-banner-title-visibility":"","ast-main-header-display":"","ast-hfb-above-header-display":"","ast-hfb-below-header-display":"","ast-hfb-mobile-header-display":"","site-post-title":"","ast-breadcrumbs-content":"","ast-featured-img":"","footer-sml-layout":"","ast-disable-related-posts":"","theme-transparent-header-meta":"default","adv-header-id-meta":"","stick-header-meta":"","header-above-stick-meta":"","header-main-stick-meta":"","header-below-stick-meta":"","astra-migrate-meta-layouts":"set","ast-page-background-enabled":"default","ast-page-background-meta":{"desktop":{"background-color":"","background-image":"","background-repeat":"repeat","background-position":"center center","background-size":"auto","background-attachment":"scroll","background-type":"","background-media":"","overlay-type":"","overlay-color":"","overlay-opacity":"","overlay-gradient":""},"tablet":{"background-color":"","background-image":"","background-repeat":"repeat","background-position":"center center","background-size":"auto","background-attachment":"scroll","background-type":"","background-media":"","overlay-type":"","overlay-color":"","overlay-opacity":"","overlay-gradient":""},"mobile":{"background-color":"","background-image":"","background-repeat":"repeat","background-position":"center center","background-size":"auto","background-attachment":"scroll","background-type":"","background-media":"","overlay-type":"","overlay-color":"","overlay-opacity":"","overlay-gradient":""}},"ast-content-background-meta":{"desktop":{"background-color":"var(--ast-global-color-5)","background-image":"","background-repeat":"repeat","background-position":"center center","background-size":"auto","background-attachment":"scroll","background-type":"","background-media":"","overlay-type":"","overlay-color":"","overlay-opacity":"","overlay-gradient":""},"tablet":{"background-color":"var(--ast-global-color-5)","background-image":"","background-repeat":"repeat","background-position":"center center","background-size":"auto","background-attachment":"scroll","background-type":"","background-media":"","overlay-type":"","overlay-color":"","overlay-opacity":"","overlay-gradient":""},"mobile":{"background-color":"var(--ast-global-color-5)","background-image":"","background-repeat":"repeat","background-position":"center center","background-size":"auto","background-attachment":"scroll","background-type":"","background-media":"","overlay-type":"","overlay-color":"","overlay-opacity":"","overlay-gradient":""}},"iawp_total_views":5},"product_brand":[],"product_cat":[238,678],"product_tag":[],"class_list":{"0":"post-15605","1":"product","2":"type-product","3":"status-publish","4":"has-post-thumbnail","6":"product_cat-panel-mount","7":"product_cat-panel-mount-cables","8":"desktop-align-left","9":"tablet-align-left","10":"mobile-align-left","12":"first","13":"instock","14":"shipping-taxable","15":"purchasable","16":"product-type-simple"},"acf":[],"_links":{"self":[{"href":"https:\/\/www.fjpremium.com\/es\/wp-json\/wp\/v2\/product\/15605","targetHints":{"allow":["GET"]}}],"collection":[{"href":"https:\/\/www.fjpremium.com\/es\/wp-json\/wp\/v2\/product"}],"about":[{"href":"https:\/\/www.fjpremium.com\/es\/wp-json\/wp\/v2\/types\/product"}],"wp:featuredmedia":[{"embeddable":true,"href":"https:\/\/www.fjpremium.com\/es\/wp-json\/wp\/v2\/media\/15609"}],"wp:attachment":[{"href":"https:\/\/www.fjpremium.com\/es\/wp-json\/wp\/v2\/media?parent=15605"}],"wp:term":[{"taxonomy":"product_brand","embeddable":true,"href":"https:\/\/www.fjpremium.com\/es\/wp-json\/wp\/v2\/product_brand?post=15605"},{"taxonomy":"product_cat","embeddable":true,"href":"https:\/\/www.fjpremium.com\/es\/wp-json\/wp\/v2\/product_cat?post=15605"},{"taxonomy":"product_tag","embeddable":true,"href":"https:\/\/www.fjpremium.com\/es\/wp-json\/wp\/v2\/product_tag?post=15605"}],"curies":[{"name":"wp","href":"https:\/\/api.w.org\/{rel}","templated":true}]}}