{"id":15589,"date":"2020-08-06T10:21:02","date_gmt":"2020-08-06T02:21:02","guid":{"rendered":"https:\/\/www.fjpremium.com\/?post_type=product&#038;p=15589"},"modified":"2024-03-11T17:04:43","modified_gmt":"2024-03-11T09:04:43","slug":"farsince-hdmi-classis-4k-female-to-hdmi-female-m3-screw-wall-mount-panel-mount-2-0-cable-flat-mount","status":"publish","type":"product","link":"https:\/\/www.fjpremium.com\/es\/product\/farsince-hdmi-classis-4k-female-to-hdmi-female-m3-screw-wall-mount-panel-mount-2-0-cable-flat-mount\/","title":{"rendered":"Conector HDMI hembra a hembra Cable de montaje plano"},"content":{"rendered":"<div data-section=\"AliMagic-yq8dvh\" data-section-title=\"Product Description\" data-spm-anchor-id=\"a2700.wholesale.pronpeci14.i0.72394306dxcRYq\">\n<div>\n<div data-section=\"AliMagic-ze5ttz\" data-section-title=\"Product Description\" data-spm-anchor-id=\"a2700.wholesale.pronpeci14.i0.6a30177chQ4VBh\">\n<p>Ideal para combinar dos cables HDMI a trav\u00e9s de un panel, nuestro cable de montaje plano est\u00e1 pensado para usted que necesita establecer una conexi\u00f3n de pantalla desde un lugar seguro.<\/p>\n<p>Su dise\u00f1o compacto minimiza significativamente la p\u00e9rdida de se\u00f1al a la vez que admite resoluciones de v\u00eddeo de hasta 4K*2K@50\/60(2160p).<\/p>\n<p>Adem\u00e1s, los conductores, totalmente blindados para una total inmunidad a las interferencias EMI\/RFI, junto con los conectores chapados en oro de 24 K, aseguran una transmisi\u00f3n de se\u00f1al superior.<\/p>\n<p>Fabricado con materiales de alta calidad, este cable garantiza un rendimiento duradero. Adem\u00e1s, cumple las normas del sector y est\u00e1 respaldado por la garant\u00eda de 2 a\u00f1os de FARSINCE.<\/p>\n<p>En resumen, p\u00f3ngase en contacto con nosotros hoy mismo y solicite el cable de conector HDMI hembra a hembra.<\/p>\n<\/div>\n<\/div>\n<\/div>","protected":false},"excerpt":{"rendered":"<p>Eleve la conectividad con el cable de conector HDMI hembra a hembra de FARSINCE, dise\u00f1ado para minimizar la p\u00e9rdida de se\u00f1al y admitir resoluciones 4K*2K@50\/60(2160p).<\/p>","protected":false},"featured_media":15601,"template":"","meta":{"_acf_changed":false,"_seopress_robots_primary_cat":"","_seopress_titles_title":"HDMI Connector Female to Female Cable Flat Mount - FARSINCE","_seopress_titles_desc":"","_seopress_robots_index":"","site-sidebar-layout":"default","site-content-layout":"default","ast-site-content-layout":"default","site-content-style":"default","site-sidebar-style":"default","ast-global-header-display":"","ast-banner-title-visibility":"","ast-main-header-display":"","ast-hfb-above-header-display":"","ast-hfb-below-header-display":"","ast-hfb-mobile-header-display":"","site-post-title":"","ast-breadcrumbs-content":"","ast-featured-img":"","footer-sml-layout":"","ast-disable-related-posts":"","theme-transparent-header-meta":"default","adv-header-id-meta":"","stick-header-meta":"","header-above-stick-meta":"","header-main-stick-meta":"","header-below-stick-meta":"","astra-migrate-meta-layouts":"set","ast-page-background-enabled":"default","ast-page-background-meta":{"desktop":{"background-color":"","background-image":"","background-repeat":"repeat","background-position":"center center","background-size":"auto","background-attachment":"scroll","background-type":"","background-media":"","overlay-type":"","overlay-color":"","overlay-opacity":"","overlay-gradient":""},"tablet":{"background-color":"","background-image":"","background-repeat":"repeat","background-position":"center center","background-size":"auto","background-attachment":"scroll","background-type":"","background-media":"","overlay-type":"","overlay-color":"","overlay-opacity":"","overlay-gradient":""},"mobile":{"background-color":"","background-image":"","background-repeat":"repeat","background-position":"center center","background-size":"auto","background-attachment":"scroll","background-type":"","background-media":"","overlay-type":"","overlay-color":"","overlay-opacity":"","overlay-gradient":""}},"ast-content-background-meta":{"desktop":{"background-color":"var(--ast-global-color-5)","background-image":"","background-repeat":"repeat","background-position":"center center","background-size":"auto","background-attachment":"scroll","background-type":"","background-media":"","overlay-type":"","overlay-color":"","overlay-opacity":"","overlay-gradient":""},"tablet":{"background-color":"var(--ast-global-color-5)","background-image":"","background-repeat":"repeat","background-position":"center center","background-size":"auto","background-attachment":"scroll","background-type":"","background-media":"","overlay-type":"","overlay-color":"","overlay-opacity":"","overlay-gradient":""},"mobile":{"background-color":"var(--ast-global-color-5)","background-image":"","background-repeat":"repeat","background-position":"center center","background-size":"auto","background-attachment":"scroll","background-type":"","background-media":"","overlay-type":"","overlay-color":"","overlay-opacity":"","overlay-gradient":""}},"iawp_total_views":8},"product_brand":[],"product_cat":[238,678],"product_tag":[],"class_list":{"0":"post-15589","1":"product","2":"type-product","3":"status-publish","4":"has-post-thumbnail","6":"product_cat-panel-mount","7":"product_cat-panel-mount-cables","8":"desktop-align-left","9":"tablet-align-left","10":"mobile-align-left","12":"first","13":"instock","14":"shipping-taxable","15":"purchasable","16":"product-type-simple"},"acf":[],"_links":{"self":[{"href":"https:\/\/www.fjpremium.com\/es\/wp-json\/wp\/v2\/product\/15589","targetHints":{"allow":["GET"]}}],"collection":[{"href":"https:\/\/www.fjpremium.com\/es\/wp-json\/wp\/v2\/product"}],"about":[{"href":"https:\/\/www.fjpremium.com\/es\/wp-json\/wp\/v2\/types\/product"}],"wp:featuredmedia":[{"embeddable":true,"href":"https:\/\/www.fjpremium.com\/es\/wp-json\/wp\/v2\/media\/15601"}],"wp:attachment":[{"href":"https:\/\/www.fjpremium.com\/es\/wp-json\/wp\/v2\/media?parent=15589"}],"wp:term":[{"taxonomy":"product_brand","embeddable":true,"href":"https:\/\/www.fjpremium.com\/es\/wp-json\/wp\/v2\/product_brand?post=15589"},{"taxonomy":"product_cat","embeddable":true,"href":"https:\/\/www.fjpremium.com\/es\/wp-json\/wp\/v2\/product_cat?post=15589"},{"taxonomy":"product_tag","embeddable":true,"href":"https:\/\/www.fjpremium.com\/es\/wp-json\/wp\/v2\/product_tag?post=15589"}],"curies":[{"name":"wp","href":"https:\/\/api.w.org\/{rel}","templated":true}]}}