{"id":15588,"date":"2020-08-06T10:21:01","date_gmt":"2020-08-06T02:21:01","guid":{"rendered":"https:\/\/www.fjpremium.com\/?post_type=product&#038;p=15588"},"modified":"2024-03-11T16:11:15","modified_gmt":"2024-03-11T08:11:15","slug":"farsince-hdmi-4k-female-to-hdmi-female-m3-screw-panel-mount-wall-mount-2-0-cable-female-snap-in","status":"publish","type":"product","link":"https:\/\/www.fjpremium.com\/es\/product\/farsince-hdmi-4k-female-to-hdmi-female-m3-screw-panel-mount-wall-mount-2-0-cable-female-snap-in\/","title":{"rendered":"Cable HDMI hembra a HDMI hembra Snap In"},"content":{"rendered":"<div>\n<div data-section=\"AliMagic-02dgdz\" data-section-title=\"Product Description\" data-spm-anchor-id=\"a2700.wholesale.pronpeci14.i0.7d1c5a66vycRur\">\n<p>Este cable le permite iniciar la conectividad de la pantalla desde un lugar seguro y cerrado.<\/p>\n<p>Su brevedad y dise\u00f1o son intencionados, con el objetivo de reducir al m\u00ednimo la p\u00e9rdida de se\u00f1al y, al mismo tiempo, admitir resoluciones de v\u00eddeo tan elevadas como 4K*2K@50\/60(2160p).<\/p>\n<p>Con materiales de calidad y una cuidada construcci\u00f3n, nuestro cable HDMI hembra a HDMI hembra promete un rendimiento duradero.<\/p>\n<p>Los conductores est\u00e1n totalmente blindados para resistir las interferencias EMI\/RFI, y los conectores chapados en oro de 24 K contribuyen a una transferencia de se\u00f1al superior.<\/p>\n<p>Adem\u00e1s, este vers\u00e1til cable de gran ancho de banda cumple las normas del sector y est\u00e1 reforzado por la garant\u00eda de 2 a\u00f1os de FARSINCE. En conclusi\u00f3n, p\u00f3ngase en contacto con nosotros hoy mismo y p\u00eddalo.<\/p>\n<\/div>\n<\/div>","protected":false},"excerpt":{"rendered":"<p>Consiga el cable hembra HDMI hembra a HDMI hembra de FARSINCE, dise\u00f1ado para reducir la p\u00e9rdida de se\u00f1al y compatible con resoluci\u00f3n 4K*2K@50\/60(2160p), una soluci\u00f3n de calidad para conectar dos cables HDMI a trav\u00e9s de un panel.<\/p>","protected":false},"featured_media":15594,"template":"","meta":{"_acf_changed":false,"_seopress_robots_primary_cat":"","_seopress_titles_title":"HDMI Female to HDMI Female Cable Female Snap In - FARSINCE","_seopress_titles_desc":"Get your hands on the FARSINCE HDMI female to HDMI female cable female snap in, a quality solution for connecting two HDMI cables via a panel. ","_seopress_robots_index":"","site-sidebar-layout":"default","site-content-layout":"default","ast-site-content-layout":"default","site-content-style":"default","site-sidebar-style":"default","ast-global-header-display":"","ast-banner-title-visibility":"","ast-main-header-display":"","ast-hfb-above-header-display":"","ast-hfb-below-header-display":"","ast-hfb-mobile-header-display":"","site-post-title":"","ast-breadcrumbs-content":"","ast-featured-img":"","footer-sml-layout":"","ast-disable-related-posts":"","theme-transparent-header-meta":"default","adv-header-id-meta":"","stick-header-meta":"","header-above-stick-meta":"","header-main-stick-meta":"","header-below-stick-meta":"","astra-migrate-meta-layouts":"set","ast-page-background-enabled":"default","ast-page-background-meta":{"desktop":{"background-color":"","background-image":"","background-repeat":"repeat","background-position":"center center","background-size":"auto","background-attachment":"scroll","background-type":"","background-media":"","overlay-type":"","overlay-color":"","overlay-opacity":"","overlay-gradient":""},"tablet":{"background-color":"","background-image":"","background-repeat":"repeat","background-position":"center center","background-size":"auto","background-attachment":"scroll","background-type":"","background-media":"","overlay-type":"","overlay-color":"","overlay-opacity":"","overlay-gradient":""},"mobile":{"background-color":"","background-image":"","background-repeat":"repeat","background-position":"center center","background-size":"auto","background-attachment":"scroll","background-type":"","background-media":"","overlay-type":"","overlay-color":"","overlay-opacity":"","overlay-gradient":""}},"ast-content-background-meta":{"desktop":{"background-color":"var(--ast-global-color-5)","background-image":"","background-repeat":"repeat","background-position":"center center","background-size":"auto","background-attachment":"scroll","background-type":"","background-media":"","overlay-type":"","overlay-color":"","overlay-opacity":"","overlay-gradient":""},"tablet":{"background-color":"var(--ast-global-color-5)","background-image":"","background-repeat":"repeat","background-position":"center center","background-size":"auto","background-attachment":"scroll","background-type":"","background-media":"","overlay-type":"","overlay-color":"","overlay-opacity":"","overlay-gradient":""},"mobile":{"background-color":"var(--ast-global-color-5)","background-image":"","background-repeat":"repeat","background-position":"center center","background-size":"auto","background-attachment":"scroll","background-type":"","background-media":"","overlay-type":"","overlay-color":"","overlay-opacity":"","overlay-gradient":""}},"iawp_total_views":10},"product_brand":[],"product_cat":[238,678],"product_tag":[],"class_list":{"0":"post-15588","1":"product","2":"type-product","3":"status-publish","4":"has-post-thumbnail","6":"product_cat-panel-mount","7":"product_cat-panel-mount-cables","8":"desktop-align-left","9":"tablet-align-left","10":"mobile-align-left","12":"first","13":"instock","14":"shipping-taxable","15":"purchasable","16":"product-type-simple"},"acf":[],"_links":{"self":[{"href":"https:\/\/www.fjpremium.com\/es\/wp-json\/wp\/v2\/product\/15588","targetHints":{"allow":["GET"]}}],"collection":[{"href":"https:\/\/www.fjpremium.com\/es\/wp-json\/wp\/v2\/product"}],"about":[{"href":"https:\/\/www.fjpremium.com\/es\/wp-json\/wp\/v2\/types\/product"}],"wp:featuredmedia":[{"embeddable":true,"href":"https:\/\/www.fjpremium.com\/es\/wp-json\/wp\/v2\/media\/15594"}],"wp:attachment":[{"href":"https:\/\/www.fjpremium.com\/es\/wp-json\/wp\/v2\/media?parent=15588"}],"wp:term":[{"taxonomy":"product_brand","embeddable":true,"href":"https:\/\/www.fjpremium.com\/es\/wp-json\/wp\/v2\/product_brand?post=15588"},{"taxonomy":"product_cat","embeddable":true,"href":"https:\/\/www.fjpremium.com\/es\/wp-json\/wp\/v2\/product_cat?post=15588"},{"taxonomy":"product_tag","embeddable":true,"href":"https:\/\/www.fjpremium.com\/es\/wp-json\/wp\/v2\/product_tag?post=15588"}],"curies":[{"name":"wp","href":"https:\/\/api.w.org\/{rel}","templated":true}]}}