{"id":15565,"date":"2020-08-06T10:09:32","date_gmt":"2020-08-06T02:09:32","guid":{"rendered":"https:\/\/www.fjpremium.com\/?post_type=product&#038;p=15565"},"modified":"2023-12-14T13:52:21","modified_gmt":"2023-12-14T05:52:21","slug":"farsince-3-rca-male-component-hd-av-cable-to-hdmi-converter-audio-video-cable-6-5ft-2m-support-1080p","status":"publish","type":"product","link":"https:\/\/www.fjpremium.com\/es\/product\/farsince-3-rca-male-component-hd-av-cable-to-hdmi-converter-audio-video-cable-6-5ft-2m-support-1080p\/","title":{"rendered":"3 RCA a HDMI Convertidor de Audio Video Cable 6.5ft\/2m Soporte 1080P"},"content":{"rendered":"<p>Con una impresionante longitud de 2 m, nuestro innovador cable convierte perfectamente las se\u00f1ales de audio y v\u00eddeo compuesto RCA, AV o 3RCA CVBS en una salida HDMI 1080P (60HZ).<\/p>\n<p>Incorpora un chipset HDMI a AV de alta calidad que admite entradas HDMI de 480i a 1080P y garantiza la sincronizaci\u00f3n del audio con el v\u00eddeo.<\/p>\n<p>Tambi\u00e9n es vers\u00e1til, compatible con todos los dispositivos HDMI y RCA, y admite los formatos de TV est\u00e1ndar NTSC y PAL.<\/p>\n<p>Sus especificaciones:<\/p>\n<ul>\n<li>Colores RCA: Rojo\/Blanco para sonido est\u00e9reo, Amarillo para v\u00eddeo<\/li>\n<li>Carcasa del adaptador: Carcasa ABS<\/li>\n<li>Conductor del cable: Cobre desnudo<\/li>\n<li>Cubierta: PVC<\/li>\n<li>DE: 4,7MM<\/li>\n<li>Resoluci\u00f3n: 1920*1080@60Hz<\/li>\n<li>Conforme: RoHS<\/li>\n<li>Embalaje: Bolsa con cremallera<\/li>\n<li>Garant\u00eda: 2 a\u00f1os<\/li>\n<\/ul>\n<p>Adem\u00e1s, la comodidad de un cable todo en uno significa que no se necesitan cables HDMI o RCA adicionales.<\/p>\n<p>Pero, por favor, tenga en cuenta que se requiere una fuente de alimentaci\u00f3n USB de 5V\/1A para su funcionamiento (no incluida). P\u00f3ngase en contacto con nosotros hoy mismo y a\u00f1ada el conversor de 3 RCA a HDMI a su inventario.<\/p>\n<p>&nbsp;<\/p>\n<p><strong>Contenido del paquete:<\/strong><\/p>\n<ul>\n<li>3 RCA a HDMI digital AV convertidor cable 2m x 1pcs<\/li>\n<li>Manual del usuario<\/li>\n<\/ul>","protected":false},"excerpt":{"rendered":"<p>Experimente capacidades de conversi\u00f3n incomparables con el cable de audio y video convertidor 3 RCA a HDMI de FARSINCE, que combina compatibilidad, calidad y conveniencia.<\/p>","protected":false},"featured_media":16554,"template":"","meta":{"_acf_changed":false,"_seopress_robots_primary_cat":"","_seopress_titles_title":"3 RCA to HDMI Converter Audio Video Cable - Farsince","_seopress_titles_desc":"Experience unparalleled conversion capabilities with our 3 RCA to HDMI converter audio video cable, which combines compatibility, quality, and convenience.","_seopress_robots_index":"","site-sidebar-layout":"default","site-content-layout":"default","ast-site-content-layout":"default","site-content-style":"default","site-sidebar-style":"default","ast-global-header-display":"","ast-banner-title-visibility":"","ast-main-header-display":"","ast-hfb-above-header-display":"","ast-hfb-below-header-display":"","ast-hfb-mobile-header-display":"","site-post-title":"","ast-breadcrumbs-content":"","ast-featured-img":"","footer-sml-layout":"","ast-disable-related-posts":"","theme-transparent-header-meta":"default","adv-header-id-meta":"","stick-header-meta":"","header-above-stick-meta":"","header-main-stick-meta":"","header-below-stick-meta":"","astra-migrate-meta-layouts":"set","ast-page-background-enabled":"default","ast-page-background-meta":{"desktop":{"background-color":"","background-image":"","background-repeat":"repeat","background-position":"center center","background-size":"auto","background-attachment":"scroll","background-type":"","background-media":"","overlay-type":"","overlay-color":"","overlay-opacity":"","overlay-gradient":""},"tablet":{"background-color":"","background-image":"","background-repeat":"repeat","background-position":"center center","background-size":"auto","background-attachment":"scroll","background-type":"","background-media":"","overlay-type":"","overlay-color":"","overlay-opacity":"","overlay-gradient":""},"mobile":{"background-color":"","background-image":"","background-repeat":"repeat","background-position":"center center","background-size":"auto","background-attachment":"scroll","background-type":"","background-media":"","overlay-type":"","overlay-color":"","overlay-opacity":"","overlay-gradient":""}},"ast-content-background-meta":{"desktop":{"background-color":"var(--ast-global-color-5)","background-image":"","background-repeat":"repeat","background-position":"center center","background-size":"auto","background-attachment":"scroll","background-type":"","background-media":"","overlay-type":"","overlay-color":"","overlay-opacity":"","overlay-gradient":""},"tablet":{"background-color":"var(--ast-global-color-5)","background-image":"","background-repeat":"repeat","background-position":"center center","background-size":"auto","background-attachment":"scroll","background-type":"","background-media":"","overlay-type":"","overlay-color":"","overlay-opacity":"","overlay-gradient":""},"mobile":{"background-color":"var(--ast-global-color-5)","background-image":"","background-repeat":"repeat","background-position":"center center","background-size":"auto","background-attachment":"scroll","background-type":"","background-media":"","overlay-type":"","overlay-color":"","overlay-opacity":"","overlay-gradient":""}},"iawp_total_views":9},"product_brand":[],"product_cat":[211,638],"product_tag":[],"class_list":{"0":"post-15565","1":"product","2":"type-product","3":"status-publish","4":"has-post-thumbnail","6":"product_cat-hdmi","7":"product_cat-hdmi-cables","8":"desktop-align-left","9":"tablet-align-left","10":"mobile-align-left","12":"first","13":"instock","14":"shipping-taxable","15":"purchasable","16":"product-type-simple"},"acf":[],"_links":{"self":[{"href":"https:\/\/www.fjpremium.com\/es\/wp-json\/wp\/v2\/product\/15565","targetHints":{"allow":["GET"]}}],"collection":[{"href":"https:\/\/www.fjpremium.com\/es\/wp-json\/wp\/v2\/product"}],"about":[{"href":"https:\/\/www.fjpremium.com\/es\/wp-json\/wp\/v2\/types\/product"}],"wp:featuredmedia":[{"embeddable":true,"href":"https:\/\/www.fjpremium.com\/es\/wp-json\/wp\/v2\/media\/16554"}],"wp:attachment":[{"href":"https:\/\/www.fjpremium.com\/es\/wp-json\/wp\/v2\/media?parent=15565"}],"wp:term":[{"taxonomy":"product_brand","embeddable":true,"href":"https:\/\/www.fjpremium.com\/es\/wp-json\/wp\/v2\/product_brand?post=15565"},{"taxonomy":"product_cat","embeddable":true,"href":"https:\/\/www.fjpremium.com\/es\/wp-json\/wp\/v2\/product_cat?post=15565"},{"taxonomy":"product_tag","embeddable":true,"href":"https:\/\/www.fjpremium.com\/es\/wp-json\/wp\/v2\/product_tag?post=15565"}],"curies":[{"name":"wp","href":"https:\/\/api.w.org\/{rel}","templated":true}]}}