{"id":15564,"date":"2020-08-06T10:09:31","date_gmt":"2020-08-06T02:09:31","guid":{"rendered":"https:\/\/www.fjpremium.com\/?post_type=product&#038;p=15564"},"modified":"2023-12-14T13:52:22","modified_gmt":"2023-12-14T05:52:22","slug":"farsince-hdmi-male-to-composite-3-rca-video-audio-av-converter-cable-adapter-6-5ft-2m-with-best-price-support-1080p","status":"publish","type":"product","link":"https:\/\/www.fjpremium.com\/es\/product\/farsince-hdmi-male-to-composite-3-rca-video-audio-av-converter-cable-adapter-6-5ft-2m-with-best-price-support-1080p\/","title":{"rendered":"1080P HDMI a 3 RCA Video Audio Cable Convertidor Adaptador 6.5ft\/2m"},"content":{"rendered":"<p>La herramienta 6.5ft\/2m es su respuesta para conectar nuevos dispositivos HDMI con televisores \/ pantallas de legado. Ingeniosamente dise\u00f1ada con un chipset HDMI a AV incorporado, convierte perfectamente las se\u00f1ales HDMI en se\u00f1ales anal\u00f3gicas RCA para dispositivos AV.<\/p>\n<p>Compatible con HDMI 1.3 y con entradas de 480i a 1080P, garantiza una sincronizaci\u00f3n perfecta del audio con el v\u00eddeo.<\/p>\n<p>Compatible con los formatos NTSC y PAL, es una soluci\u00f3n de cable todo en uno que elimina la necesidad de cables adicionales.<\/p>\n<p>Sus especificaciones:<\/p>\n<ul>\n<li>Colores RCA: Rojo\/Blanco para sonido est\u00e9reo, Amarillo para v\u00eddeo<\/li>\n<li>Carcasa del adaptador: Carcasa ABS<\/li>\n<li>Conductor del cable: Cobre desnudo<\/li>\n<li>Cubierta: PVC<\/li>\n<li>DE: 4,7MM<\/li>\n<li>Resoluci\u00f3n: 1920*1080@60Hz<\/li>\n<li>Conforme: RoHS<\/li>\n<li>Embalaje: Bolsa con cremallera<\/li>\n<li>Garant\u00eda: 2 a\u00f1os<\/li>\n<\/ul>\n<p>Adem\u00e1s, tenga en cuenta que requiere una fuente de alimentaci\u00f3n USB de 5 V\/1 A y no es compatible con 3D. En consecuencia, p\u00f3ngase en contacto con nosotros hoy mismo y solicite nuestro adaptador de cable convertidor de audio y v\u00eddeo HDMI a 3 RCA.<\/p>\n<p>&nbsp;<\/p>\n<p><strong>Contenido del paquete:<\/strong><\/p>\n<ul>\n<li>HDMI a 3 RCA cable convertidor AV digital 2m x 1pcs<\/li>\n<li>Manual del usuario<\/li>\n<\/ul>","protected":false},"excerpt":{"rendered":"<p>Aproveche el poder de la versatilidad con el adaptador de cable convertidor de audio y video HDMI 1080P a 3 RCA de FARSINCE, que promete una conversi\u00f3n perfecta de se\u00f1ales digitales a anal\u00f3gicas, audio y video sincronizado y compatibilidad con formato de TV dual.<\/p>","protected":false},"featured_media":16553,"template":"","meta":{"_acf_changed":false,"_seopress_robots_primary_cat":"","_seopress_titles_title":"HDMI to 3 RCA Video Audio Converter Cable Adapter - Farsince","_seopress_titles_desc":"Embrace the power of versatility with this 1080P HDMI to 3 RCA video audio converter cable adapter, promising seamless conversion from digital to analog signals","_seopress_robots_index":"","site-sidebar-layout":"default","site-content-layout":"default","ast-site-content-layout":"default","site-content-style":"default","site-sidebar-style":"default","ast-global-header-display":"","ast-banner-title-visibility":"","ast-main-header-display":"","ast-hfb-above-header-display":"","ast-hfb-below-header-display":"","ast-hfb-mobile-header-display":"","site-post-title":"","ast-breadcrumbs-content":"","ast-featured-img":"","footer-sml-layout":"","ast-disable-related-posts":"","theme-transparent-header-meta":"default","adv-header-id-meta":"","stick-header-meta":"","header-above-stick-meta":"","header-main-stick-meta":"","header-below-stick-meta":"","astra-migrate-meta-layouts":"set","ast-page-background-enabled":"default","ast-page-background-meta":{"desktop":{"background-color":"","background-image":"","background-repeat":"repeat","background-position":"center center","background-size":"auto","background-attachment":"scroll","background-type":"","background-media":"","overlay-type":"","overlay-color":"","overlay-opacity":"","overlay-gradient":""},"tablet":{"background-color":"","background-image":"","background-repeat":"repeat","background-position":"center center","background-size":"auto","background-attachment":"scroll","background-type":"","background-media":"","overlay-type":"","overlay-color":"","overlay-opacity":"","overlay-gradient":""},"mobile":{"background-color":"","background-image":"","background-repeat":"repeat","background-position":"center center","background-size":"auto","background-attachment":"scroll","background-type":"","background-media":"","overlay-type":"","overlay-color":"","overlay-opacity":"","overlay-gradient":""}},"ast-content-background-meta":{"desktop":{"background-color":"var(--ast-global-color-5)","background-image":"","background-repeat":"repeat","background-position":"center center","background-size":"auto","background-attachment":"scroll","background-type":"","background-media":"","overlay-type":"","overlay-color":"","overlay-opacity":"","overlay-gradient":""},"tablet":{"background-color":"var(--ast-global-color-5)","background-image":"","background-repeat":"repeat","background-position":"center center","background-size":"auto","background-attachment":"scroll","background-type":"","background-media":"","overlay-type":"","overlay-color":"","overlay-opacity":"","overlay-gradient":""},"mobile":{"background-color":"var(--ast-global-color-5)","background-image":"","background-repeat":"repeat","background-position":"center center","background-size":"auto","background-attachment":"scroll","background-type":"","background-media":"","overlay-type":"","overlay-color":"","overlay-opacity":"","overlay-gradient":""}},"iawp_total_views":23},"product_brand":[],"product_cat":[211,638],"product_tag":[],"class_list":{"0":"post-15564","1":"product","2":"type-product","3":"status-publish","4":"has-post-thumbnail","6":"product_cat-hdmi","7":"product_cat-hdmi-cables","8":"desktop-align-left","9":"tablet-align-left","10":"mobile-align-left","12":"first","13":"instock","14":"shipping-taxable","15":"purchasable","16":"product-type-simple"},"acf":[],"_links":{"self":[{"href":"https:\/\/www.fjpremium.com\/es\/wp-json\/wp\/v2\/product\/15564","targetHints":{"allow":["GET"]}}],"collection":[{"href":"https:\/\/www.fjpremium.com\/es\/wp-json\/wp\/v2\/product"}],"about":[{"href":"https:\/\/www.fjpremium.com\/es\/wp-json\/wp\/v2\/types\/product"}],"wp:featuredmedia":[{"embeddable":true,"href":"https:\/\/www.fjpremium.com\/es\/wp-json\/wp\/v2\/media\/16553"}],"wp:attachment":[{"href":"https:\/\/www.fjpremium.com\/es\/wp-json\/wp\/v2\/media?parent=15564"}],"wp:term":[{"taxonomy":"product_brand","embeddable":true,"href":"https:\/\/www.fjpremium.com\/es\/wp-json\/wp\/v2\/product_brand?post=15564"},{"taxonomy":"product_cat","embeddable":true,"href":"https:\/\/www.fjpremium.com\/es\/wp-json\/wp\/v2\/product_cat?post=15564"},{"taxonomy":"product_tag","embeddable":true,"href":"https:\/\/www.fjpremium.com\/es\/wp-json\/wp\/v2\/product_tag?post=15564"}],"curies":[{"name":"wp","href":"https:\/\/api.w.org\/{rel}","templated":true}]}}