{"id":15556,"date":"2020-08-06T10:02:07","date_gmt":"2020-08-06T02:02:07","guid":{"rendered":"https:\/\/www.fjpremium.com\/?post_type=product&#038;p=15556"},"modified":"2024-03-13T09:42:29","modified_gmt":"2024-03-13T01:42:29","slug":"usb-2-0-micro-usb-male-connector-to-micro-usb-b-female-connector-panel-mount-extension-data-cable-0-3m","status":"publish","type":"product","link":"https:\/\/www.fjpremium.com\/es\/product\/usb-2-0-micro-usb-male-connector-to-micro-usb-b-female-connector-panel-mount-extension-data-cable-0-3m\/","title":{"rendered":"USB 2.0 Micro USB Conector Macho a Hembra Montaje en Panel Extensi\u00f3n Cable de Datos 0.3m"},"content":{"rendered":"<div data-section=\"AliMagic-qdfe3x\" data-section-title=\"Product Description\" data-spm-anchor-id=\"a2700.wholesale.pronpeci14.i0.115b519aAiJ4va\">\n<p>Este conector ofrece la soluci\u00f3n perfecta para combinar dos cables Micro USB, permitiendo una conectividad segura a trav\u00e9s de un panel.<\/p>\n<p>Su corta longitud y su innovador dise\u00f1o aseguran una m\u00ednima p\u00e9rdida de se\u00f1al, garantizando un rendimiento \u00f3ptimo. Adem\u00e1s, proporciona una alta velocidad de transferencia de hasta 480 Mbps, lo que garantiza una transferencia de datos r\u00e1pida y eficaz.<\/p>\n<p>El conector USB 2.0 Micro USB se conecta f\u00e1cilmente a cualquier dispositivo USB, ofreciendo flexibilidad y comodidad.<\/p>\n<p>Construido con blindaje de l\u00e1mina y trenzado, proporciona inmunidad total a las interferencias EMI\/RFI, garantizando una transferencia de datos fiable y sin errores.<\/p>\n<p>Y la construcci\u00f3n de par trenzado reduce a\u00fan m\u00e1s la diafon\u00eda, garantizando una transmisi\u00f3n precisa y de alta velocidad.<\/p>\n<p>Adem\u00e1s, cada cable se somete a pruebas exhaustivas para cumplir las normas del sector y ofrecer un rendimiento excepcional. P\u00f3ngase en contacto con nosotros hoy mismo y mejore sus opciones de conectividad.<\/p>\n<\/div>\n<div data-section=\"AliMagic-qdfe3x\" data-section-title=\"Product Description\" data-spm-anchor-id=\"a2700.wholesale.pronpeci14.i0.115b519aAiJ4va\"><\/div>\n<div id=\"ali-anchor-AliMagic-qdfe3x\" class=\"magic-0\" data-section=\"AliMagic-qdfe3x\" data-section-title=\"Product Description\" data-spm-anchor-id=\"a2700.wholesale.pronpeci14.i0.115b519aAiJ4va\"><strong>Descripci\u00f3n del producto<\/strong><\/div>\n<div class=\"ife-detail-decorate-table\">\n<table class=\"all magic-4\">\n<tbody>\n<tr>\n<td colspan=\"1\" rowspan=\"1\">Plazo de entrega<\/td>\n<td colspan=\"1\" rowspan=\"1\">3-10 d\u00edas<\/td>\n<\/tr>\n<tr>\n<td colspan=\"1\" rowspan=\"1\">Especificaciones del cable<\/td>\n<td colspan=\"1\" rowspan=\"1\">Cobre 28AWG,<\/td>\n<\/tr>\n<tr>\n<td colspan=\"1\" rowspan=\"1\">\n<div class=\"magic-8\">Conector 1<\/div>\n<\/td>\n<td colspan=\"1\" rowspan=\"1\">\n<div class=\"magic-9\">\n<div class=\"magic-9\">Micro USB B Macho, niquelado<\/div>\n<\/div>\n<\/td>\n<\/tr>\n<tr>\n<td colspan=\"1\" rowspan=\"1\">\n<div class=\"magic-5\">Conector 1<\/div>\n<\/td>\n<td colspan=\"1\" rowspan=\"1\">\n<div class=\"magic-7\">\n<div class=\"magic-9\">Micro USB B hembra con tornillo, niquelado<\/div>\n<\/div>\n<\/td>\n<\/tr>\n<tr>\n<td colspan=\"1\" rowspan=\"1\">Tornillo\/tuerca<\/td>\n<td colspan=\"1\" rowspan=\"1\">M3<\/td>\n<\/tr>\n<tr>\n<td colspan=\"1\" rowspan=\"1\">\n<div class=\"magic-8\">Distancia del agujero<\/div>\n<\/td>\n<td colspan=\"1\" rowspan=\"1\">\n<div class=\"magic-9\">A: 17 MM, B: 27 MM<\/div>\n<\/td>\n<\/tr>\n<tr>\n<td colspan=\"1\" rowspan=\"1\">\n<div class=\"magic-8\">Longitud<\/div>\n<\/td>\n<td colspan=\"1\" rowspan=\"1\">\n<div class=\"magic-9\">30 cm<\/div>\n<\/td>\n<\/tr>\n<tr>\n<td colspan=\"1\" rowspan=\"1\">\n<div class=\"magic-8\">Paquete<\/div>\n<\/td>\n<td colspan=\"1\" rowspan=\"1\">\n<div class=\"magic-9\">Bolsa blanca con cremallera<\/div>\n<\/td>\n<\/tr>\n<tr>\n<td colspan=\"1\" rowspan=\"1\">\n<div class=\"magic-8\">Certificado<\/div>\n<\/td>\n<td colspan=\"1\" rowspan=\"1\">\n<div class=\"magic-9\">RoHS<\/div>\n<\/td>\n<\/tr>\n<tr>\n<td colspan=\"1\" rowspan=\"1\">\n<div class=\"magic-5\">Garant\u00eda<\/div>\n<\/td>\n<td colspan=\"1\" rowspan=\"1\">\n<div class=\"magic-7\">2 a\u00f1os<\/div>\n<\/td>\n<\/tr>\n<\/tbody>\n<\/table>\n<\/div>","protected":false},"excerpt":{"rendered":"<p>Libere el poder de la conectividad con el conector micro USB 2.0 de alta calidad de Farsince, que combina dos cables micro USB de forma segura a trav\u00e9s de un panel, lo que garantiza una transferencia de datos r\u00e1pida y sin errores.<\/p>","protected":false},"featured_media":15561,"template":"","meta":{"_acf_changed":false,"_seopress_robots_primary_cat":"","_seopress_titles_title":"USB 2.0 Micro USB Connector Male to Female - Farsince","_seopress_titles_desc":"Unlock the power of connectivity with the Farsince high-quality USB 2.0 Micro USB connector, combining two Micro USB cables securely through a panel.","_seopress_robots_index":"","site-sidebar-layout":"default","site-content-layout":"default","ast-site-content-layout":"default","site-content-style":"default","site-sidebar-style":"default","ast-global-header-display":"","ast-banner-title-visibility":"","ast-main-header-display":"","ast-hfb-above-header-display":"","ast-hfb-below-header-display":"","ast-hfb-mobile-header-display":"","site-post-title":"","ast-breadcrumbs-content":"","ast-featured-img":"","footer-sml-layout":"","ast-disable-related-posts":"","theme-transparent-header-meta":"default","adv-header-id-meta":"","stick-header-meta":"","header-above-stick-meta":"","header-main-stick-meta":"","header-below-stick-meta":"","astra-migrate-meta-layouts":"set","ast-page-background-enabled":"default","ast-page-background-meta":{"desktop":{"background-color":"","background-image":"","background-repeat":"repeat","background-position":"center center","background-size":"auto","background-attachment":"scroll","background-type":"","background-media":"","overlay-type":"","overlay-color":"","overlay-opacity":"","overlay-gradient":""},"tablet":{"background-color":"","background-image":"","background-repeat":"repeat","background-position":"center center","background-size":"auto","background-attachment":"scroll","background-type":"","background-media":"","overlay-type":"","overlay-color":"","overlay-opacity":"","overlay-gradient":""},"mobile":{"background-color":"","background-image":"","background-repeat":"repeat","background-position":"center center","background-size":"auto","background-attachment":"scroll","background-type":"","background-media":"","overlay-type":"","overlay-color":"","overlay-opacity":"","overlay-gradient":""}},"ast-content-background-meta":{"desktop":{"background-color":"var(--ast-global-color-5)","background-image":"","background-repeat":"repeat","background-position":"center center","background-size":"auto","background-attachment":"scroll","background-type":"","background-media":"","overlay-type":"","overlay-color":"","overlay-opacity":"","overlay-gradient":""},"tablet":{"background-color":"var(--ast-global-color-5)","background-image":"","background-repeat":"repeat","background-position":"center center","background-size":"auto","background-attachment":"scroll","background-type":"","background-media":"","overlay-type":"","overlay-color":"","overlay-opacity":"","overlay-gradient":""},"mobile":{"background-color":"var(--ast-global-color-5)","background-image":"","background-repeat":"repeat","background-position":"center center","background-size":"auto","background-attachment":"scroll","background-type":"","background-media":"","overlay-type":"","overlay-color":"","overlay-opacity":"","overlay-gradient":""}},"iawp_total_views":7},"product_brand":[],"product_cat":[238,678],"product_tag":[],"class_list":{"0":"post-15556","1":"product","2":"type-product","3":"status-publish","4":"has-post-thumbnail","6":"product_cat-panel-mount","7":"product_cat-panel-mount-cables","8":"desktop-align-left","9":"tablet-align-left","10":"mobile-align-left","12":"first","13":"instock","14":"shipping-taxable","15":"purchasable","16":"product-type-simple"},"acf":[],"_links":{"self":[{"href":"https:\/\/www.fjpremium.com\/es\/wp-json\/wp\/v2\/product\/15556","targetHints":{"allow":["GET"]}}],"collection":[{"href":"https:\/\/www.fjpremium.com\/es\/wp-json\/wp\/v2\/product"}],"about":[{"href":"https:\/\/www.fjpremium.com\/es\/wp-json\/wp\/v2\/types\/product"}],"wp:featuredmedia":[{"embeddable":true,"href":"https:\/\/www.fjpremium.com\/es\/wp-json\/wp\/v2\/media\/15561"}],"wp:attachment":[{"href":"https:\/\/www.fjpremium.com\/es\/wp-json\/wp\/v2\/media?parent=15556"}],"wp:term":[{"taxonomy":"product_brand","embeddable":true,"href":"https:\/\/www.fjpremium.com\/es\/wp-json\/wp\/v2\/product_brand?post=15556"},{"taxonomy":"product_cat","embeddable":true,"href":"https:\/\/www.fjpremium.com\/es\/wp-json\/wp\/v2\/product_cat?post=15556"},{"taxonomy":"product_tag","embeddable":true,"href":"https:\/\/www.fjpremium.com\/es\/wp-json\/wp\/v2\/product_tag?post=15556"}],"curies":[{"name":"wp","href":"https:\/\/api.w.org\/{rel}","templated":true}]}}