{"id":15542,"date":"2020-10-06T09:51:44","date_gmt":"2020-10-06T01:51:44","guid":{"rendered":"https:\/\/www.fjpremium.com\/?post_type=product&#038;p=15542"},"modified":"2023-12-14T13:51:44","modified_gmt":"2023-12-14T05:51:44","slug":"best-emi-suppressor-high-speed-computer-cable-for-ps4-with-ethernet-ultra-hd-3d-4k60hz-2-0-hdmi-cable-gold-plated-1-5-meter","status":"publish","type":"product","link":"https:\/\/www.fjpremium.com\/es\/product\/best-emi-suppressor-high-speed-computer-cable-for-ps4-with-ethernet-ultra-hd-3d-4k60hz-2-0-hdmi-cable-gold-plated-1-5-meter\/","title":{"rendered":"Venta caliente Cables Mejor 4K 60hz cable HDMI con Ethernet para 3D"},"content":{"rendered":"<p>Dise\u00f1ado para optimizar el cine en casa o las aplicaciones de audio y v\u00eddeo de sobremesa, nuestro cable admite funciones HDMI de alta velocidad, conectividad Ethernet y resoluciones 4K@60Hz.<\/p>\n<p>Con un ancho de banda de hasta 18 Gbps, ofrece una excelente fluidez de v\u00eddeo, con la relaci\u00f3n de aspecto cinematogr\u00e1fico 21:9. Adem\u00e1s, sus funciones Ethernet facilitan el acceso a contenidos interactivos en l\u00ednea o la actualizaci\u00f3n del firmware de los dispositivos. Adem\u00e1s, sus funciones Ethernet facilitan el acceso a contenidos interactivos en l\u00ednea o la actualizaci\u00f3n del firmware del dispositivo, lo que permite conectar con un solo cable varios dispositivos HDMI con Ethernet.<\/p>\n<p>Este vers\u00e1til cable HDMI 4K 60hz es igualmente apto para el apilamiento de conmutadores de red con equipos compatibles.<\/p>\n<p>Respaldado por una garant\u00eda de 2 a\u00f1os y conforme a RoHS y REACH, promete un rendimiento constante y conforme a las normas del sector.<\/p>\n<p>Sus especificaciones:<\/p>\n<ul>\n<li>Contacto dorado, carcasa dorada<\/li>\n<li>Conductor del cable: Cobre libre de ox\u00edgeno de alta pureza<\/li>\n<li>Calibre del cable: 30AWG(1-3M), 28\/30AWG(5M), 26\/28AWG(7.5-10m)<\/li>\n<li>Triple apantallado: l\u00e1mina AL trenzada, l\u00e1mina AL total, trenzado<\/li>\n<li>Cubierta: PVC<\/li>\n<\/ul>\n<p>Adem\u00e1s, puedes sentir el impacto de Dolby\u00ae TrueHD y DTS-HD Master Audio\u2122 y saborear la sincron\u00eda afinada de audio y v\u00eddeo.<\/p>\n<p>En resumen, p\u00f3ngase en contacto con nosotros hoy mismo y convi\u00e9rtalo en su elecci\u00f3n para disfrutar de un multimedia vibrante y de alta definici\u00f3n.<\/p>","protected":false},"excerpt":{"rendered":"<p>Intensifique la conectividad multimedia con el cable HDMI 4K 60hz de FARSINCE, que ofrece calidad de v\u00eddeo similar al cine y sincronizaci\u00f3n perfecta de audio y v\u00eddeo.<\/p>","protected":false},"featured_media":15549,"template":"","meta":{"_acf_changed":false,"_seopress_robots_primary_cat":"","_seopress_titles_title":"Best 4K 60hz HDMI Cable with Ethernet for 3D - Farsince","_seopress_titles_desc":"","_seopress_robots_index":"","site-sidebar-layout":"default","site-content-layout":"default","ast-site-content-layout":"default","site-content-style":"default","site-sidebar-style":"default","ast-global-header-display":"","ast-banner-title-visibility":"","ast-main-header-display":"","ast-hfb-above-header-display":"","ast-hfb-below-header-display":"","ast-hfb-mobile-header-display":"","site-post-title":"","ast-breadcrumbs-content":"","ast-featured-img":"","footer-sml-layout":"","ast-disable-related-posts":"","theme-transparent-header-meta":"default","adv-header-id-meta":"","stick-header-meta":"","header-above-stick-meta":"","header-main-stick-meta":"","header-below-stick-meta":"","astra-migrate-meta-layouts":"set","ast-page-background-enabled":"default","ast-page-background-meta":{"desktop":{"background-color":"","background-image":"","background-repeat":"repeat","background-position":"center center","background-size":"auto","background-attachment":"scroll","background-type":"","background-media":"","overlay-type":"","overlay-color":"","overlay-opacity":"","overlay-gradient":""},"tablet":{"background-color":"","background-image":"","background-repeat":"repeat","background-position":"center center","background-size":"auto","background-attachment":"scroll","background-type":"","background-media":"","overlay-type":"","overlay-color":"","overlay-opacity":"","overlay-gradient":""},"mobile":{"background-color":"","background-image":"","background-repeat":"repeat","background-position":"center center","background-size":"auto","background-attachment":"scroll","background-type":"","background-media":"","overlay-type":"","overlay-color":"","overlay-opacity":"","overlay-gradient":""}},"ast-content-background-meta":{"desktop":{"background-color":"var(--ast-global-color-5)","background-image":"","background-repeat":"repeat","background-position":"center center","background-size":"auto","background-attachment":"scroll","background-type":"","background-media":"","overlay-type":"","overlay-color":"","overlay-opacity":"","overlay-gradient":""},"tablet":{"background-color":"var(--ast-global-color-5)","background-image":"","background-repeat":"repeat","background-position":"center center","background-size":"auto","background-attachment":"scroll","background-type":"","background-media":"","overlay-type":"","overlay-color":"","overlay-opacity":"","overlay-gradient":""},"mobile":{"background-color":"var(--ast-global-color-5)","background-image":"","background-repeat":"repeat","background-position":"center center","background-size":"auto","background-attachment":"scroll","background-type":"","background-media":"","overlay-type":"","overlay-color":"","overlay-opacity":"","overlay-gradient":""}},"iawp_total_views":6},"product_brand":[],"product_cat":[211,638],"product_tag":[],"class_list":{"0":"post-15542","1":"product","2":"type-product","3":"status-publish","4":"has-post-thumbnail","6":"product_cat-hdmi","7":"product_cat-hdmi-cables","8":"desktop-align-left","9":"tablet-align-left","10":"mobile-align-left","12":"first","13":"instock","14":"shipping-taxable","15":"purchasable","16":"product-type-simple"},"acf":[],"_links":{"self":[{"href":"https:\/\/www.fjpremium.com\/es\/wp-json\/wp\/v2\/product\/15542","targetHints":{"allow":["GET"]}}],"collection":[{"href":"https:\/\/www.fjpremium.com\/es\/wp-json\/wp\/v2\/product"}],"about":[{"href":"https:\/\/www.fjpremium.com\/es\/wp-json\/wp\/v2\/types\/product"}],"wp:featuredmedia":[{"embeddable":true,"href":"https:\/\/www.fjpremium.com\/es\/wp-json\/wp\/v2\/media\/15549"}],"wp:attachment":[{"href":"https:\/\/www.fjpremium.com\/es\/wp-json\/wp\/v2\/media?parent=15542"}],"wp:term":[{"taxonomy":"product_brand","embeddable":true,"href":"https:\/\/www.fjpremium.com\/es\/wp-json\/wp\/v2\/product_brand?post=15542"},{"taxonomy":"product_cat","embeddable":true,"href":"https:\/\/www.fjpremium.com\/es\/wp-json\/wp\/v2\/product_cat?post=15542"},{"taxonomy":"product_tag","embeddable":true,"href":"https:\/\/www.fjpremium.com\/es\/wp-json\/wp\/v2\/product_tag?post=15542"}],"curies":[{"name":"wp","href":"https:\/\/api.w.org\/{rel}","templated":true}]}}