{"id":15541,"date":"2020-08-06T09:51:42","date_gmt":"2020-08-06T01:51:42","guid":{"rendered":"https:\/\/www.fjpremium.com\/?post_type=product&#038;p=15541"},"modified":"2024-03-15T11:30:21","modified_gmt":"2024-03-15T03:30:21","slug":"hdmi-2-0-panel-mount-coupler-adapter-female-to-female-hdmi-wall-mount-connector-short-body-gold-plated-connector-4k-3d","status":"publish","type":"product","link":"https:\/\/www.fjpremium.com\/es\/product\/hdmi-2-0-panel-mount-coupler-adapter-female-to-female-hdmi-wall-mount-connector-short-body-gold-plated-connector-4k-3d\/","title":{"rendered":"HDMI 2.0 de montaje en panel adaptador de acoplador hembra a hembra HDMI Conector de pared de cuerpo corto chapado en oro conector 4K 3D"},"content":{"rendered":"<div data-section=\"AliMagic-yq8dvh\" data-section-title=\"Product Description\" data-spm-anchor-id=\"a2700.wholesale.pronpeci14.i0.72394306dxcRYq\">\n<p>Nuestro conector ofrece la soluci\u00f3n ideal para combinar dos cables HDMI y conseguir conectividad a trav\u00e9s de un panel. Ahora, puede proporcionar conectividad de pantalla sin esfuerzo desde una ubicaci\u00f3n segura.<\/p>\n<p>El cuidadoso dise\u00f1o de este conector HDMI de pared asegura una p\u00e9rdida m\u00ednima de se\u00f1al, garantizando un rendimiento \u00f3ptimo.<\/p>\n<p>Es compatible con impresionantes resoluciones de v\u00eddeo de hasta 4K*2K@50\/60 (2160p), lo que proporciona una claridad impresionante y detalles v\u00edvidos.<\/p>\n<p>Los conectores chapados en oro de 24 quilates ofrecen una transferencia de se\u00f1al superior, lo que garantiza una experiencia de visualizaci\u00f3n perfecta e ininterrumpida.<\/p>\n<p>Cada conector se somete a pruebas exhaustivas para cumplir las normas del sector, lo que garantiza un funcionamiento fiable.<\/p>\n<p>Adem\u00e1s, puede confiar en nuestra garant\u00eda de 2 a\u00f1os para una tranquilidad inigualable. As\u00ed pues, p\u00f3ngase en contacto con nosotros hoy mismo y p\u00eddalo.<\/p>\n<\/div>\n<div data-section=\"AliMagic-yq8dvh\" data-section-title=\"Product Description\" data-spm-anchor-id=\"a2700.wholesale.pronpeci14.i0.72394306dxcRYq\"><\/div>\n<div id=\"ali-anchor-AliMagic-yq8dvh\" class=\"magic-0\" data-section=\"AliMagic-yq8dvh\" data-section-title=\"Product Description\" data-spm-anchor-id=\"a2700.wholesale.pronpeci14.i0.72394306dxcRYq\"><strong>Descripci\u00f3n del producto<\/strong><\/div>\n<div class=\"ife-detail-decorate-table\">\n<table class=\"all magic-4\" style=\"height: 283px;\" width=\"780\">\n<tbody>\n<tr>\n<td colspan=\"1\" rowspan=\"1\">Plazo de entrega<\/td>\n<td colspan=\"1\" rowspan=\"1\">7-10 d\u00edas<\/td>\n<\/tr>\n<tr>\n<td colspan=\"1\" rowspan=\"1\">Conector 1<\/td>\n<td colspan=\"1\" rowspan=\"1\">HDMI hembra, chapado en oro<\/td>\n<\/tr>\n<tr>\n<td colspan=\"1\" rowspan=\"1\"><span class=\"magic-6\" data-spm-anchor-id=\"a2700.siteadmin.0.i8.49fc3333DMAnrI\">Conector 2<\/span><\/td>\n<td colspan=\"1\" rowspan=\"1\">HDMI hembra, chapado en oro<\/td>\n<\/tr>\n<tr>\n<td colspan=\"1\" rowspan=\"1\">longitud<\/td>\n<td colspan=\"1\" rowspan=\"1\">Acoplador<\/td>\n<\/tr>\n<tr>\n<td colspan=\"1\" rowspan=\"1\">\n<div class=\"magic-8\">Certificado<\/div>\n<\/td>\n<td colspan=\"1\" rowspan=\"1\">\n<div class=\"magic-9\">\n<div class=\"magic-8\"><span style=\"font-size: 16px; font-family: inherit;\">RoHS<\/span><\/div>\n<\/div>\n<\/td>\n<\/tr>\n<\/tbody>\n<\/table>\n<\/div>","protected":false},"excerpt":{"rendered":"<p>Consiga una conectividad de pantalla perfecta con el conector de pared HDMI de alta calidad de FARSINCE, que ofrece una asombrosa resoluci\u00f3n 4K*2K@50\/60 (2160p).<\/p>","protected":false},"featured_media":15543,"template":"","meta":{"_acf_changed":false,"_seopress_robots_primary_cat":"","_seopress_titles_title":"Female to Female HDMI Wall Connector - Farsince","_seopress_titles_desc":"","_seopress_robots_index":"","site-sidebar-layout":"default","site-content-layout":"default","ast-site-content-layout":"default","site-content-style":"default","site-sidebar-style":"default","ast-global-header-display":"","ast-banner-title-visibility":"","ast-main-header-display":"","ast-hfb-above-header-display":"","ast-hfb-below-header-display":"","ast-hfb-mobile-header-display":"","site-post-title":"","ast-breadcrumbs-content":"","ast-featured-img":"","footer-sml-layout":"","ast-disable-related-posts":"","theme-transparent-header-meta":"default","adv-header-id-meta":"","stick-header-meta":"","header-above-stick-meta":"","header-main-stick-meta":"","header-below-stick-meta":"","astra-migrate-meta-layouts":"set","ast-page-background-enabled":"default","ast-page-background-meta":{"desktop":{"background-color":"","background-image":"","background-repeat":"repeat","background-position":"center center","background-size":"auto","background-attachment":"scroll","background-type":"","background-media":"","overlay-type":"","overlay-color":"","overlay-opacity":"","overlay-gradient":""},"tablet":{"background-color":"","background-image":"","background-repeat":"repeat","background-position":"center center","background-size":"auto","background-attachment":"scroll","background-type":"","background-media":"","overlay-type":"","overlay-color":"","overlay-opacity":"","overlay-gradient":""},"mobile":{"background-color":"","background-image":"","background-repeat":"repeat","background-position":"center center","background-size":"auto","background-attachment":"scroll","background-type":"","background-media":"","overlay-type":"","overlay-color":"","overlay-opacity":"","overlay-gradient":""}},"ast-content-background-meta":{"desktop":{"background-color":"var(--ast-global-color-5)","background-image":"","background-repeat":"repeat","background-position":"center center","background-size":"auto","background-attachment":"scroll","background-type":"","background-media":"","overlay-type":"","overlay-color":"","overlay-opacity":"","overlay-gradient":""},"tablet":{"background-color":"var(--ast-global-color-5)","background-image":"","background-repeat":"repeat","background-position":"center center","background-size":"auto","background-attachment":"scroll","background-type":"","background-media":"","overlay-type":"","overlay-color":"","overlay-opacity":"","overlay-gradient":""},"mobile":{"background-color":"var(--ast-global-color-5)","background-image":"","background-repeat":"repeat","background-position":"center center","background-size":"auto","background-attachment":"scroll","background-type":"","background-media":"","overlay-type":"","overlay-color":"","overlay-opacity":"","overlay-gradient":""}},"iawp_total_views":7},"product_brand":[],"product_cat":[238,679],"product_tag":[],"class_list":{"0":"post-15541","1":"product","2":"type-product","3":"status-publish","4":"has-post-thumbnail","6":"product_cat-panel-mount","7":"product_cat-panel-mount-couplers","8":"desktop-align-left","9":"tablet-align-left","10":"mobile-align-left","12":"first","13":"instock","14":"shipping-taxable","15":"purchasable","16":"product-type-simple"},"acf":[],"_links":{"self":[{"href":"https:\/\/www.fjpremium.com\/es\/wp-json\/wp\/v2\/product\/15541","targetHints":{"allow":["GET"]}}],"collection":[{"href":"https:\/\/www.fjpremium.com\/es\/wp-json\/wp\/v2\/product"}],"about":[{"href":"https:\/\/www.fjpremium.com\/es\/wp-json\/wp\/v2\/types\/product"}],"wp:featuredmedia":[{"embeddable":true,"href":"https:\/\/www.fjpremium.com\/es\/wp-json\/wp\/v2\/media\/15543"}],"wp:attachment":[{"href":"https:\/\/www.fjpremium.com\/es\/wp-json\/wp\/v2\/media?parent=15541"}],"wp:term":[{"taxonomy":"product_brand","embeddable":true,"href":"https:\/\/www.fjpremium.com\/es\/wp-json\/wp\/v2\/product_brand?post=15541"},{"taxonomy":"product_cat","embeddable":true,"href":"https:\/\/www.fjpremium.com\/es\/wp-json\/wp\/v2\/product_cat?post=15541"},{"taxonomy":"product_tag","embeddable":true,"href":"https:\/\/www.fjpremium.com\/es\/wp-json\/wp\/v2\/product_tag?post=15541"}],"curies":[{"name":"wp","href":"https:\/\/api.w.org\/{rel}","templated":true}]}}